{"id":10364,"date":"2017-05-18T22:00:09","date_gmt":"2017-05-18T20:00:09","guid":{"rendered":"http:\/\/www.film-felix.com\/?product=vienna-wiental-81012"},"modified":"2025-07-15T12:37:57","modified_gmt":"2025-07-15T10:37:57","slug":"vienna-wiental-81012","status":"publish","type":"product","link":"http:\/\/www.film-felix.com\/?product=vienna-wiental-81012","title":{"rendered":"Vienna, Wiental 81012 Subway U4 Upright Size"},"content":{"rendered":"<p><span style=\"color: #000000;\">Vienna, Austria<\/span><\/p>\n<p id=\"tw-target-text\" class=\"tw-data-text tw-text-large tw-ta\" dir=\"ltr\" data-placeholder=\"\u00dcbersetzung\" data-ved=\"2ahUKEwik3NvP076OAxVaVvEDHUPpLD0Q3ewLegQICRAU\" aria-label=\"\u00dcbersetzter Text: \u041b\u0456\u043d\u0456\u044f \u043c\u0435\u0442\u0440\u043e U4, \u0449\u043e \u043f\u0440\u044f\u043c\u0443\u0454 \u043d\u0430 \u0437\u0430\u0445\u0456\u0434 (\u043f\u043e\u043a\u0438\u0434\u0430\u044e\u0447\u0438 \u043f\u043e\u0437\u0438\u0446\u0456\u044e \u043a\u0430\u043c\u0435\u0440\u0438), \u043c\u0456\u0436 \u0441\u0442\u0430\u043d\u0446\u0456\u044f\u043c\u0438 \u0428\u0435\u043d\u0431\u0440\u0443\u043d\u043d \u0442\u0430 \u041f\u0456\u043b\u044c\u0433\u0440\u0430\u043c\u0433\u0430\u0441\u0441\u0435. \u0426\u0435 \u043f\u043e\u0457\u0437\u0434 \u0442\u0438\u043f\u0443 V, \u043f\u0435\u0440\u0448\u0430 \u043f\u043e\u0441\u0442\u0430\u0432\u043a\u0430 \u044f\u043a\u043e\u0433\u043e \u0432\u0456\u0434\u0431\u0443\u043b\u0430\u0441\u044f \u0443 2000 \u0440\u043e\u0446\u0456.\"><span class=\"Y2IQFc\" lang=\"uk\" style=\"color: #000000;\">\u041b\u0456\u043d\u0456\u044f \u043c\u0435\u0442\u0440\u043e U4, \u0449\u043e \u043f\u0440\u044f\u043c\u0443\u0454 \u043d\u0430 \u0437\u0430\u0445\u0456\u0434 (\u043f\u043e\u043a\u0438\u0434\u0430\u044e\u0447\u0438 \u043f\u043e\u0437\u0438\u0446\u0456\u044e \u043a\u0430\u043c\u0435\u0440\u0438), \u043c\u0456\u0436 \u0441\u0442\u0430\u043d\u0446\u0456\u044f\u043c\u0438 \u0428\u0435\u043d\u0431\u0440\u0443\u043d\u043d \u0442\u0430 \u041f\u0456\u043b\u044c\u0433\u0440\u0430\u043c\u0433\u0430\u0441\u0441\u0435. \u0426\u0435 \u043f\u043e\u0457\u0437\u0434 \u0442\u0438\u043f\u0443 V, \u043f\u0435\u0440\u0448\u0430 \u043f\u043e\u0441\u0442\u0430\u0432\u043a\u0430 \u044f\u043a\u043e\u0433\u043e \u0432\u0456\u0434\u0431\u0443\u043b\u0430\u0441\u044f \u0443 2000 \u0440\u043e\u0446\u0456.<\/span><\/p>\n<p id=\"tw-target-text\" class=\"tw-data-text tw-text-large tw-ta\" dir=\"ltr\" data-placeholder=\"\u00dcbersetzung\" data-ved=\"2ahUKEwik3NvP076OAxVaVvEDHUPpLD0Q3ewLegQICRAU\" aria-label=\"\u00dcbersetzter Text: La l\u00ednea U4 del metro en direcci\u00f3n oeste (desde la posici\u00f3n de la c\u00e1mara), entre las estaciones de Sch\u00f6nbrunn y Pilgramgasse. Este es un tren tipo V, cuya primera entrega se produjo en el a\u00f1o 2000.\"><span class=\"Y2IQFc\" lang=\"es\" style=\"color: #000000;\">La l\u00ednea U4 del metro en direcci\u00f3n oeste (desde la posici\u00f3n de la c\u00e1mara), entre las estaciones de Sch\u00f6nbrunn y Pilgramgasse. Este es un tren tipo V, cuya primera entrega se produjo en el a\u00f1o 2000.<\/span><\/p>\n<p id=\"tw-target-text\" class=\"tw-data-text tw-text-large tw-ta\" dir=\"ltr\" data-placeholder=\"\u00dcbersetzung\" data-ved=\"2ahUKEwik3NvP076OAxVaVvEDHUPpLD0Q3ewLegQICRAU\" aria-label=\"\u00dcbersetzter Text: Die U-Bahnlinie U4 f\u00e4hrt Richtung Osten (n\u00e4hert sich der Kameraposition) zwischen den Stationen Sch\u00f6nbrunn und Pilgramgasse. Es handelt sich um einen U-Zug, Erstauslieferung 1986.\"><span class=\"Y2IQFc\" lang=\"de\" style=\"color: #000000;\">Die U-Bahnlinie U4 f\u00e4hrt Richtung Westen (weg von der Kameraposition) zwischen den Stationen Sch\u00f6nbrunn und Pilgramgasse. Es handelt sich um eine sogenannte V-Type, Erstauslieferung 2000.<\/span><\/p>\n<p><span style=\"color: #000000;\">The subway line U4 going westwards (leaving the camera position), between the stations Sch\u00f6nbrunn and Pilgramgasse. This is a V type train, first delivery in 2000.<\/span><br \/>\n<span style=\"color: #000000;\"><strong>Upright Size<\/strong>.<\/span><\/p>\n<p><span style=\"color: #000000;\">For other data formats please email me <span style=\"color: #0000ff;\"><a style=\"color: #0000ff;\" href=\"mailto:office@film-felix.com\" target=\"_blank\" rel=\"noopener\"><strong>here<\/strong><\/a><\/span>.<\/span><\/p>\n<p><span style=\"color: #000000;\">COMMERCIAL USE<\/span><br \/>\n<span style=\"color: #000000;\">For commercial use. <span style=\"color: #0000ff;\"><a style=\"color: #0000ff;\" href=\"http:\/\/www.film-felix.com\/?page_id=1185\" target=\"_blank\" rel=\"noopener\"><strong>What is commercial use?<\/strong><\/a><\/span><\/span><\/p>\n<p><span style=\"color: #000000;\"><strong>YOUR FREE max.20sec TRAILER DOWNLOAD<\/strong> comes zipped and with a text insert.<br \/>\nDownload here a <span style=\"color: #0000ff;\"><a style=\"color: #0000ff;\" href=\"http:\/\/film-felix.com\/wp-content\/uploads\/2017\/81012_hoch\/MOV_81012q_u4_trailer_vidCon_480p_20s_mT.zip\" target=\"_blank\" rel=\"noopener\"><strong>MOV format approx. 3,6 MB.<br \/>\n<\/strong><\/a><\/span>Download here a <span style=\"color: #0000ff;\"><span style=\"color: #999999;\"><strong>MPG format approx. 23 MB.<\/strong><\/span><a style=\"color: #0000ff;\" href=\"mailto:office@film-felix.com\" target=\"_blank\" rel=\"noopener\"><strong> please request here<\/strong><\/a><\/span><\/span><\/p>\n<p><span style=\"color: #999999;\">WHITE<br \/>\n<\/span><\/p>\n","protected":false},"excerpt":{"rendered":"<p><span style=\"color: #000000;\"><span style=\"color: #ffffff;\">.<\/span><br \/>\nThe subway line U4 going westwards, between the stations Sch\u00f6nbrunn and Pilgramgasse. This is a V type train, first delivery in 2000.<br \/>\n30 seconds video clip.<strong><br \/>\n<\/strong><\/span><\/p>\n<p>&nbsp;<\/p>\n<p><iframe loading=\"lazy\" src=\"https:\/\/www.youtube.com\/embed\/MNj9_Ga-Uqs\" width=\"560\" height=\"315\" frameborder=\"0\" allowfullscreen=\"allowfullscreen\"><\/iframe><\/p>\n<p>&nbsp;<\/p>\n<p><span style=\"color: #000000;\">Use the &#8220;Add to cart&#8221; button to buy the 30 seconds video clip.<br \/>\nHD Quality, <strong>Upright Size <\/strong>9:16.<br \/>\nSummer season, sunny day.<br \/>\nOriginal environment sound.<br \/>\nM2TS video data format, <span style=\"color: #0000ff;\"><strong><a style=\"color: #0000ff;\" href=\"http:\/\/www.film-felix.com\/?page_id=1517\" target=\"_blank\" rel=\"noopener\">zipped<\/a><\/strong><\/span>. File size approx. 95 MB.<br \/>\nLicensed for private and for commercial use. <span style=\"color: #0000ff;\"><a style=\"color: #0000ff;\" href=\"http:\/\/www.film-felix.com\/?page_id=1185\" target=\"_blank\" rel=\"noopener\"><strong>What is private use? What is commercial use?<\/strong><\/a><\/span><br \/>\n<\/span><\/p>\n","protected":false},"featured_media":10367,"comment_status":"open","ping_status":"closed","template":"","meta":{"_seopress_robots_primary_cat":"none","_seopress_titles_title":"","_seopress_titles_desc":"","_seopress_robots_index":"","_et_pb_use_builder":"","_et_pb_old_content":"","_et_gb_content_width":""},"product_brand":[],"product_cat":[566,767,534,220,223,227,228,231,243,244,555,245,682],"product_tag":[353,34,348],"class_list":{"0":"post-10364","1":"product","2":"type-product","3":"status-publish","4":"has-post-thumbnail","6":"product_cat-alle_2017","7":"product_cat-elevator-upright-down","8":"product_cat-white","9":"product_cat-upright","10":"product_cat-upr_austria","11":"product_cat-upr_trains","12":"product_cat-upr_city-life","13":"product_cat-upr_daylight","14":"product_cat-upr_summer","15":"product_cat-upr_sun","16":"product_cat-upr-tech","17":"product_cat-upr-vienna","18":"product_cat-upr-wothers","19":"product_tag-classic","20":"product_tag-clip","21":"product_tag-street","23":"first","24":"instock","25":"downloadable","26":"virtual","27":"sold-individually","28":"taxable","29":"purchasable","30":"product-type-simple"},"_links":{"self":[{"href":"http:\/\/www.film-felix.com\/index.php?rest_route=\/wp\/v2\/product\/10364","targetHints":{"allow":["GET"]}}],"collection":[{"href":"http:\/\/www.film-felix.com\/index.php?rest_route=\/wp\/v2\/product"}],"about":[{"href":"http:\/\/www.film-felix.com\/index.php?rest_route=\/wp\/v2\/types\/product"}],"replies":[{"embeddable":true,"href":"http:\/\/www.film-felix.com\/index.php?rest_route=%2Fwp%2Fv2%2Fcomments&post=10364"}],"wp:featuredmedia":[{"embeddable":true,"href":"http:\/\/www.film-felix.com\/index.php?rest_route=\/wp\/v2\/media\/10367"}],"wp:attachment":[{"href":"http:\/\/www.film-felix.com\/index.php?rest_route=%2Fwp%2Fv2%2Fmedia&parent=10364"}],"wp:term":[{"taxonomy":"product_brand","embeddable":true,"href":"http:\/\/www.film-felix.com\/index.php?rest_route=%2Fwp%2Fv2%2Fproduct_brand&post=10364"},{"taxonomy":"product_cat","embeddable":true,"href":"http:\/\/www.film-felix.com\/index.php?rest_route=%2Fwp%2Fv2%2Fproduct_cat&post=10364"},{"taxonomy":"product_tag","embeddable":true,"href":"http:\/\/www.film-felix.com\/index.php?rest_route=%2Fwp%2Fv2%2Fproduct_tag&post=10364"}],"curies":[{"name":"wp","href":"https:\/\/api.w.org\/{rel}","templated":true}]}}