{"id":10679,"date":"2017-06-29T16:53:02","date_gmt":"2017-06-29T14:53:02","guid":{"rendered":"http:\/\/www.film-felix.com\/?product=vienna-molkerbastei-20627"},"modified":"2021-04-15T13:50:29","modified_gmt":"2021-04-15T11:50:29","slug":"vienna-molkerbastei-20627","status":"publish","type":"product","link":"http:\/\/www.film-felix.com\/?product=vienna-molkerbastei-20627","title":{"rendered":"Vienna, M\u00f6lkerbastei 20627 Panorama"},"content":{"rendered":"<p><span style=\"color: #000000;\">Vienna, Austria<\/span><\/p>\n<p><span style=\"color: #000000;\">Innere Stadt, Schreyvogelgasse and M\u00f6lkersteig on M\u00f6lkerbastei (M\u00f6lker Bastion). The house had a comprehensive renovation in 2017. This is a panorama from the left to the right. The Innere Stadt (Old Town) of Vienna is UNESCO World Cultural Heritage Site.<\/span><\/p>\n<p><span style=\"color: #000000;\">Celine and Jesse (Julie Delpy, Ethan Hawke) pass this house on their night stroll in the movie &#8220;<span style=\"color: #0000ff;\"><strong><a style=\"color: #0000ff;\" href=\"http:\/\/www.film-felix.com\/?page_id=5338\" target=\"_blank\" rel=\"noopener\">Before Sunrise<\/a><\/strong><\/span>&#8220;.<\/span><\/p>\n<p><span style=\"color: #000000;\">The door to the house Schreyvogelgasse No.8 is the place of <\/span><span style=\"color: #000000;\">Harry Lime&#8217;s (Orson Welles) first appearance i<\/span><span style=\"color: #000000;\">n the <\/span><span style=\"color: #000000;\">cinema movie <\/span><span style=\"color: #000000;\">&#8220;<span style=\"color: #0000ff;\"><strong><a style=\"color: #0000ff;\" href=\"http:\/\/www.film-felix.com\/?page_id=5352\" target=\"_blank\" rel=\"noopener\">The Third Man<\/a><\/strong><\/span>&#8220;, 1949. Visit here the\u00a0 <span style=\"color: #0000ff;\"><strong><a style=\"color: #0000ff;\" href=\"http:\/\/www.3mpc.net\/\" target=\"_blank\" rel=\"noopener\">Third Man Museum<\/a><\/strong><\/span> in Vienna.<\/span><\/p>\n<p><span style=\"color: #000000;\">Cross (Burt Lancaster) walks here and later leaves the place in the white Volkswagen in the movie &#8220;Scorpio&#8221;, 1973.<\/span><\/p>\n<p><span style=\"color: #000000;\">Other movies in Vienna: &#8220;007 <span style=\"color: #0000ff;\"><strong><a style=\"color: #0000ff;\" href=\"http:\/\/www.film-felix.com\/?page_id=5329\" target=\"_blank\" rel=\"noopener\">The Living Daylights<\/a><\/strong><\/span>&#8220;, 1987; &#8220;Woman In Gold&#8221;, 2015.<\/span><\/p>\n<p><span style=\"color: #000000;\">For other data formats please email me <span style=\"color: #0000ff;\"><a href=\"mailto:office@film-felix.com\" target=\"_blank\" rel=\"noopener\"><span style=\"color: #0000ff;\"><strong>here<\/strong><\/span><\/a><\/span>.<\/span><\/p>\n<p><span style=\"color: #999999;\"><strong><span style=\"color: #0000ff;\"><a style=\"color: #0000ff;\" href=\"http:\/\/film-felix.com\/wp-content\/uploads\/2017\/20627_M\/MOV_20627q_doorpan_trailer_vidCon_480p_20s_mT.zip\" target=\"_blank\" rel=\"noopener\">FREE max. 20sec TRAILER DOWNLOAD CLICK HERE<\/a><\/span><br \/>\n<\/strong><\/span><\/p>\n<p><span style=\"color: #000000;\">COMMERCIAL USE<br \/>\nFor commercial use (Video files in 1080p HD quality as M2TS, MPG or AVI) please email me <span style=\"color: #0000ff;\"><a style=\"color: #0000ff;\" href=\"mailto:office@film-felix.com\" target=\"_blank\" rel=\"noopener\"><strong>here<\/strong><\/a><\/span>. Prior to this, prepare to be asked for the usual commercial use parameters.<\/span><\/p>\n<p><span style=\"color: #000000;\">\u00a0<\/span><span style=\"color: #999999;\">BLACK-3 Molkerbastei 2016<br \/>\n<\/span><\/p>\n","protected":false},"excerpt":{"rendered":"<p><span style=\"color: #000000;\"><span style=\"color: #ffffff;\">.<\/span><br \/>\nInnere Stadt, Schreyvogelgasse and M\u00f6lkersteig on M\u00f6lkerbastei (M\u00f6lker Bastion). Panorama from the left to the right.<br \/>\n70 seconds video clip.<br \/>\n<\/span><\/p>\n<p>&nbsp;<\/p>\n<p><iframe loading=\"lazy\" src=\"https:\/\/www.youtube.com\/embed\/8D6ZrBea8Wk\" width=\"560\" height=\"315\" frameborder=\"0\" allowfullscreen=\"allowfullscreen\"><\/iframe><\/p>\n<p>&nbsp;<\/p>\n<p><span style=\"color: #000000;\">Use the &#8220;Add to cart&#8221; button to buy the 70 seconds video clip.<br \/>\nSummer season, sunny day.<br \/>\n720p video quality, regular format 16:9.<br \/>\nOriginal environment sound.<br \/>\n<\/span><span style=\"color: #000000;\"><span style=\"color: #000000;\">MPG data format, <span style=\"color: #0000ff;\"><strong><a style=\"color: #0000ff;\" href=\"http:\/\/www.film-felix.com\/?page_id=1517\" target=\"_blank\" rel=\"noopener\">zipped<\/a><\/strong><\/span>. File size approx. 79 MB.<br \/>\nLicensed for private home use. <span style=\"color: #0000ff;\"><a href=\"http:\/\/film-felix.com\/?page_id=1185\"><span style=\"color: #0000ff;\"><strong>What is private home use?<\/strong><\/span><\/a><\/span><br \/>\n<\/span><\/span><\/p>\n","protected":false},"featured_media":10681,"comment_status":"open","ping_status":"closed","template":"","meta":{"_seopress_robots_primary_cat":"","_seopress_titles_title":"","_seopress_titles_desc":"","_seopress_robots_index":"","_et_pb_use_builder":"","_et_pb_old_content":"","_et_gb_content_width":""},"product_brand":[],"product_cat":[566,581,16,385,37,150,579,212,386,321,388,129,399,222],"product_tag":[17,28,29,32,33,34,39,44,46,53,58,60,62,67,74,505,510,106,117,123],"class_list":{"0":"post-10679","1":"product","2":"type-product","3":"status-publish","4":"has-post-thumbnail","6":"product_cat-alle_2017","7":"product_cat-black-3","8":"product_cat-austria","9":"product_cat-reg-beforesunrise","10":"product_cat-daylight","11":"product_cat-movie-location","12":"product_cat-reg-scorpio","13":"product_cat-summer","14":"product_cat-reg-thethirdman","15":"product_cat-reg_unesco","16":"product_cat-reg-unescowien","17":"product_cat-vienna","18":"product_cat-reg-wzentrum","19":"product_cat-regular","20":"product_tag-before","21":"product_tag-celine","22":"product_tag-center","23":"product_tag-city","24":"product_tag-ciudad","25":"product_tag-clip","26":"product_tag-delpy","27":"product_tag-ethan","28":"product_tag-europe","29":"product_tag-hawke","30":"product_tag-imperial","31":"product_tag-jesse","32":"product_tag-julie","33":"product_tag-location","34":"product_tag-movie","35":"product_tag-austria","36":"product_tag-vienna","37":"product_tag-sunrise","38":"product_tag-viena","39":"product_tag-wien","41":"first","42":"instock","43":"downloadable","44":"virtual","45":"sold-individually","46":"taxable","47":"purchasable","48":"product-type-simple"},"_links":{"self":[{"href":"http:\/\/www.film-felix.com\/index.php?rest_route=\/wp\/v2\/product\/10679","targetHints":{"allow":["GET"]}}],"collection":[{"href":"http:\/\/www.film-felix.com\/index.php?rest_route=\/wp\/v2\/product"}],"about":[{"href":"http:\/\/www.film-felix.com\/index.php?rest_route=\/wp\/v2\/types\/product"}],"replies":[{"embeddable":true,"href":"http:\/\/www.film-felix.com\/index.php?rest_route=%2Fwp%2Fv2%2Fcomments&post=10679"}],"wp:featuredmedia":[{"embeddable":true,"href":"http:\/\/www.film-felix.com\/index.php?rest_route=\/wp\/v2\/media\/10681"}],"wp:attachment":[{"href":"http:\/\/www.film-felix.com\/index.php?rest_route=%2Fwp%2Fv2%2Fmedia&parent=10679"}],"wp:term":[{"taxonomy":"product_brand","embeddable":true,"href":"http:\/\/www.film-felix.com\/index.php?rest_route=%2Fwp%2Fv2%2Fproduct_brand&post=10679"},{"taxonomy":"product_cat","embeddable":true,"href":"http:\/\/www.film-felix.com\/index.php?rest_route=%2Fwp%2Fv2%2Fproduct_cat&post=10679"},{"taxonomy":"product_tag","embeddable":true,"href":"http:\/\/www.film-felix.com\/index.php?rest_route=%2Fwp%2Fv2%2Fproduct_tag&post=10679"}],"curies":[{"name":"wp","href":"https:\/\/api.w.org\/{rel}","templated":true}]}}