{"id":11795,"date":"2017-12-01T09:42:21","date_gmt":"2017-12-01T07:42:21","guid":{"rendered":"http:\/\/www.film-felix.com\/?post_type=product&#038;p=11795"},"modified":"2021-09-28T20:22:45","modified_gmt":"2021-09-28T18:22:45","slug":"munich-olympic-stadium-22602-2","status":"publish","type":"product","link":"http:\/\/www.film-felix.com\/?product=munich-olympic-stadium-22602-2","title":{"rendered":"Munich, Olympic Stadium 22602-2 Roof Panorama soon"},"content":{"rendered":"<p><span style=\"color: #000000;\">Munich, Germany<\/span><\/p>\n<p><span style=\"color: #000000;\">A view up to the roof construction of the Olympic Stadium (built for the 1972 Summer Olympics). This is a panorama from the left to the right.<br \/>\n<\/span><\/p>\n<p id=\"tw-target-text\" class=\"tw-data-text tw-text-large XcVN5d tw-ta\" dir=\"ltr\" data-placeholder=\"\u00dcbersetzung\"><span class=\"Y2IQFc\" lang=\"ja\" style=\"color: #000000;\">\u30df\u30e5\u30f3\u30d8\u30f3\u3001\u30c9\u30a4\u30c4\u3002\u30aa\u30ea\u30f3\u30d4\u30c3\u30af\u30b9\u30bf\u30b8\u30a2\u30e0\uff081972\u5e74\u306e\u590f\u5b63\u30aa\u30ea\u30f3\u30d4\u30c3\u30af\u306e\u305f\u3081\u306b\u5efa\u3066\u3089\u308c\u305f\uff09\u306e\u5c4b\u6839\u306e\u5efa\u8a2d\u307e\u3067\u306e\u773a\u3081\u3002\u30d1\u30ce\u30e9\u30de\u3002<\/span><\/p>\n<p id=\"tw-target-text\" class=\"tw-data-text tw-text-large XcVN5d tw-ta\" dir=\"ltr\" data-placeholder=\"\u00dcbersetzung\"><span class=\"Y2IQFc\" lang=\"ru\" style=\"color: #000000;\">\u041c\u044e\u043d\u0445\u0435\u043d, \u0413\u0435\u0440\u043c\u0430\u043d\u0438\u044f. \u0412\u0438\u0434 \u043d\u0430 \u043a\u0440\u044b\u0448\u0443 \u041e\u043b\u0438\u043c\u043f\u0438\u0439\u0441\u043a\u043e\u0433\u043e \u0441\u0442\u0430\u0434\u0438\u043e\u043d\u0430 (\u043f\u043e\u0441\u0442\u0440\u043e\u0435\u043d\u043d\u043e\u0433\u043e \u043a \u043b\u0435\u0442\u043d\u0438\u043c \u041e\u043b\u0438\u043c\u043f\u0438\u0439\u0441\u043a\u0438\u043c \u0438\u0433\u0440\u0430\u043c 1972 \u0433\u043e\u0434\u0430). \u041f\u0430\u043d\u043e\u0440\u0430\u043c\u0430.<\/span><\/p>\n<p id=\"tw-target-text\" class=\"tw-data-text tw-text-large XcVN5d tw-ta\" dir=\"ltr\" data-placeholder=\"\u00dcbersetzung\"><span class=\"Y2IQFc\" lang=\"zh-CN\" style=\"color: #000000;\">\u5fb7\u56fd\u6155\u5c3c\u9ed1\u3002\u5965\u6797\u5339\u514b\u4f53\u80b2\u573a\uff08\u4e3a 1972 \u5e74\u590f\u5b63\u5965\u8fd0\u4f1a\u800c\u5efa\uff09\u7684\u5c4b\u9876\u5efa\u7b51\u666f\u89c2\u3002\u5168\u666f\u3002<\/span><\/p>\n<p id=\"tw-target-text\" class=\"tw-data-text tw-text-large XcVN5d tw-ta\" dir=\"ltr\" data-placeholder=\"\u00dcbersetzung\"><span class=\"Y2IQFc\" lang=\"es\" style=\"color: #000000;\">Munich, Alemania. Vistas a la construcci\u00f3n del techo del Estadio Ol\u00edmpico (construido para los Juegos Ol\u00edmpicos de Verano de 1972). Panorama.<\/span><\/p>\n<p><span style=\"color: #000000;\">For other data formats please email me <span style=\"color: #0000ff;\"><a style=\"color: #0000ff;\" href=\"mailto:office@film-felix.com\" target=\"_blank\" rel=\"noopener\"><strong>here<\/strong><\/a><\/span>.<\/span><\/p>\n<p><span style=\"color: #000000;\"><span style=\"color: #0000ff;\"><span style=\"color: #000000;\">COMMERCIAL USE<\/span><br \/>\n<span style=\"color: #000000;\"> For commercial use (Video files in 1080p HD quality as M2TS, MPG or AVI) please email me<\/span> <strong><a style=\"color: #0000ff;\" href=\"mailto:office@film-felix.com\" target=\"_blank\" rel=\"noopener\">here<\/a>. <\/strong><span style=\"color: #000000;\">Prior to this, prepare to be asked for the usual commercial use parameters.<\/span><\/span><\/span><\/p>\n<p><span style=\"color: #000000;\">Contrary to the general terms of use on this website, no contemporary architecture on this video must be altered by the customer (intellectual property of the architects).<\/span><\/p>\n<p><span style=\"color: #000000;\"><span style=\"color: #0000ff;\"><a style=\"color: #0000ff;\" href=\"http:\/\/film-felix.com\/wp-content\/uploads\/2017\/22602-2_G\/MOV_22602-2q_dachpan_trailer_vidCon_480p_20s_mT.zip\"><strong>FREE max.20sec TRAILER DOWNLOAD CLICK THIS LINE<\/strong><\/a><\/span><br \/>\n<\/span><\/p>\n<p><span style=\"color: #999999;\">BLACK-3<br \/>\n<\/span><\/p>\n","protected":false},"excerpt":{"rendered":"<p><span style=\"color: #000000;\"><span style=\"color: #ffffff;\">.<\/span><br \/>\nA view up to the roof construction of the Olympic Stadium. Panorama from the left to the right.<br \/>\n55 seconds video clip.<\/span><\/p>\n<p>&nbsp;<\/p>\n<p><iframe loading=\"lazy\" src=\"https:\/\/www.youtube.com\/embed\/42oJxjXLJHY?rel=0\" width=\"560\" height=\"315\" frameborder=\"0\" allowfullscreen=\"allowfullscreen\"><\/iframe><\/p>\n<p><span style=\"color: #000000;\">Use the &#8220;Add to cart&#8221; button below to buy the 55 seconds video clip.<br \/>\nSummer season, cloudy day.<br \/>\n720p video quality, regular format 16:9.<br \/>\nOriginal environment sound.<br \/>\n<\/span><span style=\"color: #000000;\">MPG data format, <span style=\"color: #0000ff;\"><strong><a style=\"color: #0000ff;\" href=\"http:\/\/www.film-felix.com\/?page_id=1517\" target=\"_blank\" rel=\"noopener\">zipped<\/a><\/strong><\/span>. File size approx. 62 MB.<br \/>\nLicensed for private home use. <span style=\"color: #0000ff;\"><a style=\"color: #0000ff;\" href=\"http:\/\/film-felix.com\/?page_id=1185\" target=\"_blank\" rel=\"noopener\"><strong>What is private home use?<\/strong><\/a><\/span><\/span><\/p>\n","protected":false},"featured_media":11797,"comment_status":"closed","ping_status":"closed","template":"","meta":{"_seopress_robots_primary_cat":"","_seopress_titles_title":"","_seopress_titles_desc":"","_seopress_robots_index":"","_et_pb_use_builder":"","_et_pb_old_content":"","_et_gb_content_width":""},"product_brand":[],"product_cat":[566,581,37,175,587,593,554,222,654],"product_tag":[34,46,77],"class_list":{"0":"post-11795","1":"product","2":"type-product","3":"status-publish","4":"has-post-thumbnail","6":"product_cat-alle_2017","7":"product_cat-black-3","8":"product_cat-daylight","9":"product_cat-germany-2","10":"product_cat-reg-munich","11":"product_cat-reg-municholymp","12":"product_cat-reg-tech","13":"product_cat-regular","14":"product_cat-soon","15":"product_tag-clip","16":"product_tag-europe","17":"product_tag-park","19":"first","20":"instock","21":"downloadable","22":"virtual","23":"sold-individually","24":"taxable","25":"purchasable","26":"product-type-simple"},"_links":{"self":[{"href":"http:\/\/www.film-felix.com\/index.php?rest_route=\/wp\/v2\/product\/11795","targetHints":{"allow":["GET"]}}],"collection":[{"href":"http:\/\/www.film-felix.com\/index.php?rest_route=\/wp\/v2\/product"}],"about":[{"href":"http:\/\/www.film-felix.com\/index.php?rest_route=\/wp\/v2\/types\/product"}],"replies":[{"embeddable":true,"href":"http:\/\/www.film-felix.com\/index.php?rest_route=%2Fwp%2Fv2%2Fcomments&post=11795"}],"wp:featuredmedia":[{"embeddable":true,"href":"http:\/\/www.film-felix.com\/index.php?rest_route=\/wp\/v2\/media\/11797"}],"wp:attachment":[{"href":"http:\/\/www.film-felix.com\/index.php?rest_route=%2Fwp%2Fv2%2Fmedia&parent=11795"}],"wp:term":[{"taxonomy":"product_brand","embeddable":true,"href":"http:\/\/www.film-felix.com\/index.php?rest_route=%2Fwp%2Fv2%2Fproduct_brand&post=11795"},{"taxonomy":"product_cat","embeddable":true,"href":"http:\/\/www.film-felix.com\/index.php?rest_route=%2Fwp%2Fv2%2Fproduct_cat&post=11795"},{"taxonomy":"product_tag","embeddable":true,"href":"http:\/\/www.film-felix.com\/index.php?rest_route=%2Fwp%2Fv2%2Fproduct_tag&post=11795"}],"curies":[{"name":"wp","href":"https:\/\/api.w.org\/{rel}","templated":true}]}}