{"id":14034,"date":"2019-02-14T12:53:36","date_gmt":"2019-02-14T10:53:36","guid":{"rendered":"http:\/\/www.film-felix.com\/?post_type=product&#038;p=14034"},"modified":"2021-09-22T20:49:25","modified_gmt":"2021-09-22T18:49:25","slug":"rome-fontana-di-trevi-84007","status":"publish","type":"product","link":"http:\/\/www.film-felix.com\/?product=rome-fontana-di-trevi-84007","title":{"rendered":"Rome, Fontana di Trevi 84007 Coins"},"content":{"rendered":"<p><span style=\"color: #000000;\">Roma, Italia<\/span><\/p>\n<p><span style=\"color: #000000;\">Fontana di Trevi in the Centro Storico (Old Town). UNESCO World Cultural Heritage Site. Money laundering in the heart of Rome? No, this is the regular morning cleaning and money collection. Hear the coins jangle in the separation tank.<br \/>\n<\/span><\/p>\n<p id=\"tw-target-text\" class=\"tw-data-text tw-text-large XcVN5d tw-ta\" dir=\"ltr\" data-placeholder=\"\u00dcbersetzung\"><span class=\"Y2IQFc\" lang=\"ru\" style=\"color: #000000;\">\u0420\u043e\u043c\u0430, \u0418\u0442\u0430\u043b\u0438\u044f. \u0424\u043e\u043d\u0442\u0430\u043d\u0430 \u0434\u0438 \u0422\u0440\u0435\u0432\u0438 \u0432 \u0421\u0442\u0430\u0440\u043e\u043c \u0433\u043e\u0440\u043e\u0434\u0435. \u041e\u0431\u044a\u0435\u043a\u0442 \u0432\u0441\u0435\u043c\u0438\u0440\u043d\u043e\u0433\u043e \u043a\u0443\u043b\u044c\u0442\u0443\u0440\u043d\u043e\u0433\u043e \u043d\u0430\u0441\u043b\u0435\u0434\u0438\u044f \u042e\u041d\u0415\u0421\u041a\u041e. \u041e\u0442\u043c\u044b\u0432\u0430\u043d\u0438\u0435 \u0434\u0435\u043d\u0435\u0433 \u0432 \u0441\u0430\u043c\u043e\u043c \u0446\u0435\u043d\u0442\u0440\u0435 \u0420\u0438\u043c\u0430? \u041d\u0435\u0442, \u044d\u0442\u043e \u043e\u0431\u044b\u0447\u043d\u0430\u044f \u0443\u0442\u0440\u0435\u043d\u043d\u044f\u044f \u0443\u0431\u043e\u0440\u043a\u0430 \u0438 \u0441\u0431\u043e\u0440 \u0434\u0435\u043d\u0435\u0433. \u041f\u043e\u0441\u043b\u0443\u0448\u0430\u0439\u0442\u0435, \u043a\u0430\u043a \u0432 \u0441\u0435\u043f\u0430\u0440\u0430\u0446\u0438\u043e\u043d\u043d\u043e\u043c \u0440\u0435\u0437\u0435\u0440\u0432\u0443\u0430\u0440\u0435 \u0437\u0432\u0435\u043d\u044f\u0442 \u043c\u043e\u043d\u0435\u0442\u044b.<\/span><\/p>\n<p id=\"tw-target-text\" class=\"tw-data-text tw-text-large XcVN5d tw-ta\" dir=\"ltr\" data-placeholder=\"\u00dcbersetzung\"><span class=\"Y2IQFc\" lang=\"ja\" style=\"color: #000000;\">\u30ed\u30fc\u30de\u3001\u30a4\u30bf\u30ea\u30a2\u3002\u65e7\u5e02\u8857\u306e\u30c8\u30ec\u30d3\u306e\u6cc9\u3002\u30e6\u30cd\u30b9\u30b3\u4e16\u754c\u6587\u5316\u907a\u7523\u3002\u30ed\u30fc\u30de\u306e\u4e2d\u5fc3\u90e8\u3067\u306e\u30de\u30cd\u30fc\u30ed\u30f3\u30c0\u30ea\u30f3\u30b0\uff1f\u3044\u3044\u3048\u3001\u3053\u308c\u306f\u5b9a\u671f\u7684\u306a\u671d\u306e\u6383\u9664\u3068\u304a\u91d1\u306e\u53ce\u96c6\u3067\u3059\u3002\u5206\u96e2\u30bf\u30f3\u30af\u3067\u30b3\u30a4\u30f3\u304c\u3076\u3064\u304b\u308b\u97f3\u3092\u805e\u3044\u3066\u304f\u3060\u3055\u3044\u3002<\/span><\/p>\n<p id=\"tw-target-text\" class=\"tw-data-text tw-text-large XcVN5d tw-ta\" dir=\"ltr\" data-placeholder=\"\u00dcbersetzung\"><span class=\"Y2IQFc\" lang=\"es\" style=\"color: #000000;\">Fontana di Trevi en el casco antiguo. Sitio del Patrimonio Cultural de la Humanidad de la UNESCO. \u00bfBlanqueo de capitales en el coraz\u00f3n de Roma? No, esta es la limpieza y recolecci\u00f3n de dinero de la ma\u00f1ana. Escuche el tintineo de las monedas en el tanque de separaci\u00f3n.<\/span><\/p>\n<p id=\"tw-target-text\" class=\"tw-data-text tw-text-large XcVN5d tw-ta\" dir=\"ltr\" data-placeholder=\"\u00dcbersetzung\"><span class=\"Y2IQFc\" lang=\"zh-CN\" style=\"color: #000000;\">\u7f57\u9a6c\uff0c\u610f\u5927\u5229\u3002 Fontana di Trevi \u5728\u8001\u57ce\u533a\u3002\u8054\u5408\u56fd\u6559\u79d1\u6587\u7ec4\u7ec7\u4e16\u754c\u6587\u5316\u9057\u4ea7\u3002\u5728\u7f57\u9a6c\u5e02\u4e2d\u5fc3\u6d17\u94b1\uff1f\u4e0d\uff0c\u8fd9\u662f\u5e38\u89c4\u7684\u65e9\u6668\u6e05\u6d01\u548c\u6536\u6b3e\u3002\u542c\u5230\u786c\u5e01\u5728\u5206\u79bb\u69fd\u4e2d\u53d1\u51fa\u7684\u58f0\u97f3\u3002<\/span><\/p>\n<p><span style=\"color: #000000;\">Anita Ekberg walks through the pool in the cinema movie &#8220;La Dolce Vita&#8221; (1960).<\/span><\/p>\n<p><span style=\"color: #000000;\">For other data formats please email me <span style=\"color: #0000ff;\"><a href=\"mailto:office@film-felix.com\" target=\"_blank\" rel=\"noopener\"><span style=\"color: #0000ff;\"><strong>here<\/strong><\/span><\/a><\/span>.<\/span><\/p>\n<p><span style=\"color: #0000ff;\"><a style=\"color: #0000ff;\" href=\"http:\/\/film-felix.com\/wp-content\/uploads\/2019\/84007_T\/MOV_84007q_money_trailer_vidCon_480p_20s_mT.zip\"><strong>FREE_max.20sec_TRAILER_DOWNLOAD_CLICK_THIS_LINE<\/strong><\/a><\/span><\/p>\n<p><span style=\"color: #000000;\">COMMERCIAL USE<br \/>\n<span style=\"color: #000000;\"> For commercial use (Video files in 1080p HD quality as M2TS, MPG or AVI) please email me <span style=\"color: #0000ff;\"><a style=\"color: #0000ff;\" href=\"mailto:office@film-felix.com\" target=\"_blank\" rel=\"noopener\"><strong>here<\/strong><\/a><\/span>. Prior to this, prepare to be asked for the usual commercial use parameters.<\/span><\/span><\/p>\n<p><span style=\"color: #999999;\">YELLOW<br \/>\n<\/span><\/p>\n","protected":false},"excerpt":{"rendered":"<p><span style=\"color: #000000;\"><span style=\"color: #ffffff;\">.<\/span><br \/>\nCleaning the Fontana di Trevi in the Centro Storico (Old Town). Hear the coins jangle in the separation tank.<br \/>\n50 seconds video clip.<br \/>\n<span style=\"color: #ffffff;\">.<\/span><br \/>\n<\/span><\/p>\n<p>&nbsp;<\/p>\n<p><iframe loading=\"lazy\" src=\"https:\/\/www.youtube.com\/embed\/U58uUF58b6Y?rel=0\" width=\"560\" height=\"315\" frameborder=\"0\" allowfullscreen=\"allowfullscreen\"><\/iframe><\/p>\n<p>&nbsp;<\/p>\n<p><span style=\"color: #000000;\">Use the &#8220;Add to cart&#8221; button below to buy the 50 seconds video clip.<\/span><br \/>\n<span style=\"color: #000000;\">Summer season, sunny morning.<br \/>\n720p video quality, regular format 16:9.<br \/>\nOriginal street sound.<br \/>\n<\/span><span style=\"color: #000000;\"><span style=\"color: #000000;\">MPG data format, <span style=\"color: #0000ff;\"><strong><a style=\"color: #0000ff;\" href=\"http:\/\/www.film-felix.com\/?page_id=1517\" target=\"_blank\" rel=\"noopener\">zipped<\/a><\/strong><\/span>. File size approx. 57 MB.<br \/>\nLicensed f<\/span>or private home use.<\/span> <span style=\"color: #0000ff;\"><a style=\"color: #0000ff;\" href=\"http:\/\/film-felix.com\/?page_id=1185\" target=\"_blank\" rel=\"noopener\"><strong>What is private home use?<\/strong><\/a><br \/>\n<\/span><\/p>\n","protected":false},"featured_media":14037,"comment_status":"open","ping_status":"closed","template":"","meta":{"_seopress_robots_primary_cat":"","_seopress_titles_title":"","_seopress_titles_desc":"","_seopress_robots_index":"","_et_pb_use_builder":"","_et_pb_old_content":"","_et_gb_content_width":""},"product_brand":[],"product_cat":[635,612,37,636,632,218,150,409,623,212,321,631,222],"product_tag":[34,45,46],"class_list":{"0":"post-14034","1":"product","2":"type-product","3":"status-publish","4":"has-post-thumbnail","6":"product_cat-alle-2019","7":"product_cat-yellow","8":"product_cat-daylight","9":"product_cat-reg-waterfall","10":"product_cat-reg-italy","11":"product_cat-morning","12":"product_cat-movie-location","13":"product_cat-roma","14":"product_cat-reg-trevi","15":"product_cat-summer","16":"product_cat-reg_unesco","17":"product_cat-reg-unescorom","18":"product_cat-regular","19":"product_tag-clip","20":"product_tag-europa","21":"product_tag-europe","23":"first","24":"instock","25":"downloadable","26":"virtual","27":"sold-individually","28":"taxable","29":"purchasable","30":"product-type-simple"},"_links":{"self":[{"href":"http:\/\/www.film-felix.com\/index.php?rest_route=\/wp\/v2\/product\/14034","targetHints":{"allow":["GET"]}}],"collection":[{"href":"http:\/\/www.film-felix.com\/index.php?rest_route=\/wp\/v2\/product"}],"about":[{"href":"http:\/\/www.film-felix.com\/index.php?rest_route=\/wp\/v2\/types\/product"}],"replies":[{"embeddable":true,"href":"http:\/\/www.film-felix.com\/index.php?rest_route=%2Fwp%2Fv2%2Fcomments&post=14034"}],"wp:featuredmedia":[{"embeddable":true,"href":"http:\/\/www.film-felix.com\/index.php?rest_route=\/wp\/v2\/media\/14037"}],"wp:attachment":[{"href":"http:\/\/www.film-felix.com\/index.php?rest_route=%2Fwp%2Fv2%2Fmedia&parent=14034"}],"wp:term":[{"taxonomy":"product_brand","embeddable":true,"href":"http:\/\/www.film-felix.com\/index.php?rest_route=%2Fwp%2Fv2%2Fproduct_brand&post=14034"},{"taxonomy":"product_cat","embeddable":true,"href":"http:\/\/www.film-felix.com\/index.php?rest_route=%2Fwp%2Fv2%2Fproduct_cat&post=14034"},{"taxonomy":"product_tag","embeddable":true,"href":"http:\/\/www.film-felix.com\/index.php?rest_route=%2Fwp%2Fv2%2Fproduct_tag&post=14034"}],"curies":[{"name":"wp","href":"https:\/\/api.w.org\/{rel}","templated":true}]}}