{"id":15057,"date":"2019-09-12T12:42:23","date_gmt":"2019-09-12T10:42:23","guid":{"rendered":"http:\/\/www.film-felix.com\/?post_type=product&#038;p=15057"},"modified":"2022-06-28T21:24:23","modified_gmt":"2022-06-28T19:24:23","slug":"venice-lagoon-70609","status":"publish","type":"product","link":"http:\/\/www.film-felix.com\/?product=venice-lagoon-70609","title":{"rendered":"Venice, Laguna 70609 Panorama Evening"},"content":{"rendered":"<p><span style=\"color: #000000;\">Venice, Italy<\/span><\/p>\n<p><span style=\"color: #000000;\">The lagoon in the evening sun, seen from the Ponte della Paglia (near the Bridge of Sighs). San Giorgio Maggiore is in the background. This is a panorama from the right to the left. Venice is UNESCO World Cultural Heritage Site.<br \/>\n<\/span><\/p>\n<p><span style=\"color: #000000;\">Cinema movies in Venice: Gondola chase in 007 <span style=\"color: #0000ff;\"><strong><a style=\"color: #0000ff;\" href=\"http:\/\/www.film-felix.com\/?page_id=9168\" target=\"_blank\" rel=\"noopener\">Moonraker<\/a><\/strong><\/span>. Elise Clifton-Ward meets Frank Tupelo in <span style=\"color: #0000ff;\"><strong><a style=\"color: #0000ff;\" href=\"http:\/\/www.film-felix.com\/?page_id=9146\" target=\"_blank\" rel=\"noopener\">The Tourist<\/a><\/strong><\/span>. Collapsing Palazzo in 007 Casino Royale. The Talented Mr. Ripley. Death in Venice. The Italian Job. 007 From Russia with Love.\u00a0<\/span><\/p>\n<p><span lang=\"zh-CN\" style=\"color: #000000;\">\u5a01\u5c3c\u65af\u7684\u7535\u5f71\u9662\u7535\u5f71\uff1a\u8d21\u591a\u62c9\u8ffd\u9010007 Moonraker\u3002 Elise Clifton-Ward\u5728\u300a\u65c5\u884c\u8005\u300b\u4e2d\u4e0eFrank Tupelo\u4f1a\u9762\u3002 007 Casino Royale\u574d\u584c\u7684\u5bab\u6bbf\u3002\u6709\u624d\u534e\u7684\u91cc\u666e\u5229\u5148\u751f\u3002\u5728\u5a01\u5c3c\u65af\u6b7b\u4ea1\u3002\u610f\u5927\u5229\u5de5\u4f5c\u3002 007\u6765\u81ea\u4fc4\u7f57\u65af\u7684\u7231\u3002<\/span><\/p>\n<p><span lang=\"ru\" style=\"color: #000000;\">\u0412\u0435\u043d\u0435\u0446\u0438\u044f, \u0418\u0442\u0430\u043b\u0438\u044f. \u041b\u0430\u0433\u0443\u043d\u0430 \u0432 \u0432\u0435\u0447\u0435\u0440\u043d\u0435\u043c \u0441\u043e\u043b\u043d\u0446\u0435, \u0432\u0438\u0434 \u0441 \u041f\u043e\u043d\u0442\u0435 \u0434\u0435\u043b\u043b\u0430 \u041f\u0430\u043b\u044c\u044f (\u0432\u043e\u0437\u043b\u0435 \u043c\u043e\u0441\u0442\u0430 \u0412\u0437\u0434\u043e\u0445\u043e\u0432). \u0421\u0430\u043d-\u0414\u0436\u043e\u0440\u0434\u0436\u043e \u041c\u0430\u0434\u0436\u043e\u0440\u0435 \u043d\u0430 \u0437\u0430\u0434\u043d\u0435\u043c \u043f\u043b\u0430\u043d\u0435. \u042d\u0442\u043e \u043f\u0430\u043d\u043e\u0440\u0430\u043c\u0430 \u0441\u043f\u0440\u0430\u0432\u0430 \u043d\u0430\u043b\u0435\u0432\u043e. \u0412\u0435\u043d\u0435\u0446\u0438\u044f \u044f\u0432\u043b\u044f\u0435\u0442\u0441\u044f \u043e\u0431\u044a\u0435\u043a\u0442\u043e\u043c \u0412\u0441\u0435\u043c\u0438\u0440\u043d\u043e\u0433\u043e \u043a\u0443\u043b\u044c\u0442\u0443\u0440\u043d\u043e\u0433\u043e \u043d\u0430\u0441\u043b\u0435\u0434\u0438\u044f \u042e\u041d\u0415\u0421\u041a\u041e.<\/span><\/p>\n<p><span lang=\"ru\" style=\"color: #000000;\">\u041a\u0438\u043d\u043e\u0444\u0438\u043b\u044c\u043c\u044b \u0432 \u0412\u0435\u043d\u0435\u0446\u0438\u0438: \u043f\u043e\u0433\u043e\u043d\u044f \u043d\u0430 \u0433\u043e\u043d\u0434\u043e\u043b\u0435 \u0432 007 Moonraker. \u042d\u043b\u0438\u0437\u0430 \u041a\u043b\u0438\u0444\u0442\u043e\u043d-\u0423\u043e\u0440\u0434 \u0432\u0441\u0442\u0440\u0435\u0447\u0430\u0435\u0442 \u0424\u0440\u044d\u043d\u043a\u0430 \u0422\u0443\u043f\u0435\u043b\u043e \u0432 \u00ab\u0422\u0443\u0440\u0438\u0441\u0442\u0435\u00bb. \u0420\u0443\u0448\u0438\u0442\u0441\u044f \u041f\u0430\u043b\u0430\u0446\u0446\u043e \u0432 007 \u041a\u0430\u0437\u0438\u043d\u043e \u0420\u043e\u044f\u043b\u044c. \u0422\u0430\u043b\u0430\u043d\u0442\u043b\u0438\u0432\u044b\u0439 \u043c\u0438\u0441\u0442\u0435\u0440 \u0420\u0438\u043f\u043b\u0438. \u0421\u043c\u0435\u0440\u0442\u044c \u0432 \u0412\u0435\u043d\u0435\u0446\u0438\u0438. \u0418\u0442\u0430\u043b\u044c\u044f\u043d\u0441\u043a\u0430\u044f \u0420\u0430\u0431\u043e\u0442\u0430. 007 \u0418\u0437 \u0420\u043e\u0441\u0441\u0438\u0438 \u0441 \u043b\u044e\u0431\u043e\u0432\u044c\u044e.<\/span><\/p>\n<p id=\"tw-target-text\" class=\"tw-data-text tw-text-large tw-ta\" dir=\"ltr\" data-placeholder=\"\u00dcbersetzung\"><span lang=\"es\" style=\"color: #000000;\">Venecia, Italia. La laguna al sol de la tarde, vista desde el Ponte della Paglia (cerca del Puente de los Suspiros). San Giorgio Maggiore est\u00e1 en el fondo. Este es un panorama de derecha a izquierda. Venecia es Patrimonio de la Humanidad por la UNESCO.<\/span><\/p>\n<p id=\"tw-target-text\" class=\"tw-data-text tw-text-large tw-ta\" dir=\"ltr\" data-placeholder=\"\u00dcbersetzung\"><span lang=\"es\" style=\"color: #000000;\">Pel\u00edculas de cine en Venecia: persecuci\u00f3n en g\u00f3ndola en 007 Moonraker. Elise Clifton-Ward se encuentra con Frank Tupelo en The Tourist. El derrumbe de Palazzo en 007 Casino Royale. El talentoso Sr. Ripley. Muerte en Venecia. El trabajo italiano. 007 De Rusia con amor.<\/span><\/p>\n<p><span style=\"color: #000000;\">For other data formats please email me <span style=\"color: #0000ff;\"><a href=\"mailto:office@film-felix.com\" target=\"_blank\" rel=\"noopener\"><span style=\"color: #0000ff;\"><strong>here<\/strong><\/span><\/a><\/span>.<\/span><\/p>\n<p><span style=\"color: #0000ff;\"><strong><span style=\"color: #0000ff;\"><a style=\"color: #0000ff;\" href=\"http:\/\/film-felix.com\/wp-content\/uploads\/2019\/70609_L\/MOV_70609q_lagune_trailer_vidCon_480p_20s_mT.zip\">FREE max20sec TRAILER DOWNLOAD CLICK THIS LINE<\/a><\/span><br \/>\n<\/strong><\/span><\/p>\n<p><span style=\"color: #000000;\">COMMERCIAL USE<br \/>\n<span style=\"color: #000000;\"> For commercial use (Video files in 1080p HD quality as M2TS, MPEG or AVI) please email me <span style=\"color: #0000ff;\"><a style=\"color: #0000ff;\" href=\"mailto:office@film-felix.com\" target=\"_blank\" rel=\"noopener\"><strong>here<\/strong><\/a><\/span>. Prior to this, prepare to be asked for the usual commercial use parameters.<\/span><\/span><\/p>\n<p><span style=\"color: #999999;\">YELLOW-2 Venedig Venezia Lagoon<br \/>\n<\/span><\/p>\n","protected":false},"excerpt":{"rendered":"<p><span style=\"color: #000000;\"><span style=\"color: #ffffff;\">.<\/span><br \/>\nThe lagoon in the evening sun, seen from the Ponte della Paglia (near the Bridge of Sighs). San Giorgio Maggiore is in the background. Panorama from the right to the left.<br \/>\n50 seconds video clip.<br \/>\n<\/span><\/p>\n<p>&nbsp;<\/p>\n<p><iframe loading=\"lazy\" src=\"https:\/\/www.youtube.com\/embed\/FKY9T3rcJz4\" width=\"560\" height=\"315\" frameborder=\"0\" allowfullscreen=\"allowfullscreen\"><\/iframe><\/p>\n<p><span style=\"color: #000000;\">Use the &#8220;Add to cart&#8221; button below to buy the 50 seconds video clip.<br \/>\nSummer season, sunny evening.<br \/>\n720p video quality, regular format 16:9.<br \/>\nOriginal environment sound.<br \/>\n<\/span><span style=\"color: #000000;\"><span style=\"color: #000000;\">MPEG data format, <span style=\"color: #0000ff;\"><strong><a style=\"color: #0000ff;\" href=\"http:\/\/www.film-felix.com\/?page_id=1517\" target=\"_blank\" rel=\"noopener\">zipped<\/a><\/strong><\/span>. File size approx. 57 MB.<br \/>\n<\/span>Licensed for private home use. <span style=\"color: #0000ff;\"><a style=\"color: #0000ff;\" href=\"http:\/\/film-felix.com\/?page_id=1185\" target=\"_blank\" rel=\"noopener\"><strong>What is private home use?<\/strong><\/a><span style=\"color: #000000;\"><br \/>\n<\/span><\/span><\/span><\/p>\n","protected":false},"featured_media":15073,"comment_status":"open","ping_status":"closed","template":"","meta":{"_seopress_robots_primary_cat":"none","_seopress_titles_title":"","_seopress_titles_desc":"","_seopress_robots_index":"","_et_pb_use_builder":"","_et_pb_old_content":"","_et_gb_content_width":""},"product_brand":[],"product_cat":[635,670,37,209,145,212,321,410,627,222],"product_tag":[29,33,34,45,46,116],"class_list":{"0":"post-15057","1":"product","2":"type-product","3":"status-publish","4":"has-post-thumbnail","6":"product_cat-alle-2019","7":"product_cat-yellow-2","8":"product_cat-daylight","9":"product_cat-evening","10":"product_cat-reg-sea","11":"product_cat-summer","12":"product_cat-reg_unesco","13":"product_cat-venezia","14":"product_cat-reg-veneziaothers","15":"product_cat-regular","16":"product_tag-center","17":"product_tag-ciudad","18":"product_tag-clip","19":"product_tag-europa","20":"product_tag-europe","21":"product_tag-viejo","23":"first","24":"instock","25":"downloadable","26":"virtual","27":"sold-individually","28":"taxable","29":"purchasable","30":"product-type-simple"},"_links":{"self":[{"href":"http:\/\/www.film-felix.com\/index.php?rest_route=\/wp\/v2\/product\/15057","targetHints":{"allow":["GET"]}}],"collection":[{"href":"http:\/\/www.film-felix.com\/index.php?rest_route=\/wp\/v2\/product"}],"about":[{"href":"http:\/\/www.film-felix.com\/index.php?rest_route=\/wp\/v2\/types\/product"}],"replies":[{"embeddable":true,"href":"http:\/\/www.film-felix.com\/index.php?rest_route=%2Fwp%2Fv2%2Fcomments&post=15057"}],"wp:featuredmedia":[{"embeddable":true,"href":"http:\/\/www.film-felix.com\/index.php?rest_route=\/wp\/v2\/media\/15073"}],"wp:attachment":[{"href":"http:\/\/www.film-felix.com\/index.php?rest_route=%2Fwp%2Fv2%2Fmedia&parent=15057"}],"wp:term":[{"taxonomy":"product_brand","embeddable":true,"href":"http:\/\/www.film-felix.com\/index.php?rest_route=%2Fwp%2Fv2%2Fproduct_brand&post=15057"},{"taxonomy":"product_cat","embeddable":true,"href":"http:\/\/www.film-felix.com\/index.php?rest_route=%2Fwp%2Fv2%2Fproduct_cat&post=15057"},{"taxonomy":"product_tag","embeddable":true,"href":"http:\/\/www.film-felix.com\/index.php?rest_route=%2Fwp%2Fv2%2Fproduct_tag&post=15057"}],"curies":[{"name":"wp","href":"https:\/\/api.w.org\/{rel}","templated":true}]}}