{"id":15063,"date":"2019-09-13T11:44:23","date_gmt":"2019-09-13T09:44:23","guid":{"rendered":"http:\/\/www.film-felix.com\/?post_type=product&#038;p=15063"},"modified":"2020-01-12T14:32:09","modified_gmt":"2020-01-12T12:32:09","slug":"venice-mercato-rialto-12959","status":"publish","type":"product","link":"http:\/\/www.film-felix.com\/?product=venice-mercato-rialto-12959","title":{"rendered":"Venezia, Mercato Rialto 12959 Panorama"},"content":{"rendered":"<p><span style=\"color: #000000;\">Venice, Italy<\/span><\/p>\n<p><span style=\"color: #000000;\">Mercato Rialto and Canal Grande, seen from Campo Erberia\/ Fondamenta Vin Castello, not far from the Rialto Bridge. This is a panorama from the left to the right. Venice is UNESCO World Cultural Heritage Site.<br \/>\n<\/span><\/p>\n<p><span style=\"color: #000000;\">The red house in the middle of the panorama holds the terrace where Frank Tupelo (Johnny Depp)\u00a0 jumps from the balustrade, down into the awning of the fruit market <\/span><span style=\"color: #000000;\">in the cinema movie <span style=\"color: #0000ff;\"><strong><a style=\"color: #0000ff;\" href=\"http:\/\/www.film-felix.com\/?page_id=9146\" target=\"_blank\" rel=\"noopener\">The Tourist<\/a><\/strong><\/span>. One of the palazzi across the Canal Grande gives the facade for the house where Frank escapes on the roof.<br \/>\n<\/span><\/p>\n<p><span style=\"color: #000000;\">The (virtually) collapsing palazzo in &#8220;<span style=\"color: #0000ff;\"><strong><a style=\"color: #0000ff;\" href=\"http:\/\/www.film-felix.com\/?page_id=13152\" target=\"_blank\" rel=\"noopener\">Casino Royale<\/a><\/strong><\/span>&#8221; has been inserted instead of one of the palazzi across the Canal Grande, the Lion Morosini Palace.<\/span><\/p>\n<p><span style=\"color: #000000;\">Other cinema movies in Venice: Gondola chase in 007 Moonraker. The Talented Mr. Ripley. Death in Venice. The Italian Job. 007 From Russia with Love.\u00a0<\/span><\/p>\n<p id=\"tw-target-text\" class=\"tw-data-text tw-text-large tw-ta\" dir=\"ltr\" data-placeholder=\"\u00dcbersetzung\"><span lang=\"zh-CN\" style=\"color: #000000;\">\u610f\u5927\u5229\u5a01\u5c3c\u65af\u3002 Mercato Rialto\u548cCanal Grande\uff0c\u4eceCampo Erberia \/ Fondamenta Vin Castello\u770b\uff0c\u79bbRialto\u6865\u4e0d\u8fdc\u3002\u8fd9\u662f\u4ece\u5de6\u5230\u53f3\u7684\u5168\u666f\u56fe\u3002\u5a01\u5c3c\u65af\u662f\u8054\u5408\u56fd\u6559\u79d1\u6587\u7ec4\u7ec7\u4e16\u754c\u6587\u5316\u9057\u4ea7\u3002<\/span><\/p>\n<p id=\"tw-target-text\" class=\"tw-data-text tw-text-large tw-ta\" dir=\"ltr\" data-placeholder=\"\u00dcbersetzung\"><span style=\"color: #000000;\"><span lang=\"zh-CN\">\u5168\u666f\u4e2d\u592e\u7684\u7ea2\u8272\u623f\u5c4b\u8bbe\u6709\u9732\u53f0\uff0c\u5f17\u5170\u514b\u00b7\u56fe\u73c0\u6d1b\uff08Johnny Depp\uff09\u4ece\u680f\u6746\u4e0a\u8df3\u4e0b\uff0c\u8fdb\u5165\u7535\u5f71\u9662\u7535\u5f71\u300a\u6e38\u5ba2\u300b\u4e2d\u7684\u6c34\u679c\u5e02\u573a\u906e\u9633\u68da\u3002\u6a2a\u8de8\u5927\u8fd0\u6cb3\u7684\u5bab\u6bbf\u4e4b\u4e00\u4e3a\u5f17\u5170\u514b\u9003\u79bb\u5c4b\u9876\u7684\u623f\u5b50\u63d0\u4f9b\u4e86\u6b63\u9762\u3002 <\/span><span lang=\"zh-CN\">\u5df2\u63d2\u5165\u201c\u7687\u5bb6\u8d4c\u573a\u201d\u4e2d\uff08\u5b9e\u9645\u4e0a\u662f\uff09\u574d\u584c\u7684\u5bab\u6bbf\uff0c\u800c\u4e0d\u662f\u6a2a\u8de8\u5927\u8fd0\u6cb3\u7684\u72ee\u5b50\u83ab\u7f57\u897f\u5c3c\u5bab\u4e4b\u4e00\u3002 <\/span><\/span><span lang=\"zh-CN\" style=\"color: #000000;\">\u5a01\u5c3c\u65af\u7684\u5176\u4ed6\u7535\u5f71\u9662\u7535\u5f71\uff1a\u8d21\u591a\u62c9\uff08Gondola\uff09\u8ffd\u9010007 Moonraker\u3002\u6709\u624d\u534e\u7684\u91cc\u666e\u5229\u5148\u751f\u3002\u5728\u5a01\u5c3c\u65af\u6b7b\u4ea1\u3002\u610f\u5927\u5229\u5de5\u4f5c\u3002 007\u6765\u81ea\u4fc4\u7f57\u65af\u7684\u7231\u3002<\/span><\/p>\n<p id=\"tw-target-text\" class=\"tw-data-text tw-text-large tw-ta\" dir=\"ltr\" data-placeholder=\"\u00dcbersetzung\"><span lang=\"ru\" style=\"color: #000000;\">\u0412\u0435\u043d\u0435\u0446\u0438\u044f, \u0418\u0442\u0430\u043b\u0438\u044f. Mercato Rialto \u0438 Canal Grande, \u0432\u0438\u0434 \u0441 \u041a\u0430\u043c\u043f\u043e \u042d\u0440\u0431\u0435\u0440\u0438\u044f \/ \u0424\u043e\u043d\u0434\u0430\u043c\u0435\u043d\u0442\u0430 \u0412\u0438\u043d \u041a\u0430\u0441\u0442\u0435\u043b\u043b\u043e, \u043d\u0435\u0434\u0430\u043b\u0435\u043a\u043e \u043e\u0442 \u043c\u043e\u0441\u0442\u0430 \u0420\u0438\u0430\u043b\u044c\u0442\u043e. \u042d\u0442\u043e \u043f\u0430\u043d\u043e\u0440\u0430\u043c\u0430 \u0441\u043b\u0435\u0432\u0430 \u043d\u0430\u043f\u0440\u0430\u0432\u043e. \u0412\u0435\u043d\u0435\u0446\u0438\u044f \u044f\u0432\u043b\u044f\u0435\u0442\u0441\u044f \u043e\u0431\u044a\u0435\u043a\u0442\u043e\u043c \u0412\u0441\u0435\u043c\u0438\u0440\u043d\u043e\u0433\u043e \u043a\u0443\u043b\u044c\u0442\u0443\u0440\u043d\u043e\u0433\u043e \u043d\u0430\u0441\u043b\u0435\u0434\u0438\u044f \u042e\u041d\u0415\u0421\u041a\u041e.<\/span><\/p>\n<p class=\"tw-data-text tw-text-large tw-ta\" dir=\"ltr\" data-placeholder=\"\u00dcbersetzung\"><span lang=\"ru\" style=\"color: #000000;\">\u041a\u0440\u0430\u0441\u043d\u044b\u0439 \u0434\u043e\u043c \u0432 \u0446\u0435\u043d\u0442\u0440\u0435 \u043f\u0430\u043d\u043e\u0440\u0430\u043c\u044b \u0441\u043e\u0434\u0435\u0440\u0436\u0438\u0442 \u0442\u0435\u0440\u0440\u0430\u0441\u0443, \u043d\u0430 \u043a\u043e\u0442\u043e\u0440\u043e\u0439 \u0424\u0440\u044d\u043d\u043a \u0422\u0443\u043f\u0435\u043b\u043e (\u0414\u0436\u043e\u043d\u043d\u0438 \u0414\u0435\u043f\u043f) \u0441\u043f\u0440\u044b\u0433\u0438\u0432\u0430\u0435\u0442 \u0441 \u0431\u0430\u043b\u044e\u0441\u0442\u0440\u0430\u0434\u044b \u0432\u043d\u0438\u0437, \u043d\u0430 \u0442\u0435\u043d\u0442 \u0444\u0440\u0443\u043a\u0442\u043e\u0432\u043e\u0433\u043e \u0440\u044b\u043d\u043a\u0430 \u0432 \u043a\u0438\u043d\u043e\u0444\u0438\u043b\u044c\u043c\u0435 \u00ab\u0422\u0443\u0440\u0438\u0441\u0442\u00bb. \u041e\u0434\u0438\u043d \u0438\u0437 \u043f\u0430\u043b\u0430\u0446\u0446\u0438 \u0447\u0435\u0440\u0435\u0437 \u0413\u0440\u0430\u043d\u0434-\u043a\u0430\u043d\u0430\u043b \u0434\u0430\u0435\u0442 \u0444\u0430\u0441\u0430\u0434 \u0434\u043b\u044f \u0434\u043e\u043c\u0430, \u0433\u0434\u0435 \u0424\u0440\u044d\u043d\u043a \u0443\u0431\u0435\u0433\u0430\u0435\u0442 \u043d\u0430 \u043a\u0440\u044b\u0448\u0443. <\/span><span lang=\"ru\" style=\"color: #000000;\">(\u041f\u0440\u0430\u043a\u0442\u0438\u0447\u0435\u0441\u043a\u0438) \u0440\u0430\u0437\u0440\u0443\u0448\u0430\u044e\u0449\u0438\u0439\u0441\u044f \u043f\u0430\u043b\u0430\u0446\u0446\u043e \u0432 \u00ab\u041a\u0430\u0437\u0438\u043d\u043e \u0420\u043e\u044f\u043b\u044c\u00bb \u0431\u044b\u043b \u0432\u0441\u0442\u0430\u0432\u043b\u0435\u043d \u0432\u043c\u0435\u0441\u0442\u043e \u043e\u0434\u043d\u043e\u0433\u043e \u0438\u0437 \u043f\u0430\u043b\u0430\u0446\u0446\u0438 \u0447\u0435\u0440\u0435\u0437 \u0413\u0440\u0430\u043d\u0434-\u043a\u0430\u043d\u0430\u043b, \u0414\u0432\u043e\u0440\u0435\u0446 \u041b\u044c\u0432\u0430 \u041c\u043e\u0440\u043e\u0437\u0438\u043d\u0438. <\/span><span lang=\"ru\" style=\"color: #000000;\">\u0414\u0440\u0443\u0433\u0438\u0435 \u043a\u0438\u043d\u043e\u0444\u0438\u043b\u044c\u043c\u044b \u0432 \u0412\u0435\u043d\u0435\u0446\u0438\u0438: \u043f\u043e\u0433\u043e\u043d\u044f \u043d\u0430 \u0433\u043e\u043d\u0434\u043e\u043b\u0435 \u0432 007 Moonraker. \u0422\u0430\u043b\u0430\u043d\u0442\u043b\u0438\u0432\u044b\u0439 \u043c\u0438\u0441\u0442\u0435\u0440 \u0420\u0438\u043f\u043b\u0438. \u0421\u043c\u0435\u0440\u0442\u044c \u0432 \u0412\u0435\u043d\u0435\u0446\u0438\u0438. \u0418\u0442\u0430\u043b\u044c\u044f\u043d\u0441\u043a\u0430\u044f \u0420\u0430\u0431\u043e\u0442\u0430. 007 \u0418\u0437 \u0420\u043e\u0441\u0441\u0438\u0438 \u0441 \u043b\u044e\u0431\u043e\u0432\u044c\u044e.<\/span><\/p>\n<p id=\"tw-target-text\" class=\"tw-data-text tw-text-large tw-ta\" dir=\"ltr\" data-placeholder=\"\u00dcbersetzung\"><span lang=\"es\" style=\"color: #000000;\">Venecia, Italia. Mercato Rialto y Canal Grande, visto desde Campo Erberia \/ Fondamenta Vin Castello, no lejos del puente de Rialto. Este es un panorama de izquierda a derecha. Venecia es Patrimonio de la Humanidad por la UNESCO.<\/span><\/p>\n<p id=\"tw-target-text\" class=\"tw-data-text tw-text-large tw-ta\" dir=\"ltr\" data-placeholder=\"\u00dcbersetzung\"><span lang=\"es\" style=\"color: #000000;\">La casa roja en medio del panorama sostiene la terraza donde Frank Tupelo (Johnny Depp) salta de la barandilla, hacia el toldo del mercado de frutas en la pel\u00edcula de cine The Tourist. Uno de los palacios al otro lado del Canal Grande da la fachada de la casa donde Frank escapa en el techo. <\/span><span lang=\"es\" style=\"color: #000000;\">El (virtualmente) colapso de palazzo en &#8220;Casino Royale&#8221; se ha insertado en lugar de uno de los palacios a trav\u00e9s del Canal Grande, el Palacio Lion Morosini. <\/span><span lang=\"es\" style=\"color: #000000;\">Otras pel\u00edculas de cine en Venecia: persecuci\u00f3n en g\u00f3ndola en 007 Moonraker. El talentoso Sr. Ripley. Muerte en Venecia. El trabajo italiano. 007 De Rusia con amor.<\/span><\/p>\n<p><span style=\"color: #000000;\">For other data formats please email me <span style=\"color: #0000ff;\"><a href=\"mailto:office@film-felix.com\" target=\"_blank\" rel=\"noopener\"><span style=\"color: #0000ff;\"><strong>here<\/strong><\/span><\/a><\/span>.<\/span><\/p>\n<p><span style=\"color: #0000ff;\"><strong><span style=\"color: #0000ff;\"><a style=\"color: #0000ff;\" href=\"http:\/\/film-felix.com\/wp-content\/uploads\/2019\/12959_M\/MOV_12959q_mercato_trailer_vidCon_480p_20s_mT.zip\">FREE max.20sec TRAILER DOWNLOAD CLICK THIS LINE<\/a><\/span><br \/>\n<\/strong><\/span><\/p>\n<p><span style=\"color: #000000;\">COMMERCIAL USE<br \/>\n<span style=\"color: #000000;\"> For commercial use (Video files in 1080p HD quality as M2TS, MPEG or AVI) please email me <span style=\"color: #0000ff;\"><a style=\"color: #0000ff;\" href=\"mailto:office@film-felix.com\" target=\"_blank\" rel=\"noopener\"><strong>here<\/strong><\/a><\/span>. Prior to this, prepare to be asked for the usual commercial use parameters.<\/span><\/span><\/p>\n<p><span style=\"color: #999999;\">YELLOW-2 Venedig Venezia<br \/>\n<\/span><\/p>\n","protected":false},"excerpt":{"rendered":"<p><span style=\"color: #000000;\"><span style=\"color: #ffffff;\">.<\/span><br \/>\nMercato Rialto and Canal Grande, seen from Campo Erberia\/ Fondamenta Vin Castello, not far from the Rialto Bridge. Panorama from the left to the right.<br \/>\n45 seconds video clip.<br \/>\n<\/span><\/p>\n<p>&nbsp;<\/p>\n<p><iframe loading=\"lazy\" src=\"https:\/\/www.youtube.com\/embed\/1Gqik1Od-v0\" width=\"560\" height=\"315\" frameborder=\"0\" allowfullscreen=\"allowfullscreen\"><\/iframe><\/p>\n<p><span style=\"color: #000000;\">Use the &#8220;Add to cart&#8221; button below to buy the 45 seconds video clip.<br \/>\nSummer season, sunny day.<br \/>\n720p video quality, regular format 16:9.<br \/>\nOriginal environment sound.<br \/>\n<\/span><span style=\"color: #000000;\"><span style=\"color: #000000;\">MPEG data format, <span style=\"color: #0000ff;\"><strong><a style=\"color: #0000ff;\" href=\"http:\/\/www.film-felix.com\/?page_id=1517\" target=\"_blank\" rel=\"noopener\">zipped<\/a><\/strong><\/span>. File size approx. 51 MB.<br \/>\n<\/span>Licensed for private home use. <span style=\"color: #0000ff;\"><a href=\"http:\/\/film-felix.com\/?page_id=1185\"><span style=\"color: #0000ff;\"><strong>What is private home use?<\/strong><\/span><\/a><\/span><\/span><\/p>\n","protected":false},"featured_media":15122,"comment_status":"open","ping_status":"closed","template":"","meta":{"_seopress_robots_primary_cat":"","_seopress_titles_title":"","_seopress_titles_desc":"","_seopress_robots_index":"","_et_pb_use_builder":"","_et_pb_old_content":"","_et_gb_content_width":""},"product_brand":[],"product_cat":[635,670,616,37,148,218,150,212,547,321,410,625,627,222],"product_tag":[29,33,34,45,46,116],"class_list":{"0":"post-15063","1":"product","2":"type-product","3":"status-publish","4":"has-post-thumbnail","6":"product_cat-alle-2019","7":"product_cat-yellow-2","8":"product_cat-reg-casinoroyale","9":"product_cat-daylight","10":"product_cat-monuments","11":"product_cat-morning","12":"product_cat-movie-location","13":"product_cat-summer","14":"product_cat-reg-tourist","15":"product_cat-reg_unesco","16":"product_cat-venezia","17":"product_cat-reg-canalgrande","18":"product_cat-reg-veneziaothers","19":"product_cat-regular","20":"product_tag-center","21":"product_tag-ciudad","22":"product_tag-clip","23":"product_tag-europa","24":"product_tag-europe","25":"product_tag-viejo","27":"first","28":"instock","29":"downloadable","30":"virtual","31":"sold-individually","32":"taxable","33":"purchasable","34":"product-type-simple"},"_links":{"self":[{"href":"http:\/\/www.film-felix.com\/index.php?rest_route=\/wp\/v2\/product\/15063","targetHints":{"allow":["GET"]}}],"collection":[{"href":"http:\/\/www.film-felix.com\/index.php?rest_route=\/wp\/v2\/product"}],"about":[{"href":"http:\/\/www.film-felix.com\/index.php?rest_route=\/wp\/v2\/types\/product"}],"replies":[{"embeddable":true,"href":"http:\/\/www.film-felix.com\/index.php?rest_route=%2Fwp%2Fv2%2Fcomments&post=15063"}],"wp:featuredmedia":[{"embeddable":true,"href":"http:\/\/www.film-felix.com\/index.php?rest_route=\/wp\/v2\/media\/15122"}],"wp:attachment":[{"href":"http:\/\/www.film-felix.com\/index.php?rest_route=%2Fwp%2Fv2%2Fmedia&parent=15063"}],"wp:term":[{"taxonomy":"product_brand","embeddable":true,"href":"http:\/\/www.film-felix.com\/index.php?rest_route=%2Fwp%2Fv2%2Fproduct_brand&post=15063"},{"taxonomy":"product_cat","embeddable":true,"href":"http:\/\/www.film-felix.com\/index.php?rest_route=%2Fwp%2Fv2%2Fproduct_cat&post=15063"},{"taxonomy":"product_tag","embeddable":true,"href":"http:\/\/www.film-felix.com\/index.php?rest_route=%2Fwp%2Fv2%2Fproduct_tag&post=15063"}],"curies":[{"name":"wp","href":"https:\/\/api.w.org\/{rel}","templated":true}]}}