{"id":15091,"date":"2019-09-15T12:02:52","date_gmt":"2019-09-15T10:02:52","guid":{"rendered":"http:\/\/www.film-felix.com\/?post_type=product&#038;p=15091"},"modified":"2023-09-11T15:49:01","modified_gmt":"2023-09-11T13:49:01","slug":"venice-lagoon-75249-1","status":"publish","type":"product","link":"http:\/\/www.film-felix.com\/?product=venice-lagoon-75249-1","title":{"rendered":"Venice, Lagoon 75249-1 Gondola Upright Size"},"content":{"rendered":"<p><span style=\"color: #000000;\">Venice, Italy<\/span><\/p>\n<p><span style=\"color: #000000;\">Boat traffic in the lagoon, seen from the Ponte della Paglia (near the Bridge of Sighs). San Giorgio Maggiore in the background. Venice is UNESCO World Cultural Heritage Site. <strong>Upright Size<\/strong>.<\/span><\/p>\n<p><span style=\"color: #000000;\">Cinema movies in Venice: Gondola chase in 007 <span style=\"color: #0000ff;\"><strong><a style=\"color: #0000ff;\" href=\"http:\/\/www.film-felix.com\/?page_id=9168\" target=\"_blank\" rel=\"noopener\">Moonraker<\/a><\/strong><\/span>. Elise Ward meets Frank Tupelo (Angelina Jolie, Johnny Depp) in <span style=\"color: #0000ff;\"><strong><a style=\"color: #0000ff;\" href=\"http:\/\/www.film-felix.com\/?page_id=9146\" target=\"_blank\" rel=\"noopener\">The Tourist<\/a><\/strong><\/span>. Collapsing Palazzo in 007 Casino Royale. The Talented Mr. Ripley. Death in Venice. The Italian Job. 007 From Russia with Love.\u00a0<\/span><\/p>\n<p class=\"tw-data-text tw-text-large tw-ta\" dir=\"ltr\" data-placeholder=\"\u00dcbersetzung\"><span lang=\"zh-CN\" style=\"color: #000000;\" tabindex=\"0\">\u610f\u5927\u5229\u5a01\u5c3c\u65af\u3002\u4ece\u5e9e\u7279\u5fb7\u62c9\u5e15\u683c\u91cc\u4e9a\u6865\uff08\u5728\u53f9\u606f\u6865\u9644\u8fd1\uff09\u770b\u5230\u7684\u6cfb\u6e56\u4e2d\u7684\u8239\u6d41\u91cf\u3002\u5723\u4e54\u6cbb\u00b7\u9a6c\u7126\u96f7\u5728\u80cc\u666f\u4e2d\u3002\u5a01\u5c3c\u65af\u662f\u8054\u5408\u56fd\u6559\u79d1\u6587\u7ec4\u7ec7\u4e16\u754c\u6587\u5316\u9057\u4ea7\u3002\u76f4\u7acb\u5c3a\u5bf8\u3002 <\/span><span lang=\"zh-CN\" style=\"color: #000000;\" tabindex=\"0\">\u5a01\u5c3c\u65af\u7684\u7535\u5f71\u9662\u7535\u5f71\uff1a\u8d21\u591a\u62c9\u8ffd\u9010007 Moonraker\u3002\u827e\u4e3d\u65af\u00b7\u6c83\u5fb7\uff08Elise Ward\uff09\u5728\u300a\u65c5\u884c\u8005\u300b\u4e2d\u4e0e\u5f17\u5170\u514b\u00b7\u56fe\u73c0\u6d1b\uff08Frank Tupelo\uff09\uff08\u5b89\u5409\u4e3d\u5a1c\u00b7\u6731\u8389\uff08Angelina Jolie\uff09\uff0c\u7ea6\u7ff0\u5c3c\u00b7\u5fb7\u666e\uff08Johnny Depp\uff09\uff09\u89c1\u9762\u3002 007 Casino Royale\u574d\u584c\u7684\u5bab\u6bbf\u3002\u6709\u624d\u534e\u7684\u91cc\u666e\u5229\u5148\u751f\u3002\u5728\u5a01\u5c3c\u65af\u6b7b\u4ea1\u3002\u610f\u5927\u5229\u5de5\u4f5c\u3002 007\u6765\u81ea\u4fc4\u7f57\u65af\u7684\u7231\u3002<\/span><\/p>\n<p class=\"tw-data-text tw-text-large tw-ta\" dir=\"ltr\" data-placeholder=\"\u00dcbersetzung\"><span lang=\"ru\" style=\"color: #000000;\" tabindex=\"0\">\u0412\u0435\u043d\u0435\u0446\u0438\u044f, \u0418\u0442\u0430\u043b\u0438\u044f. \u0414\u0432\u0438\u0436\u0435\u043d\u0438\u0435 \u0441\u0443\u0434\u043e\u0432 \u0432 \u043b\u0430\u0433\u0443\u043d\u0435, \u0432\u0438\u0434 \u0441 \u041f\u043e\u043d\u0442\u0435-\u0434\u0435\u043b\u043b\u0430-\u041f\u0430\u043b\u044c\u044f (\u0432\u043e\u0437\u043b\u0435 \u043c\u043e\u0441\u0442\u0430 \u0412\u0437\u0434\u043e\u0445\u043e\u0432). \u0421\u0430\u043d-\u0414\u0436\u043e\u0440\u0434\u0436\u043e \u041c\u0430\u0434\u0436\u043e\u0440\u0435 \u043d\u0430 \u0437\u0430\u0434\u043d\u0435\u043c \u043f\u043b\u0430\u043d\u0435. \u0412\u0435\u043d\u0435\u0446\u0438\u044f \u044f\u0432\u043b\u044f\u0435\u0442\u0441\u044f \u043e\u0431\u044a\u0435\u043a\u0442\u043e\u043c \u0412\u0441\u0435\u043c\u0438\u0440\u043d\u043e\u0433\u043e \u043a\u0443\u043b\u044c\u0442\u0443\u0440\u043d\u043e\u0433\u043e \u043d\u0430\u0441\u043b\u0435\u0434\u0438\u044f \u042e\u041d\u0415\u0421\u041a\u041e. \u0412\u0435\u0440\u0442\u0438\u043a\u0430\u043b\u044c\u043d\u044b\u0439 \u0440\u0430\u0437\u043c\u0435\u0440. <\/span><\/p>\n<p class=\"tw-data-text tw-text-large tw-ta\" dir=\"ltr\" data-placeholder=\"\u00dcbersetzung\"><span lang=\"ru\" style=\"color: #000000;\" tabindex=\"0\">\u041a\u0438\u043d\u043e\u0444\u0438\u043b\u044c\u043c\u044b \u0432 \u0412\u0435\u043d\u0435\u0446\u0438\u0438: \u043f\u043e\u0433\u043e\u043d\u044f \u043d\u0430 \u0433\u043e\u043d\u0434\u043e\u043b\u0435 \u0432 007 Moonraker. \u042d\u043b\u0438\u0437\u0430 \u0423\u043e\u0440\u0434 \u0432\u0441\u0442\u0440\u0435\u0447\u0430\u0435\u0442 \u0424\u0440\u044d\u043d\u043a\u0430 \u0422\u0443\u043f\u0435\u043b\u043e (\u0410\u043d\u0434\u0436\u0435\u043b\u0438\u043d\u0430 \u0414\u0436\u043e\u043b\u0438, \u0414\u0436\u043e\u043d\u043d\u0438 \u0414\u0435\u043f\u043f) \u0432 \u00ab\u0422\u0443\u0440\u0438\u0441\u0442\u0435\u00bb. \u0420\u0443\u0448\u0438\u0442\u0441\u044f \u041f\u0430\u043b\u0430\u0446\u0446\u043e \u0432 007 \u041a\u0430\u0437\u0438\u043d\u043e \u0420\u043e\u044f\u043b\u044c. \u0422\u0430\u043b\u0430\u043d\u0442\u043b\u0438\u0432\u044b\u0439 \u043c\u0438\u0441\u0442\u0435\u0440 \u0420\u0438\u043f\u043b\u0438. \u0421\u043c\u0435\u0440\u0442\u044c \u0432 \u0412\u0435\u043d\u0435\u0446\u0438\u0438. \u0418\u0442\u0430\u043b\u044c\u044f\u043d\u0441\u043a\u0430\u044f \u0420\u0430\u0431\u043e\u0442\u0430. 007 \u0418\u0437 \u0420\u043e\u0441\u0441\u0438\u0438 \u0441 \u043b\u044e\u0431\u043e\u0432\u044c\u044e.<\/span><\/p>\n<p class=\"tw-data-text tw-text-large tw-ta\" dir=\"ltr\" data-placeholder=\"\u00dcbersetzung\"><span lang=\"es\" style=\"color: #000000;\" tabindex=\"0\">Venecia, Italia. Tr\u00e1fico de embarcaciones en la laguna, visto desde el Ponte della Paglia (cerca del Puente de los Suspiros). San Giorgio Maggiore al fondo. Venecia es Patrimonio de la Humanidad por la UNESCO. Formato vertical. <\/span><\/p>\n<p class=\"tw-data-text tw-text-large tw-ta\" dir=\"ltr\" data-placeholder=\"\u00dcbersetzung\"><span lang=\"es\" style=\"color: #000000;\" tabindex=\"0\">Pel\u00edculas de cine en Venecia: persecuci\u00f3n en g\u00f3ndola en 007 Moonraker. Elise Ward conoce a Frank Tupelo (Angelina Jolie, Johnny Depp) en The Tourist. Palazzo derrumbado en 007 Casino Royale. El talentoso Sr. Ripley. Muerte en Venecia. El trabajo italiano. 007 De Rusia con amor.<\/span><\/p>\n<p><span style=\"color: #000000;\">Available as part (max. 5min) of a longplay medley.<br \/>\nFor other data formats please email me <span style=\"color: #0000ff;\"><a style=\"color: #0000ff;\" href=\"mailto:office@film-felix.com\" target=\"_blank\" rel=\"noopener\"><strong>here<\/strong><\/a><\/span>.<\/span><\/p>\n<p><span style=\"color: #000000;\">COMMERCIAL USE<\/span><br \/>\n<span style=\"color: #000000;\">For commercial use. <span style=\"color: #0000ff;\"><a style=\"color: #0000ff;\" href=\"http:\/\/www.film-felix.com\/?page_id=1185\" target=\"_blank\" rel=\"noopener\"><strong>What is commercial use?<\/strong><\/a><\/span><\/span><\/p>\n<p><span style=\"color: #000000;\"><strong>YOUR FREE max. 20sec TRAILER DOWNLOAD<\/strong> comes zipped and with a text insert.<br \/>\nDownload here a <span style=\"color: #0000ff;\"><a style=\"color: #0000ff;\" href=\"http:\/\/film-felix.com\/wp-content\/uploads\/2019\/75249-1_hoch\/MOV_75249-1q_laguna_trailer_vidCon_480p_20s_mT.zip\"><strong>MOV format approx. 3,6 MB<\/strong>.<\/a><\/span><br \/>\n<\/span><\/p>\n<p><span style=\"color: #000000;\">LONGPLAY<\/span><br \/>\n<span style=\"color: #000000;\">The longplay of this video includes the ocean liner of <strong><span style=\"color: #0000ff;\"><a style=\"color: #0000ff;\" href=\"http:\/\/www.film-felix.com\/?product=venice-lagoon-75249-cruise-ship-upright\" target=\"_blank\" rel=\"noopener\">75249-2<\/a><\/span><\/strong>. Due to the file size, longplays are no download products. For a longplay email me\u00a0<span style=\"color: #0000ff;\"><a style=\"color: #0000ff;\" href=\"mailto:office@film-felix.com\" target=\"_blank\" rel=\"noopener\"><strong>here<\/strong><\/a><\/span>. Prior to this, clarify your preferred data format and transport media. In order to identify a made-to-measure video, every Film-Felix longplay comes with a 4 digit code in a corner, or with a text line of your choice.<br \/>\n<\/span><\/p>\n<p><span style=\"color: #999999;\">YELLOW-2 Venezia Venedig<br \/>\n<\/span><\/p>\n","protected":false},"excerpt":{"rendered":"<p><span style=\"color: #000000;\"><span style=\"color: #ffffff;\">.<\/span><br \/>\nBoat traffic in the lagoon, seen from the Ponte della Paglia (near the Bridge of Sighs). San Giorgio Maggiore in the background.<br \/>\n1 minute video clip.<br \/>\n<\/span><\/p>\n<p>&nbsp;<\/p>\n<p><iframe loading=\"lazy\" src=\"https:\/\/www.youtube.com\/embed\/7zkTCVO2wW4\" width=\"560\" height=\"315\" frameborder=\"0\" allowfullscreen=\"allowfullscreen\"><\/iframe><\/p>\n<p>&nbsp;<\/p>\n<p><span style=\"color: #000000;\">Use the &#8220;Add to cart&#8221; button to buy the 1 minute video clip.<br \/>\nHD Quality, <strong>Upright Size<\/strong> 9:16.<br \/>\nSummer season, clear evening.<br \/>\nOriginal environment sound.<br \/>\nM2TS video data format, <span style=\"color: #0000ff;\"><strong><a style=\"color: #0000ff;\" href=\"http:\/\/www.film-felix.com\/?page_id=1517\" target=\"_blank\" rel=\"noopener\">zipped<\/a><\/strong><\/span>. File size approx. 195 MB.<br \/>\nLicensed for private and for commercial use. <span style=\"color: #0000ff;\"><a style=\"color: #0000ff;\" href=\"http:\/\/www.film-felix.com\/?page_id=1185\" target=\"_blank\" rel=\"noopener\"><strong>What is private use? What is commercial use?<\/strong><\/a><\/span><br \/>\n<\/span><\/p>\n","protected":false},"featured_media":15127,"comment_status":"open","ping_status":"closed","template":"","meta":{"_seopress_robots_primary_cat":"none","_seopress_titles_title":"","_seopress_titles_desc":"","_seopress_robots_index":"","_et_pb_use_builder":"","_et_pb_old_content":"","_et_gb_content_width":""},"product_brand":[],"product_cat":[635,670,693,699,727,691,220,227,231,232,242,322,546,246],"product_tag":[32,33,34,46,478],"class_list":{"0":"post-15091","1":"product","2":"type-product","3":"status-publish","4":"has-post-thumbnail","6":"product_cat-alle-2019","7":"product_cat-yellow-2","8":"product_cat-city-upright-part","9":"product_cat-traffic-upright-part","10":"product_cat-medley-upright","11":"product_cat-water-upright-part","12":"product_cat-upright","13":"product_cat-upr_trains","14":"product_cat-upr_daylight","15":"product_cat-upr_evening","16":"product_cat-upr_statues-and-arts","17":"product_cat-upr_unesco","18":"product_cat-upr-venezia","19":"product_cat-upr_water","20":"product_tag-city","21":"product_tag-ciudad","22":"product_tag-clip","23":"product_tag-europe","24":"product_tag-unesco","26":"first","27":"instock","28":"downloadable","29":"virtual","30":"sold-individually","31":"taxable","32":"purchasable","33":"product-type-simple"},"_links":{"self":[{"href":"http:\/\/www.film-felix.com\/index.php?rest_route=\/wp\/v2\/product\/15091","targetHints":{"allow":["GET"]}}],"collection":[{"href":"http:\/\/www.film-felix.com\/index.php?rest_route=\/wp\/v2\/product"}],"about":[{"href":"http:\/\/www.film-felix.com\/index.php?rest_route=\/wp\/v2\/types\/product"}],"replies":[{"embeddable":true,"href":"http:\/\/www.film-felix.com\/index.php?rest_route=%2Fwp%2Fv2%2Fcomments&post=15091"}],"wp:featuredmedia":[{"embeddable":true,"href":"http:\/\/www.film-felix.com\/index.php?rest_route=\/wp\/v2\/media\/15127"}],"wp:attachment":[{"href":"http:\/\/www.film-felix.com\/index.php?rest_route=%2Fwp%2Fv2%2Fmedia&parent=15091"}],"wp:term":[{"taxonomy":"product_brand","embeddable":true,"href":"http:\/\/www.film-felix.com\/index.php?rest_route=%2Fwp%2Fv2%2Fproduct_brand&post=15091"},{"taxonomy":"product_cat","embeddable":true,"href":"http:\/\/www.film-felix.com\/index.php?rest_route=%2Fwp%2Fv2%2Fproduct_cat&post=15091"},{"taxonomy":"product_tag","embeddable":true,"href":"http:\/\/www.film-felix.com\/index.php?rest_route=%2Fwp%2Fv2%2Fproduct_tag&post=15091"}],"curies":[{"name":"wp","href":"https:\/\/api.w.org\/{rel}","templated":true}]}}