{"id":15581,"date":"2020-02-05T22:00:27","date_gmt":"2020-02-05T20:00:27","guid":{"rendered":"http:\/\/www.film-felix.com\/?post_type=product&#038;p=15581"},"modified":"2023-07-01T11:54:38","modified_gmt":"2023-07-01T09:54:38","slug":"advent-wreath-03954","status":"publish","type":"product","link":"http:\/\/www.film-felix.com\/?product=advent-wreath-03954","title":{"rendered":"Advent Wreath 03954 Four Candles soon"},"content":{"rendered":"<p><span style=\"color: #000000;\">Advent wreath (here on a wooden table), part of the christian pre-christmas time. The candles count the four sundays before christmas day.<\/span><\/p>\n<p id=\"tw-target-text\" class=\"tw-data-text tw-text-large tw-ta\" dir=\"ltr\" data-placeholder=\"\u00dcbersetzung\"><span lang=\"zh-CN\" style=\"color: #000000;\">\u6765\u4e34\u82b1\u5708\uff08\u8fd9\u91cc\u662f\u6728\u684c\u4e0a\uff09\uff0c\u662f\u57fa\u7763\u6559\u5723\u8bde\u8282\u524d\u7684\u4e00\u90e8\u5206\u3002\u8721\u70db\u5728\u5723\u8bde\u8282\u524d\u7684\u56db\u4e2a\u661f\u671f\u5929\u8ba1\u6570\u3002<\/span><\/p>\n<p id=\"tw-target-text\" class=\"tw-data-text tw-text-large tw-ta\" dir=\"ltr\" data-placeholder=\"\u00dcbersetzung\"><span lang=\"ru\" style=\"color: #000000;\">\u0420\u043e\u0436\u0434\u0435\u0441\u0442\u0432\u0435\u043d\u0441\u043a\u0438\u0439 \u0432\u0435\u043d\u043e\u043a (\u0437\u0434\u0435\u0441\u044c \u043d\u0430 \u0434\u0435\u0440\u0435\u0432\u044f\u043d\u043d\u043e\u043c \u0441\u0442\u043e\u043b\u0435), \u0447\u0430\u0441\u0442\u044c \u0445\u0440\u0438\u0441\u0442\u0438\u0430\u043d\u0441\u043a\u043e\u0433\u043e \u043f\u0435\u0440\u0435\u0434 \u0420\u043e\u0436\u0434\u0435\u0441\u0442\u0432\u043e\u043c. \u0421\u0432\u0435\u0447\u0438 \u0441\u0447\u0438\u0442\u0430\u044e\u0442 \u0447\u0435\u0442\u044b\u0440\u0435 \u0432\u043e\u0441\u043a\u0440\u0435\u0441\u0435\u043d\u044c\u044f \u043f\u0435\u0440\u0435\u0434 \u0440\u043e\u0436\u0434\u0435\u0441\u0442\u0432\u043e\u043c.<\/span><\/p>\n<p id=\"tw-target-text\" class=\"tw-data-text tw-text-large tw-ta\" dir=\"ltr\" data-placeholder=\"\u00dcbersetzung\"><span lang=\"es\" style=\"color: #000000;\">Corona de Adviento (aqu\u00ed en una mesa de madera), parte de la \u00e9poca cristiana prenavide\u00f1a. Las velas cuentan los cuatro domingos antes del d\u00eda de Navidad.<\/span><\/p>\n<p><span style=\"color: #000000;\">Available as solo longplay (loop) or as part of a longplay medley.<br \/>\nFor other data formats please email me <span style=\"color: #0000ff;\"><a href=\"mailto:office@film-felix.com\" target=\"_blank\" rel=\"noopener\"><span style=\"color: #0000ff;\"><strong>here<\/strong><\/span><\/a><\/span>.<\/span><\/p>\n<p><span style=\"color: #999999;\"><strong><span style=\"color: #0000ff;\"><a style=\"color: #0000ff;\" href=\"http:\/\/film-felix.com\/wp-content\/uploads\/2020\/03954_A\/MOV_03954q_advent_trailer_vidCon_480p_20s_mT.zip\">FREE_max. 20sec_TRAILER_DOWNLOAD_CLICK_HERE<\/a><\/span><br \/>\n<\/strong><\/span><\/p>\n<p><span style=\"color: #000000;\">COMMERCIAL USE<br \/>\n<span style=\"color: #000000;\"> For commercial use (Video files in 1080p HD quality as M2TS, MPG or AVI) please email me <span style=\"color: #0000ff;\"><a style=\"color: #0000ff;\" href=\"mailto:office@film-felix.com\" target=\"_blank\" rel=\"noopener\"><strong>here<\/strong><\/a><\/span>. Prior to this, prepare to be asked for the usual commercial use parameters.<\/span><\/span><\/p>\n<p><span style=\"color: #000000;\">LONGPLAY<br \/>\nDue to the file size, longplays are no download products. For a longplay email me\u00a0<span style=\"color: #0000ff;\"><a style=\"color: #0000ff;\" href=\"mailto:office@film-felix.com\" target=\"_blank\" rel=\"noopener\"><strong>here<\/strong><\/a><\/span>. Prior to this, clarify your preferred data format and transport media. In order to identify a made-to-measure video, each Film-Felix longplay comes with a 4 digit code in a corner, or with a text line of your choice.<\/span><\/p>\n<p><span style=\"color: #999999;\">SILVER-2<br \/>\n<\/span><\/p>\n","protected":false},"excerpt":{"rendered":"<p><span style=\"color: #000000;\"><span style=\"color: #ffffff;\">.<\/span><br \/>\nAdvent wreath, part of the christian pre-christmas time. Four candles are on.<br \/>\n50 seconds video clip.<\/span><\/p>\n<p>&nbsp;<\/p>\n<p><iframe loading=\"lazy\" src=\"https:\/\/www.youtube.com\/embed\/B0qjIkzlvr8?rel=0\" width=\"560\" height=\"315\" frameborder=\"0\" allowfullscreen=\"allowfullscreen\"><\/iframe><\/p>\n<p>&nbsp;<\/p>\n<p><span style=\"color: #000000;\">Use the &#8220;Add to cart&#8221; button below to buy the 50 seconds video clip.<br \/>\n720p video quality, regular format 16:9.<br \/>\nThe video comes silent.<br \/>\n<\/span><span style=\"color: #000000;\"><span style=\"color: #000000;\">MPG data format, <span style=\"color: #0000ff;\"><strong><a style=\"color: #0000ff;\" href=\"http:\/\/www.film-felix.com\/?page_id=1517\" target=\"_blank\" rel=\"noopener\">zipped<\/a><\/strong><\/span>. File size approx. 56 MB.<br \/>\n<\/span>Licensed for private home use. <span style=\"color: #0000ff;\"><a href=\"http:\/\/film-felix.com\/?page_id=1185\"><span style=\"color: #0000ff;\"><strong>What is private home use?<\/strong><\/span><\/a><br \/>\n<\/span><\/span><\/p>\n","protected":false},"featured_media":15743,"comment_status":"open","ping_status":"closed","template":"","meta":{"_seopress_robots_primary_cat":"none","_seopress_titles_title":"","_seopress_titles_desc":"","_seopress_robots_index":"","_et_pb_use_builder":"","_et_pb_old_content":"","_et_gb_content_width":""},"product_brand":[],"product_cat":[685,700,726,664,196,214,222],"product_tag":[34,45,46],"class_list":{"0":"post-15581","1":"product","2":"type-product","3":"status-publish","4":"has-post-thumbnail","6":"product_cat-alle-2020","7":"product_cat-silver-2","8":"product_cat-medley-regular","9":"product_cat-reg-othercateg","10":"product_cat-salzburg","11":"product_cat-winter-2","12":"product_cat-regular","13":"product_tag-clip","14":"product_tag-europa","15":"product_tag-europe","17":"first","18":"instock","19":"downloadable","20":"virtual","21":"sold-individually","22":"taxable","23":"product-type-simple"},"_links":{"self":[{"href":"http:\/\/www.film-felix.com\/index.php?rest_route=\/wp\/v2\/product\/15581","targetHints":{"allow":["GET"]}}],"collection":[{"href":"http:\/\/www.film-felix.com\/index.php?rest_route=\/wp\/v2\/product"}],"about":[{"href":"http:\/\/www.film-felix.com\/index.php?rest_route=\/wp\/v2\/types\/product"}],"replies":[{"embeddable":true,"href":"http:\/\/www.film-felix.com\/index.php?rest_route=%2Fwp%2Fv2%2Fcomments&post=15581"}],"wp:featuredmedia":[{"embeddable":true,"href":"http:\/\/www.film-felix.com\/index.php?rest_route=\/wp\/v2\/media\/15743"}],"wp:attachment":[{"href":"http:\/\/www.film-felix.com\/index.php?rest_route=%2Fwp%2Fv2%2Fmedia&parent=15581"}],"wp:term":[{"taxonomy":"product_brand","embeddable":true,"href":"http:\/\/www.film-felix.com\/index.php?rest_route=%2Fwp%2Fv2%2Fproduct_brand&post=15581"},{"taxonomy":"product_cat","embeddable":true,"href":"http:\/\/www.film-felix.com\/index.php?rest_route=%2Fwp%2Fv2%2Fproduct_cat&post=15581"},{"taxonomy":"product_tag","embeddable":true,"href":"http:\/\/www.film-felix.com\/index.php?rest_route=%2Fwp%2Fv2%2Fproduct_tag&post=15581"}],"curies":[{"name":"wp","href":"https:\/\/api.w.org\/{rel}","templated":true}]}}