{"id":15686,"date":"2020-03-22T12:24:58","date_gmt":"2020-03-22T10:24:58","guid":{"rendered":"http:\/\/www.film-felix.com\/?post_type=product&#038;p=15686"},"modified":"2020-04-24T10:19:47","modified_gmt":"2020-04-24T08:19:47","slug":"vienna-tramway-69403","status":"publish","type":"product","link":"http:\/\/www.film-felix.com\/?product=vienna-tramway-69403","title":{"rendered":"Vienna, Tramway 69403 Covid-19 soon"},"content":{"rendered":"<p><span style=\"color: #000000;\">Vienna, Austria<\/span><\/p>\n<p><span style=\"color: #000000;\">In a tram or streetcar, a view forward along the aisle. This is an ULF (Ultra Low Floor) type train, first delivery in 1997.<\/span><span style=\"color: #000000;\"> This take was made in the weeks of Covid-19 (Corona virus) lockdown in March 2020, on an otherwise regular workday. Few passengers.<br \/>\n<\/span><\/p>\n<div class=\"QmZWSe\">\n<div class=\"DHcWmd\">\n<div id=\"tw-target\">\n<div id=\"kAz1tf\" class=\"g9WsWb\">\n<p id=\"tw-target-text-container\" class=\"tw-ta-container hide-focus-ring tw-lfl\" tabindex=\"0\"><span lang=\"zh-CN\" style=\"color: #000000;\">\u7ef4\u4e5f\u7eb3\uff0c\u5965\u5730\u5229\u3002\u5728\u7535\u8f66\u6216\u6709\u8f68\u7535\u8f66\u4e2d\uff0c\u6cbf\u7740\u8fc7\u9053\u5411\u524d\u770b\u3002\u8fd9\u662f\u4e00\u67b6ULF\uff08\u8d85\u4f4e\u5c42\uff09\u578b\u706b\u8f66\uff0c\u4e8e1997\u5e74\u9996\u6b21\u4ea4\u4ed8\u3002\u8fd9\u79cd\u62cd\u6444\u662f\u57282020\u5e743\u6708\u7684Covid-19\uff08\u7535\u6655\u75c5\u6bd2\uff09\u9501\u5b9a\u6570\u5468\u540e\u8fdb\u884c\u7684\uff0c\u800c\u8be5\u5de5\u4f5c\u5468\u7684\u6b63\u5e38\u5de5\u4f5c\u65f6\u95f4\u4e3a\u51e0\u5929\u3002\u4e58\u5ba2\u5f88\u5c11\u3002<\/span><\/p>\n<\/div>\n<\/div>\n<\/div>\n<\/div>\n<p><span lang=\"ru\" style=\"color: #000000;\">\u0412\u0435\u043d\u0430, \u0410\u0432\u0441\u0442\u0440\u0438\u044f. \u0412 \u0442\u0440\u0430\u043c\u0432\u0430\u0435 \u0432\u0438\u0434 \u0432\u043f\u0435\u0440\u0435\u0434 \u043f\u043e \u043f\u0440\u043e\u0445\u043e\u0434\u0443. \u042d\u0442\u043e \u043f\u043e\u0435\u0437\u0434 \u0442\u0438\u043f\u0430 ULF (Ultra Low Floor), \u043f\u0435\u0440\u0432\u044b\u0439 \u0432\u044b\u043f\u0443\u0441\u043a \u043a\u043e\u0442\u043e\u0440\u043e\u0433\u043e \u0441\u043e\u0441\u0442\u043e\u044f\u043b\u0441\u044f \u0432 1997 \u0433\u043e\u0434\u0443. \u042d\u0442\u043e\u0442 \u0432\u0430\u0440\u0438\u0430\u043d\u0442 \u0431\u044b\u043b \u0441\u0434\u0435\u043b\u0430\u043d \u0432 \u0442\u0435\u0447\u0435\u043d\u0438\u0435 \u043d\u0435\u0441\u043a\u043e\u043b\u044c\u043a\u0438\u0445 \u043d\u0435\u0434\u0435\u043b\u044c \u043f\u043e\u0441\u043b\u0435 \u0431\u043b\u043e\u043a\u0438\u0440\u043e\u0432\u043a\u0438 Covid-19 (\u0432\u0438\u0440\u0443\u0441 \u043a\u043e\u0440\u043e\u043d\u044b) \u0432 \u043c\u0430\u0440\u0442\u0435 2020 \u0433\u043e\u0434\u0430, \u0432 \u0434\u0440\u0443\u0433\u043e\u0439 \u043e\u0431\u044b\u0447\u043d\u044b\u0439 \u0440\u0430\u0431\u043e\u0447\u0438\u0439 \u0434\u0435\u043d\u044c. \u041c\u0430\u043b\u043e \u043f\u0430\u0441\u0441\u0430\u0436\u0438\u0440\u043e\u0432.<\/span><\/p>\n<p id=\"tw-target-text\" class=\"tw-data-text tw-text-large tw-ta\" dir=\"ltr\" data-placeholder=\"\u00dcbersetzung\"><span lang=\"es\" style=\"color: #000000;\">Viena, Austria. En un tranv\u00eda, una vista hacia adelante a lo largo del pasillo. Este es un tipo de tren ULF (Ultra Low Floor), primera entrega en 1997. Esta toma se realiz\u00f3 en las semanas del cierre de Covid-19 (virus Corona) en marzo de 2020, en un d\u00eda de trabajo que de otro modo ser\u00eda regular. Pocos pasajeros.<\/span><\/p>\n<p><strong><span style=\"color: #0000ff;\"><a style=\"color: #0000ff;\" href=\"http:\/\/film-felix.com\/wp-content\/uploads\/2020\/69403_T\/MOV_69403q_bim_trailer_vidCon_480p_20s_mT.zip\">FREE max.20sec TRAILER DOWNLOAD CLICK HERE<\/a><\/span><br \/>\n<\/strong><\/p>\n<p><span style=\"color: #000000;\">COMMERCIAL USE<br \/>\nFor commercial use (Video files in 1080p HD quality as M2TS, MPEG or AVI) please email me <span style=\"color: #0000ff;\"><a style=\"color: #0000ff;\" href=\"mailto:office@film-felix.com\" target=\"_blank\" rel=\"noopener\"><strong>here<\/strong><\/a><\/span>. Prior to this, prepare to be asked for the usual commercial use parameters.<\/span><\/p>\n<p><span style=\"color: #999999;\">\u00a0YELLOW<\/span><\/p>\n","protected":false},"excerpt":{"rendered":"<p><span style=\"color: #000000;\"><span style=\"color: #ffffff;\">.<\/span><br \/>\nIn a Viennese tram, a view forward along the aisle. This is an ULF (Ultra Low Floor) type train, first delivery in 1997.<\/span><br \/>\n<span style=\"color: #000000;\">50 seconds video clip.<\/span><br \/>\n<span style=\"color: #0000ff;\"><strong><a style=\"color: #0000ff;\" href=\"http:\/\/public-transport.net\/a\/Wien_Museum\/\" target=\"_blank\" rel=\"noopener\">Vienna_Tramway_Museum<\/a><\/strong><\/span><\/p>\n<p>&nbsp;<\/p>\n<p><iframe loading=\"lazy\" src=\"https:\/\/www.youtube.com\/embed\/RW78tbrlmmo\" width=\"560\" height=\"315\" frameborder=\"0\" allowfullscreen=\"allowfullscreen\"><\/iframe><\/p>\n<p><span style=\"color: #000000;\">Use the &#8220;Add to cart&#8221; button to buy the 50 seconds video clip.<br \/>\nEarly spring season, sunny day.<br \/>\n720p video quality, regular format 16:9.<br \/>\nOriginal environment sound.<br \/>\n<\/span><span style=\"color: #000000;\">MPEG data format, <span style=\"color: #0000ff;\"><strong><a style=\"color: #0000ff;\" href=\"http:\/\/www.film-felix.com\/?page_id=1517\" target=\"_blank\" rel=\"noopener\">zipped<\/a><\/strong><\/span>. File size approx. 57 MB.<\/span><br \/>\n<span style=\"color: #000000;\">Licensed for private home use.<\/span> <span style=\"color: #0000ff;\"><a href=\"http:\/\/film-felix.com\/?page_id=1185\"><span style=\"color: #0000ff;\"><strong>What is private home use?<\/strong><\/span><\/a><\/span><\/p>\n","protected":false},"featured_media":15767,"comment_status":"open","ping_status":"closed","template":"","meta":{"_seopress_robots_primary_cat":"","_seopress_titles_title":"","_seopress_titles_desc":"","_seopress_robots_index":"","_et_pb_use_builder":"","_et_pb_old_content":"","_et_gb_content_width":""},"product_brand":[],"product_cat":[685,612,16,152,37,554,129,402,222],"product_tag":[45,46,505,510,104,141,142,112,117,123],"class_list":{"0":"post-15686","1":"product","2":"type-product","3":"status-publish","4":"has-post-thumbnail","6":"product_cat-alle-2020","7":"product_cat-yellow","8":"product_cat-austria","9":"product_cat-trains","10":"product_cat-daylight","11":"product_cat-reg-tech","12":"product_cat-vienna","13":"product_cat-reg-wothers","14":"product_cat-regular","15":"product_tag-europa","16":"product_tag-europe","17":"product_tag-austria","18":"product_tag-vienna","19":"product_tag-streetcar","20":"product_tag-traffic","21":"product_tag-train","22":"product_tag-tram","23":"product_tag-viena","24":"product_tag-wien","26":"first","27":"instock","28":"downloadable","29":"virtual","30":"sold-individually","31":"taxable","32":"product-type-simple"},"_links":{"self":[{"href":"http:\/\/www.film-felix.com\/index.php?rest_route=\/wp\/v2\/product\/15686","targetHints":{"allow":["GET"]}}],"collection":[{"href":"http:\/\/www.film-felix.com\/index.php?rest_route=\/wp\/v2\/product"}],"about":[{"href":"http:\/\/www.film-felix.com\/index.php?rest_route=\/wp\/v2\/types\/product"}],"replies":[{"embeddable":true,"href":"http:\/\/www.film-felix.com\/index.php?rest_route=%2Fwp%2Fv2%2Fcomments&post=15686"}],"wp:featuredmedia":[{"embeddable":true,"href":"http:\/\/www.film-felix.com\/index.php?rest_route=\/wp\/v2\/media\/15767"}],"wp:attachment":[{"href":"http:\/\/www.film-felix.com\/index.php?rest_route=%2Fwp%2Fv2%2Fmedia&parent=15686"}],"wp:term":[{"taxonomy":"product_brand","embeddable":true,"href":"http:\/\/www.film-felix.com\/index.php?rest_route=%2Fwp%2Fv2%2Fproduct_brand&post=15686"},{"taxonomy":"product_cat","embeddable":true,"href":"http:\/\/www.film-felix.com\/index.php?rest_route=%2Fwp%2Fv2%2Fproduct_cat&post=15686"},{"taxonomy":"product_tag","embeddable":true,"href":"http:\/\/www.film-felix.com\/index.php?rest_route=%2Fwp%2Fv2%2Fproduct_tag&post=15686"}],"curies":[{"name":"wp","href":"https:\/\/api.w.org\/{rel}","templated":true}]}}