{"id":15717,"date":"2020-03-22T15:45:30","date_gmt":"2020-03-22T13:45:30","guid":{"rendered":"http:\/\/www.film-felix.com\/?post_type=product&#038;p=15717"},"modified":"2022-10-23T15:46:28","modified_gmt":"2022-10-23T13:46:28","slug":"vienna-tramway-14029","status":"publish","type":"product","link":"http:\/\/www.film-felix.com\/?product=vienna-tramway-14029","title":{"rendered":"Vienna, Tramway 14029 Hofburg"},"content":{"rendered":"<p><span style=\"color: #000000;\">Vienna, Austria<\/span><\/p>\n<p><span style=\"color: #000000;\">On Ringstra\u00dfe, looking straight towards the Hofburg street front. A tram with green advertisement passes. This is an ULF (Ultra Low Floor) type train, first delivery in 1997.<\/span><\/p>\n<p id=\"tw-target-text\" class=\"tw-data-text tw-text-large tw-ta\" dir=\"ltr\" data-placeholder=\"\u00dcbersetzung\"><span lang=\"zh-CN\" style=\"color: #000000;\">\u7ef4\u4e5f\u7eb3\uff0c\u5965\u5730\u5229\u3002\u5728Ringstra\u00dfe\u4e0a\uff0c\u76f4\u671b\u970d\u592b\u5821\u5927\u8857\u524d\u3002\u6709\u7eff\u8272\u5e7f\u544a\u7684\u7535\u8f66\u901a\u8fc7\u3002\u8fd9\u662f\u4e00\u67b6ULF\uff08\u8d85\u4f4e\u5c42\uff09\u5217\u8f66\uff0c\u4e8e1997\u5e74\u9996\u6b21\u4ea4\u4ed8\u3002<\/span><\/p>\n<p id=\"tw-target-text\" class=\"tw-data-text tw-text-large tw-ta\" dir=\"ltr\" data-placeholder=\"\u00dcbersetzung\"><span lang=\"ru\" style=\"color: #000000;\">\u0412\u0435\u043d\u0430, \u0410\u0432\u0441\u0442\u0440\u0438\u044f. \u041d\u0430 \u0420\u0438\u043d\u0433\u0448\u0442\u0440\u0430\u0441\u0441\u0435, \u043f\u0440\u044f\u043c\u043e \u043f\u0435\u0440\u0435\u0434 \u0443\u043b\u0438\u0446\u0435\u0439 \u0425\u043e\u0444\u0431\u0443\u0440\u0433. \u041f\u0440\u043e\u0435\u0437\u0436\u0430\u0435\u0442 \u0442\u0440\u0430\u043c\u0432\u0430\u0439 \u0441 \u0437\u0435\u043b\u0435\u043d\u043e\u0439 \u0440\u0435\u043a\u043b\u0430\u043c\u043e\u0439. \u042d\u0442\u043e \u043f\u043e\u0435\u0437\u0434 \u0442\u0438\u043f\u0430 ULF (Ultra Low Floor), \u043f\u0435\u0440\u0432\u0430\u044f \u043f\u043e\u0441\u0442\u0430\u0432\u043a\u0430 \u0432 1997 \u0433\u043e\u0434\u0443.<\/span><\/p>\n<p id=\"tw-target-text\" class=\"tw-data-text tw-text-large tw-ta\" dir=\"ltr\" data-placeholder=\"\u00dcbersetzung\"><span lang=\"es\" style=\"color: #000000;\">Viena, Austria. En Ringstra\u00dfe, mirando directamente hacia el frente de la calle Hofburg. Un tranv\u00eda con publicidad verde pasa. Este es un tren tipo ULF (Ultra Low Floor), primer env\u00edo en 1997.<\/span><\/p>\n<p><strong><span style=\"color: #0000ff;\"><a style=\"color: #0000ff;\" href=\"http:\/\/film-felix.com\/wp-content\/uploads\/2020\/14029_H\/MOV_14029q_bim_trailer_vidCon_480p_20s_mT.zip\">FREE max.20sec TRAILER DOWNLOAD CLICK HERE<\/a><\/span><br \/>\n<\/strong><\/p>\n<p><span style=\"color: #000000;\">COMMERCIAL USE<br \/>\nFor commercial use (Video files in 1080p HD quality as M2TS, MPEG or AVI) please email me <span style=\"color: #0000ff;\"><a style=\"color: #0000ff;\" href=\"mailto:office@film-felix.com\" target=\"_blank\" rel=\"noopener\"><strong>here<\/strong><\/a><\/span>. Prior to this, prepare to be asked for the usual commercial use parameters.<\/span><\/p>\n<p><span style=\"color: #999999;\">\u00a0YELLOW<\/span><\/p>\n","protected":false},"excerpt":{"rendered":"<p><span style=\"color: #000000;\"><span style=\"color: #ffffff;\">.<\/span><br \/>\nOn Ringstra\u00dfe, looking straight towards the Hofburg street front. A tram passes. This is an ULF (Ultra Low Floor) type train, first delivery in 1997.<\/span><br \/>\n<span style=\"color: #000000;\">50 seconds video clip.<\/span><br \/>\n<span style=\"color: #0000ff;\"><strong><a style=\"color: #0000ff;\" href=\"http:\/\/public-transport.net\/a\/Wien_Museum\/\" target=\"_blank\" rel=\"noopener\">Vienna_Tramway_Museum<\/a><\/strong><\/span><\/p>\n<p>&nbsp;<\/p>\n<p><iframe loading=\"lazy\" src=\"https:\/\/www.youtube.com\/embed\/eUJoe6qMmfk\" width=\"560\" height=\"315\" frameborder=\"0\" allowfullscreen=\"allowfullscreen\"><\/iframe><\/p>\n<p>&nbsp;<\/p>\n<p><span style=\"color: #000000;\">Use the &#8220;Add to cart&#8221; button to buy the 50 seconds video clip.<br \/>\nEarly spring season, sunny day.<br \/>\n720p video quality, regular format 16:9.<br \/>\nOriginal street sound.<br \/>\n<\/span><span style=\"color: #000000;\">MPEG data format, <span style=\"color: #0000ff;\"><strong><a style=\"color: #0000ff;\" href=\"http:\/\/www.film-felix.com\/?page_id=1517\" target=\"_blank\" rel=\"noopener\">zipped<\/a><\/strong><\/span>. File size approx. 57 MB.<\/span><br \/>\n<span style=\"color: #000000;\">Licensed for private home use.<\/span> <span style=\"color: #0000ff;\"><a href=\"http:\/\/film-felix.com\/?page_id=1185\"><span style=\"color: #0000ff;\"><strong>What is private home use?<\/strong><\/span><\/a><\/span><\/p>\n","protected":false},"featured_media":15777,"comment_status":"open","ping_status":"closed","template":"","meta":{"_seopress_robots_primary_cat":"none","_seopress_titles_title":"","_seopress_titles_desc":"","_seopress_robots_index":"","_et_pb_use_builder":"","_et_pb_old_content":"","_et_gb_content_width":""},"product_brand":[],"product_cat":[685,612,16,152,37,321,388,129,402,396,222],"product_tag":[45,46,505,510,104,141,142,112,117,123],"class_list":{"0":"post-15717","1":"product","2":"type-product","3":"status-publish","4":"has-post-thumbnail","6":"product_cat-alle-2020","7":"product_cat-yellow","8":"product_cat-austria","9":"product_cat-trains","10":"product_cat-daylight","11":"product_cat-reg_unesco","12":"product_cat-reg-unescowien","13":"product_cat-vienna","14":"product_cat-reg-wothers","15":"product_cat-reg-ringstrasse","16":"product_cat-regular","17":"product_tag-europa","18":"product_tag-europe","19":"product_tag-austria","20":"product_tag-vienna","21":"product_tag-streetcar","22":"product_tag-traffic","23":"product_tag-train","24":"product_tag-tram","25":"product_tag-viena","26":"product_tag-wien","28":"first","29":"instock","30":"downloadable","31":"virtual","32":"sold-individually","33":"taxable","34":"purchasable","35":"product-type-simple"},"_links":{"self":[{"href":"http:\/\/www.film-felix.com\/index.php?rest_route=\/wp\/v2\/product\/15717","targetHints":{"allow":["GET"]}}],"collection":[{"href":"http:\/\/www.film-felix.com\/index.php?rest_route=\/wp\/v2\/product"}],"about":[{"href":"http:\/\/www.film-felix.com\/index.php?rest_route=\/wp\/v2\/types\/product"}],"replies":[{"embeddable":true,"href":"http:\/\/www.film-felix.com\/index.php?rest_route=%2Fwp%2Fv2%2Fcomments&post=15717"}],"wp:featuredmedia":[{"embeddable":true,"href":"http:\/\/www.film-felix.com\/index.php?rest_route=\/wp\/v2\/media\/15777"}],"wp:attachment":[{"href":"http:\/\/www.film-felix.com\/index.php?rest_route=%2Fwp%2Fv2%2Fmedia&parent=15717"}],"wp:term":[{"taxonomy":"product_brand","embeddable":true,"href":"http:\/\/www.film-felix.com\/index.php?rest_route=%2Fwp%2Fv2%2Fproduct_brand&post=15717"},{"taxonomy":"product_cat","embeddable":true,"href":"http:\/\/www.film-felix.com\/index.php?rest_route=%2Fwp%2Fv2%2Fproduct_cat&post=15717"},{"taxonomy":"product_tag","embeddable":true,"href":"http:\/\/www.film-felix.com\/index.php?rest_route=%2Fwp%2Fv2%2Fproduct_tag&post=15717"}],"curies":[{"name":"wp","href":"https:\/\/api.w.org\/{rel}","templated":true}]}}