{"id":15855,"date":"2020-04-14T22:09:44","date_gmt":"2020-04-14T20:09:44","guid":{"rendered":"http:\/\/www.film-felix.com\/?post_type=product&#038;p=15855"},"modified":"2022-08-06T13:47:33","modified_gmt":"2022-08-06T11:47:33","slug":"vienna-staatsoper-31667","status":"publish","type":"product","link":"http:\/\/www.film-felix.com\/?product=vienna-staatsoper-31667","title":{"rendered":"Vienna, Staatsoper 31667 Covid-19"},"content":{"rendered":"<p><span style=\"color: #000000;\">Vienna, Austria<\/span><\/p>\n<p><span style=\"color: #000000;\">Staatsoper (State Opera House) and Hotel Sacher, seen from the Albertina Terrace. The Innere Stadt (old town) of Vienna is UNESCO World Cultural Heritage Site. This take was recorded in the weeks of Covid-19 (Corona virus) lockdown in April 2020, on an otherwise regular workday. Few people, almost no car traffic.<br \/>\n<\/span><\/p>\n<p><span style=\"color: #000000;\">Ethan Hunt (Tom Cruise) attends &#8220;Turandot&#8221; in &#8220;Mission Impossible &#8211; Rogue Nation&#8221;, 2015. <\/span><\/p>\n<p id=\"tw-target-text\" class=\"tw-data-text tw-text-large tw-ta\" dir=\"ltr\" data-placeholder=\"\u00dcbersetzung\"><span lang=\"zh-CN\" style=\"color: #000000;\">\u5965\u5730\u5229\u7ef4\u4e5f\u7eb3\u3002\u4ece\u963f\u5c14\u8d1d\u8482\u5a1c\u9732\u53f0\uff08Albertina Terrace\uff09\u89c2\u770b\u7684\u56fd\u5bb6\u6b4c\u5267\u9662\uff08Staatsoper\uff09\u548c\u8428\u8d6b\u9152\u5e97\uff08Hotel Sacher\uff09\u3002\u7ef4\u4e5f\u7eb3\u7684\u5185\u57ce\uff08\u65e7\u57ce\u533a\uff09\u662f\u8054\u5408\u56fd\u6559\u79d1\u6587\u7ec4\u7ec7\u4e16\u754c\u6587\u5316\u9057\u4ea7\u3002\u8fd9\u9879\u8bb0\u5f55\u8bb0\u5f55\u57282020\u5e744\u6708Covid-19\uff08\u7535\u6655\u75c5\u6bd2\uff09\u9501\u5b9a\u7684\u51e0\u5468\u5185\uff0c\u800c\u5728\u5176\u4ed6\u6b63\u5e38\u5de5\u4f5c\u65e5\u3002\u5f88\u5c11\u6709\u4eba\uff0c\u51e0\u4e4e\u6ca1\u6709\u6c7d\u8f66\u901a\u884c\u3002<\/span><\/p>\n<p><span style=\"color: #000000;\"><span lang=\"ru\">\u0412\u0435\u043d\u0430, \u0410\u0432\u0441\u0442\u0440\u0438\u044f. Staatsoper (\u0413\u043e\u0441\u0443\u0434\u0430\u0440\u0441\u0442\u0432\u0435\u043d\u043d\u044b\u0439 \u043e\u043f\u0435\u0440\u043d\u044b\u0439 \u0442\u0435\u0430\u0442\u0440) \u0438 \u043e\u0442\u0435\u043b\u044c Sacher, \u0432\u0438\u0434 \u0441 \u0442\u0435\u0440\u0440\u0430\u0441\u044b \u0410\u043b\u044c\u0431\u0435\u0440\u0442\u0438\u043d\u044b. \u0412\u043d\u0443\u0442\u0440\u0435\u043d\u043d\u0438\u0439 \u0433\u043e\u0440\u043e\u0434 (\u0441\u0442\u0430\u0440\u044b\u0439 \u0433\u043e\u0440\u043e\u0434) \u0412\u0435\u043d\u044b \u044f\u0432\u043b\u044f\u0435\u0442\u0441\u044f \u043e\u0431\u044a\u0435\u043a\u0442\u043e\u043c \u0412\u0441\u0435\u043c\u0438\u0440\u043d\u043e\u0433\u043e \u043a\u0443\u043b\u044c\u0442\u0443\u0440\u043d\u043e\u0433\u043e \u043d\u0430\u0441\u043b\u0435\u0434\u0438\u044f \u042e\u041d\u0415\u0421\u041a\u041e.\u00a0<\/span><span lang=\"ru\">\u042d\u0442\u043e \u0431\u044b\u043b\u043e \u0437\u0430\u043f\u0438\u0441\u0430\u043d\u043e \u0432 \u0442\u0435\u0447\u0435\u043d\u0438\u0435 \u043d\u0435\u0441\u043a\u043e\u043b\u044c\u043a\u0438\u0445 \u043d\u0435\u0434\u0435\u043b\u044c, \u043a\u043e\u0433\u0434\u0430 Covid-19 (\u0432\u0438\u0440\u0443\u0441 \u041a\u043e\u0440\u043e\u043d\u044b) \u0431\u044b\u043b \u0437\u0430\u0431\u043b\u043e\u043a\u0438\u0440\u043e\u0432\u0430\u043d \u0432 \u0430\u043f\u0440\u0435\u043b\u0435 2020 \u0433\u043e\u0434\u0430, \u0432 \u0434\u0440\u0443\u0433\u043e\u0439 \u043e\u0431\u044b\u0447\u043d\u044b\u0439 \u0440\u0430\u0431\u043e\u0447\u0438\u0439 \u0434\u0435\u043d\u044c. \u041c\u0430\u043b\u043e \u043b\u044e\u0434\u0435\u0439, \u043f\u043e\u0447\u0442\u0438 \u043d\u0435\u0442 \u0430\u0432\u0442\u043e\u043c\u043e\u0431\u0438\u043b\u044c\u043d\u043e\u0433\u043e \u0434\u0432\u0438\u0436\u0435\u043d\u0438\u044f.<\/span><\/span><\/p>\n<p id=\"tw-target-text\" class=\"tw-data-text tw-text-large tw-ta\" dir=\"ltr\" data-placeholder=\"\u00dcbersetzung\"><span lang=\"es\" style=\"color: #000000;\">Viena, Austria. Staatsoper (State Opera House) y Hotel Sacher, visto desde la Terraza Albertina. El centro de la ciudad (ciudad vieja) de Viena es Patrimonio de la Humanidad por la UNESCO. Esta toma se registr\u00f3 en las semanas del bloqueo de Covid-19 (virus Corona) en abril de 2020, en un d\u00eda laboral que de otro modo ser\u00eda regular. Pocas personas, casi no hay tr\u00e1fico de autom\u00f3viles.<\/span><\/p>\n<p><span style=\"color: #000000;\">Available as part (max.6min) of a longplay medley.<br \/>\nFor other data formats please email me <span style=\"color: #0000ff;\"><a href=\"mailto:office@film-felix.com\" target=\"_blank\" rel=\"noopener\"><span style=\"color: #0000ff;\"><strong>here<\/strong><\/span><\/a><\/span>.<\/span><\/p>\n<p><span style=\"color: #0000ff;\"><a style=\"color: #0000ff;\" href=\"http:\/\/film-felix.com\/wp-content\/uploads\/2020\/31667_H\/MOV_31667q_opera_trailer_vidCon_480p_20s_mT.zip\"><strong>FREE max.20sec TRAILER DOWNLOAD .mov format CLICK THIS LINE<\/strong><\/a><\/span><\/p>\n<p><span style=\"color: #000000;\">COMMERCIAL USE<br \/>\nFor commercial use (Video files in 1080p HD quality as M2TS, MPEG or AVI) please email me <span style=\"color: #0000ff;\"><a style=\"color: #0000ff;\" href=\"mailto:office@film-felix.com\" target=\"_blank\" rel=\"noopener\"><strong>here<\/strong><\/a><\/span>. Prior to this, prepare to be asked for the usual commercial use parameters.<\/span><\/p>\n<p><span style=\"color: #000000;\">LONGPLAY<br \/>\nDue to the file size, longplays are no download products. For a longplay email me\u00a0<span style=\"color: #0000ff;\"><a style=\"color: #0000ff;\" href=\"mailto:office@film-felix.com\" target=\"_blank\" rel=\"noopener\"><strong>here<\/strong><\/a><\/span>. Prior to this, clarify your preferred data format and transport media. In order to identify a made-to-measure video, each Film-Felix longplay comes with a 4 digit code in a corner, or with a text line of your choice.<\/span><\/p>\n<p><span style=\"color: #999999;\">YELLOW<\/span><\/p>\n","protected":false},"excerpt":{"rendered":"<p><span style=\"color: #000000;\"><span style=\"color: #ffffff;\">.<\/span><br \/>\nStaatsoper (State Opera House) and Hotel Sacher, seen from the Albertina Terrace. This take was recorded in the weeks of Covid-19 (Corona virus) lockdown in April 2020, on an otherwise regular workday. Few people, almost no car traffic.<br \/>\n50 seconds video clip.<\/span><br \/>\n<span style=\"color: #0000ff;\"><strong><a style=\"color: #0000ff;\" href=\"http:\/\/www.wiener-staatsoper.at\/Content.Node\/home\/Startseite-Content.en.php\" target=\"_blank\" rel=\"noopener\">Wiener_Staatsoper<\/a><\/strong><\/span><\/p>\n<p>&nbsp;<\/p>\n<p><iframe loading=\"lazy\" src=\"https:\/\/www.youtube.com\/embed\/2PAWsR3ajOE\" width=\"560\" height=\"315\" frameborder=\"0\" allowfullscreen=\"allowfullscreen\"><\/iframe><\/p>\n<p>&nbsp;<\/p>\n<p><span style=\"color: #000000;\">Use the &#8220;Add to cart&#8221; button below to buy the 50 seconds video clip.<br \/>\nSpring season, sunny day.<br \/>\n720p video quality, regular format 16:9.<br \/>\nOriginal environment sound.<br \/>\n<\/span><span style=\"color: #000000;\"><span style=\"color: #000000;\">MPEG data format, <span style=\"color: #0000ff;\"><strong><a style=\"color: #0000ff;\" href=\"http:\/\/www.film-felix.com\/?page_id=1517\" target=\"_blank\" rel=\"noopener\">zipped<\/a><\/strong><\/span>. File size approx. 56 MB.<br \/>\n<\/span>Licensed for private home use. <span style=\"color: #0000ff;\"><a href=\"http:\/\/film-felix.com\/?page_id=1185\"><span style=\"color: #0000ff;\"><strong>What is private home use?<\/strong><\/span><\/a><\/span><\/span><\/p>\n","protected":false},"featured_media":15857,"comment_status":"open","ping_status":"closed","template":"","meta":{"_seopress_robots_primary_cat":"none","_seopress_titles_title":"","_seopress_titles_desc":"","_seopress_robots_index":"","_et_pb_use_builder":"","_et_pb_old_content":"","_et_gb_content_width":""},"product_brand":[],"product_cat":[685,612,690,726,698,16,149,37,392,148,150,321,388,129,399,396,222],"product_tag":[29,32,33,34,45,46,73,159,510,102,117,123],"class_list":{"0":"post-15855","1":"product","2":"type-product","3":"status-publish","4":"has-post-thumbnail","6":"product_cat-alle-2020","7":"product_cat-yellow","8":"product_cat-city-regular-part","9":"product_cat-medley-regular","10":"product_cat-traffic-regular-part","11":"product_cat-austria","12":"product_cat-city-life","13":"product_cat-daylight","14":"product_cat-reg-mission","15":"product_cat-monuments","16":"product_cat-movie-location","17":"product_cat-reg_unesco","18":"product_cat-reg-unescowien","19":"product_cat-vienna","20":"product_cat-reg-wzentrum","21":"product_cat-reg-ringstrasse","22":"product_cat-regular","23":"product_tag-center","24":"product_tag-city","25":"product_tag-ciudad","26":"product_tag-clip","27":"product_tag-europa","28":"product_tag-europe","29":"product_tag-monument","30":"product_tag-opera","31":"product_tag-vienna","32":"product_tag-square-gate","33":"product_tag-viena","34":"product_tag-wien","36":"first","37":"instock","38":"downloadable","39":"virtual","40":"sold-individually","41":"taxable","42":"purchasable","43":"product-type-simple"},"_links":{"self":[{"href":"http:\/\/www.film-felix.com\/index.php?rest_route=\/wp\/v2\/product\/15855","targetHints":{"allow":["GET"]}}],"collection":[{"href":"http:\/\/www.film-felix.com\/index.php?rest_route=\/wp\/v2\/product"}],"about":[{"href":"http:\/\/www.film-felix.com\/index.php?rest_route=\/wp\/v2\/types\/product"}],"replies":[{"embeddable":true,"href":"http:\/\/www.film-felix.com\/index.php?rest_route=%2Fwp%2Fv2%2Fcomments&post=15855"}],"wp:featuredmedia":[{"embeddable":true,"href":"http:\/\/www.film-felix.com\/index.php?rest_route=\/wp\/v2\/media\/15857"}],"wp:attachment":[{"href":"http:\/\/www.film-felix.com\/index.php?rest_route=%2Fwp%2Fv2%2Fmedia&parent=15855"}],"wp:term":[{"taxonomy":"product_brand","embeddable":true,"href":"http:\/\/www.film-felix.com\/index.php?rest_route=%2Fwp%2Fv2%2Fproduct_brand&post=15855"},{"taxonomy":"product_cat","embeddable":true,"href":"http:\/\/www.film-felix.com\/index.php?rest_route=%2Fwp%2Fv2%2Fproduct_cat&post=15855"},{"taxonomy":"product_tag","embeddable":true,"href":"http:\/\/www.film-felix.com\/index.php?rest_route=%2Fwp%2Fv2%2Fproduct_tag&post=15855"}],"curies":[{"name":"wp","href":"https:\/\/api.w.org\/{rel}","templated":true}]}}