{"id":16123,"date":"2020-07-03T19:47:58","date_gmt":"2020-07-03T17:47:58","guid":{"rendered":"http:\/\/www.film-felix.com\/?post_type=product&#038;p=16123"},"modified":"2025-07-15T12:53:15","modified_gmt":"2025-07-15T10:53:15","slug":"vienna-wiental-63615","status":"publish","type":"product","link":"http:\/\/www.film-felix.com\/?product=vienna-wiental-63615","title":{"rendered":"Vienna, Wiental 63615 Subway U4"},"content":{"rendered":"<p><span style=\"color: #000000;\">Vienna, Austria<\/span><\/p>\n<p><span style=\"color: #000000;\">The subway lines U4 and U6 meet at the station &#8220;L\u00e4ngenfeldgasse&#8221;. L\u00e4ngenfeldgasse is half way between city center and Sch\u00f6nbrunn Palace.<br \/>\n<\/span><\/p>\n<p><span style=\"color: #000000;\">For other data formats please email me <span style=\"color: #0000ff;\"><a href=\"mailto:office@film-felix.com\" target=\"_blank\" rel=\"noopener\"><span style=\"color: #0000ff;\"><strong>here<\/strong><\/span><\/a><\/span>.<\/span><\/p>\n<p><span style=\"color: #999999;\"><strong><span style=\"color: #0000ff;\"><a style=\"color: #0000ff;\" href=\"http:\/\/film-felix.com\/wp-content\/uploads\/2020\/63615_W\/MOV_63615q_u4_trailer_vidCon_480_20s_mT.zip\">FREE_max.20sec_TRAILER_DOWNLOAD_CLICK_HERE<\/a><\/span><br \/>\n<\/strong><\/span><\/p>\n<p><span style=\"color: #000000;\">COMMERCIAL USE<br \/>\n<span style=\"color: #000000;\"> For commercial use (Video files in 1080p HD quality as M2TS, MPG or AVI) please email me <span style=\"color: #0000ff;\"><a style=\"color: #0000ff;\" href=\"mailto:office@film-felix.com\" target=\"_blank\" rel=\"noopener\"><strong>here<\/strong><\/a><\/span>. Prior to this, prepare to be asked for the usual commercial use parameters.<\/span><\/span><\/p>\n<p><span style=\"color: #000000;\">LONGPLAY<br \/>\nDue to the file size, longplays are no download products. For a longplay email me\u00a0<span style=\"color: #0000ff;\"><a style=\"color: #0000ff;\" href=\"mailto:office@film-felix.com\" target=\"_blank\" rel=\"noopener\"><strong>here<\/strong><\/a><\/span>. Prior to this, clarify your preferred data format and transport media. In order to identify a made-to-measure video, each Film-Felix longplay comes with a 4 digit code in a corner, or with a text line of your choice.<\/span><\/p>\n<p><span style=\"color: #999999;\">SILVER-2 Metro<\/span><\/p>\n","protected":false},"excerpt":{"rendered":"<p><span style=\"color: #000000;\"><span style=\"color: #ffffff;\">.<\/span><br \/>\nThe subway lines U4 and U6 meet at the station &#8220;L\u00e4ngenfeldgasse&#8221;. L\u00e4ngenfeldgasse is half way between city center and Sch\u00f6nbrunn Palace.<br \/>\n50 seconds video clip.<\/span><\/p>\n<p>&nbsp;<\/p>\n<p><iframe loading=\"lazy\" src=\"https:\/\/www.youtube.com\/embed\/n9Re-L-7erI\" width=\"560\" height=\"315\" frameborder=\"0\" allowfullscreen=\"allowfullscreen\"><\/iframe><\/p>\n<p>&nbsp;<\/p>\n<p><span style=\"color: #000000;\">Use the \u201cAdd to cart\u201d button to buy the 50 seconds video clip.<br \/>\nSummer season, sunny day.<br \/>\n720p video quality, regular format 16:9.<br \/>\nOriginal environment sound.<br \/>\n<\/span><span style=\"color: #000000;\"><span style=\"color: #000000;\">MPG data format, <span style=\"color: #0000ff;\"><strong><a style=\"color: #0000ff;\" href=\"http:\/\/www.film-felix.com\/?page_id=1517\" target=\"_blank\" rel=\"noopener\">zipped<\/a><\/strong><\/span>. File size approx. 56 MB.<br \/>\n<\/span>Licensed for private home use. <span style=\"color: #0000ff;\"><a href=\"http:\/\/film-felix.com\/?page_id=1185\"><span style=\"color: #0000ff;\"><strong>What is private home use?<\/strong><\/span><\/a><br \/>\n<span style=\"color: #000000;\">Available as solo longplay (max.35min) or as part of a longplay medley.<\/span><\/span><\/span><\/p>\n","protected":false},"featured_media":16132,"comment_status":"open","ping_status":"closed","template":"","meta":{"_seopress_robots_primary_cat":"none","_seopress_titles_title":"","_seopress_titles_desc":"","_seopress_robots_index":"","_et_pb_use_builder":"","_et_pb_old_content":"","_et_gb_content_width":""},"product_brand":[],"product_cat":[685,764,700,726,698,16,152,37,212,554,129,402,222],"product_tag":[45,46,85,505,510,105,142,113,115,117,123],"class_list":{"0":"post-16123","1":"product","2":"type-product","3":"status-publish","4":"has-post-thumbnail","6":"product_cat-alle-2020","7":"product_cat-elevator-regular-up","8":"product_cat-silver-2","9":"product_cat-medley-regular","10":"product_cat-traffic-regular-part","11":"product_cat-austria","12":"product_cat-trains","13":"product_cat-daylight","14":"product_cat-summer","15":"product_cat-reg-tech","16":"product_cat-vienna","17":"product_cat-reg-wothers","18":"product_cat-regular","19":"product_tag-europa","20":"product_tag-europe","21":"product_tag-prater","22":"product_tag-austria","23":"product_tag-vienna","24":"product_tag-subway","25":"product_tag-train","26":"product_tag-tube","27":"product_tag-underground","28":"product_tag-viena","29":"product_tag-wien","31":"first","32":"instock","33":"downloadable","34":"virtual","35":"sold-individually","36":"taxable","37":"purchasable","38":"product-type-simple"},"_links":{"self":[{"href":"http:\/\/www.film-felix.com\/index.php?rest_route=\/wp\/v2\/product\/16123","targetHints":{"allow":["GET"]}}],"collection":[{"href":"http:\/\/www.film-felix.com\/index.php?rest_route=\/wp\/v2\/product"}],"about":[{"href":"http:\/\/www.film-felix.com\/index.php?rest_route=\/wp\/v2\/types\/product"}],"replies":[{"embeddable":true,"href":"http:\/\/www.film-felix.com\/index.php?rest_route=%2Fwp%2Fv2%2Fcomments&post=16123"}],"wp:featuredmedia":[{"embeddable":true,"href":"http:\/\/www.film-felix.com\/index.php?rest_route=\/wp\/v2\/media\/16132"}],"wp:attachment":[{"href":"http:\/\/www.film-felix.com\/index.php?rest_route=%2Fwp%2Fv2%2Fmedia&parent=16123"}],"wp:term":[{"taxonomy":"product_brand","embeddable":true,"href":"http:\/\/www.film-felix.com\/index.php?rest_route=%2Fwp%2Fv2%2Fproduct_brand&post=16123"},{"taxonomy":"product_cat","embeddable":true,"href":"http:\/\/www.film-felix.com\/index.php?rest_route=%2Fwp%2Fv2%2Fproduct_cat&post=16123"},{"taxonomy":"product_tag","embeddable":true,"href":"http:\/\/www.film-felix.com\/index.php?rest_route=%2Fwp%2Fv2%2Fproduct_tag&post=16123"}],"curies":[{"name":"wp","href":"https:\/\/api.w.org\/{rel}","templated":true}]}}