{"id":16128,"date":"2020-07-05T11:36:52","date_gmt":"2020-07-05T09:36:52","guid":{"rendered":"http:\/\/www.film-felix.com\/?post_type=product&#038;p=16128"},"modified":"2025-07-15T12:48:45","modified_gmt":"2025-07-15T10:48:45","slug":"vienna-wiental-60528","status":"publish","type":"product","link":"http:\/\/www.film-felix.com\/?product=vienna-wiental-60528","title":{"rendered":"Vienna, Wiental 60528 Subway U4 Upright Size"},"content":{"rendered":"<p><span style=\"color: #000000;\">Vienna, Austria<\/span><\/p>\n<p><span style=\"color: #000000;\">The subway lines U4 and U6 meet at the station &#8220;L\u00e4ngenfeldgasse&#8221;. L\u00e4ngenfeldgasse is half way between city center and Sch\u00f6nbrunn Palace.<\/span><br \/>\n<span style=\"color: #000000;\"><strong>Upright Size<\/strong><\/span><\/p>\n<p><span style=\"color: #000000;\">Available as part (max.21min) of a longplay medley.<br \/>\nFor other data formats please email me <span style=\"color: #0000ff;\"><a style=\"color: #0000ff;\" href=\"mailto:office@film-felix.com\" target=\"_blank\" rel=\"noopener\"><strong>here<\/strong><\/a><\/span>.<\/span><\/p>\n<p><span style=\"color: #000000;\">COMMERCIAL USE<br \/>\nFor commercial use. <span style=\"color: #0000ff;\"><a style=\"color: #0000ff;\" href=\"http:\/\/www.film-felix.com\/?page_id=1185\" target=\"_blank\" rel=\"noopener\"><strong>What is commercial use?<\/strong><\/a><\/span><\/span><\/p>\n<p><span style=\"color: #999999;\"><strong><span style=\"color: #0000ff;\"><a style=\"color: #0000ff;\" href=\"http:\/\/film-felix.com\/wp-content\/uploads\/2020\/60528_hoch\/MOV_60528q_u4_trailer_vidCon_480_20s_mT.zip\">FREE_max.20sec_TRAILER_DOWNLOAD_CLICK_HERE<\/a><\/span><\/strong><\/span><\/p>\n<p><span style=\"color: #000000;\">LONGPLAY<br \/>\nDue to the file size, longplays are no download products. For a longplay email me\u00a0<span style=\"color: #0000ff;\"><a style=\"color: #0000ff;\" href=\"mailto:office@film-felix.com\" target=\"_blank\" rel=\"noopener\"><strong>here<\/strong><\/a><\/span>. Prior to this, clarify your preferred data format and transport media. In order to identify a made-to-measure video, every Film-Felix longplay comes with a 4 digit code in a corner, or with a text line of your choice.<\/span><\/p>\n<p><span style=\"color: #999999;\">SILVER-2 Metro<br \/>\n<\/span><\/p>\n","protected":false},"excerpt":{"rendered":"<p><span style=\"color: #000000;\"><span style=\"color: #ffffff;\">.<\/span><br \/>\nThe subway lines U4 and U6 meet at the station &#8220;L\u00e4ngenfeldgasse&#8221;. L\u00e4ngenfeldgasse is half way between city center and Sch\u00f6nbrunn Palace.<br \/>\n1 minute video clip.<br \/>\n<\/span><\/p>\n<p>&nbsp;<\/p>\n<p><iframe loading=\"lazy\" src=\"https:\/\/www.youtube.com\/embed\/nmz-YjaKLtA\" width=\"560\" height=\"315\" frameborder=\"0\" allowfullscreen=\"allowfullscreen\"><\/iframe><\/p>\n<p>&nbsp;<\/p>\n<p><span style=\"color: #000000;\">Use the \u201cAdd to cart\u201d button to buy the 1 minute video clip.<br \/>\nHD Quality, <strong>Upright format<\/strong> 9:16.<br \/>\nSummer season, sunny afternoon.<br \/>\nOriginal environment sound.<br \/>\nM2TS video data format, <span style=\"color: #0000ff;\"><strong><a style=\"color: #0000ff;\" href=\"http:\/\/www.film-felix.com\/?page_id=1517\" target=\"_blank\" rel=\"noopener\">zipped<\/a><\/strong><\/span>. File size approx. 63 MB.<br \/>\nLicensed for private and for commercial use. <span style=\"color: #0000ff;\"><a style=\"color: #0000ff;\" href=\"http:\/\/www.film-felix.com\/?page_id=1185\" target=\"_blank\" rel=\"noopener\"><strong>What is private use? What is commercial use?<\/strong><\/a><\/span><br \/>\n<\/span><\/p>\n","protected":false},"featured_media":16138,"comment_status":"open","ping_status":"closed","template":"","meta":{"_seopress_robots_primary_cat":"none","_seopress_titles_title":"","_seopress_titles_desc":"","_seopress_robots_index":"","_et_pb_use_builder":"","_et_pb_old_content":"","_et_gb_content_width":""},"product_brand":[],"product_cat":[685,766,700,693,699,727,220,223,227,231,243,555,245,682],"product_tag":[34,38,41,42,46,58,505,510,117,123],"class_list":{"0":"post-16128","1":"product","2":"type-product","3":"status-publish","4":"has-post-thumbnail","6":"product_cat-alle-2020","7":"product_cat-elevator-regular-down","8":"product_cat-silver-2","9":"product_cat-city-upright-part","10":"product_cat-traffic-upright-part","11":"product_cat-medley-upright","12":"product_cat-upright","13":"product_cat-upr_austria","14":"product_cat-upr_trains","15":"product_cat-upr_daylight","16":"product_cat-upr_summer","17":"product_cat-upr-tech","18":"product_cat-upr-vienna","19":"product_cat-upr-wothers","20":"product_tag-clip","21":"product_tag-daylights","22":"product_tag-emperor","23":"product_tag-empress","24":"product_tag-europe","25":"product_tag-imperial","26":"product_tag-austria","27":"product_tag-vienna","28":"product_tag-viena","29":"product_tag-wien","31":"first","32":"instock","33":"downloadable","34":"virtual","35":"sold-individually","36":"taxable","37":"purchasable","38":"product-type-simple"},"_links":{"self":[{"href":"http:\/\/www.film-felix.com\/index.php?rest_route=\/wp\/v2\/product\/16128","targetHints":{"allow":["GET"]}}],"collection":[{"href":"http:\/\/www.film-felix.com\/index.php?rest_route=\/wp\/v2\/product"}],"about":[{"href":"http:\/\/www.film-felix.com\/index.php?rest_route=\/wp\/v2\/types\/product"}],"replies":[{"embeddable":true,"href":"http:\/\/www.film-felix.com\/index.php?rest_route=%2Fwp%2Fv2%2Fcomments&post=16128"}],"wp:featuredmedia":[{"embeddable":true,"href":"http:\/\/www.film-felix.com\/index.php?rest_route=\/wp\/v2\/media\/16138"}],"wp:attachment":[{"href":"http:\/\/www.film-felix.com\/index.php?rest_route=%2Fwp%2Fv2%2Fmedia&parent=16128"}],"wp:term":[{"taxonomy":"product_brand","embeddable":true,"href":"http:\/\/www.film-felix.com\/index.php?rest_route=%2Fwp%2Fv2%2Fproduct_brand&post=16128"},{"taxonomy":"product_cat","embeddable":true,"href":"http:\/\/www.film-felix.com\/index.php?rest_route=%2Fwp%2Fv2%2Fproduct_cat&post=16128"},{"taxonomy":"product_tag","embeddable":true,"href":"http:\/\/www.film-felix.com\/index.php?rest_route=%2Fwp%2Fv2%2Fproduct_tag&post=16128"}],"curies":[{"name":"wp","href":"https:\/\/api.w.org\/{rel}","templated":true}]}}