{"id":16884,"date":"2021-08-24T19:28:29","date_gmt":"2021-08-24T17:28:29","guid":{"rendered":"http:\/\/www.film-felix.com\/?post_type=product&#038;p=16884"},"modified":"2023-07-13T16:12:47","modified_gmt":"2023-07-13T14:12:47","slug":"lisbon-05920","status":"publish","type":"product","link":"http:\/\/www.film-felix.com\/?product=lisbon-05920","title":{"rendered":"Lisbon 05920 Torre de Belem Images soon"},"content":{"rendered":"<p><span style=\"color: #000000;\">Lisbon, Portugal<\/span><\/p>\n<p><span style=\"color: #000000;\">The Belem Tower, also known as Torre de Sao Vicente, on the banks of the river Tejo. <\/span><span style=\"color: #000000;\">This is a collection of <span style=\"color: #ff0000;\"><strong>photos and filmstills <\/strong><\/span>for download.<\/span><\/p>\n<p id=\"tw-target-text\" class=\"tw-data-text tw-text-large XcVN5d tw-ta\" dir=\"ltr\" data-placeholder=\"\u00dcbersetzung\"><span class=\"Y2IQFc\" lang=\"es\">Lisboa, Portugal. La Torre de Belem, tambi\u00e9n conocida como Torre de Sao Vicente, a orillas del r\u00edo Tajo. \u00c9sta es una colecci\u00f3n de fotograf\u00edas y filmstills para descargar.<\/span><\/p>\n<p id=\"tw-target-text\" class=\"tw-data-text tw-text-large XcVN5d tw-ta\" dir=\"ltr\" data-placeholder=\"\u00dcbersetzung\"><span class=\"Y2IQFc\" lang=\"zh-CN\">\u8461\u8404\u7259\u91cc\u65af\u672c\u3002\u8d1d\u4f26\u5854\uff0c\u4e5f\u88ab\u79f0\u4e3a Torre de Sao Vicente\uff0c\u4f4d\u4e8e Tejo \u6cb3\u7554\u3002\u8fd9\u662f\u53ef\u4f9b\u4e0b\u8f7d\u7684\u7167\u7247\u548c\u7535\u5f71\u5267\u7167\u7684\u96c6\u5408\u3002<\/span><\/p>\n<p id=\"tw-target-text\" class=\"tw-data-text tw-text-large XcVN5d tw-ta\" dir=\"ltr\" data-placeholder=\"\u00dcbersetzung\"><span class=\"Y2IQFc\" lang=\"ru\">\u041b\u0438\u0441\u0441\u0430\u0431\u043e\u043d, \u041f\u043e\u0440\u0442\u0443\u0433\u0430\u043b\u0438\u044f. \u0411\u0430\u0448\u043d\u044f \u0411\u0435\u043b\u0435\u043d, \u0442\u0430\u043a\u0436\u0435 \u0438\u0437\u0432\u0435\u0441\u0442\u043d\u0430\u044f \u043a\u0430\u043a \u0422\u043e\u0440\u0440\u0435-\u0434\u0435-\u0421\u0430\u043d-\u0412\u0438\u0441\u0435\u043d\u0442\u0435, \u043d\u0430 \u0431\u0435\u0440\u0435\u0433\u0443 \u0440\u0435\u043a\u0438 \u0422\u0435\u0436\u0443. \u042d\u0442\u043e \u043a\u043e\u043b\u043b\u0435\u043a\u0446\u0438\u044f \u0444\u043e\u0442\u043e\u0433\u0440\u0430\u0444\u0438\u0439 \u0438 \u043a\u0430\u0434\u0440\u043e\u0432 \u0444\u0438\u043b\u044c\u043c\u043e\u0432 \u0434\u043b\u044f \u0441\u043a\u0430\u0447\u0438\u0432\u0430\u043d\u0438\u044f.<\/span><\/p>\n<p id=\"tw-target-text\" class=\"tw-data-text tw-text-large XcVN5d tw-ta\" dir=\"ltr\" data-placeholder=\"\u00dcbersetzung\"><span class=\"Y2IQFc\" lang=\"ja\">\u30ea\u30b9\u30dc\u30f3\u3001\u30dd\u30eb\u30c8\u30ac\u30eb\u3002\u30c6\u30fc\u30b8\u30e7\u5ddd\u306e\u307b\u3068\u308a\u306b\u3042\u308b\u30d9\u30ec\u30f3\u306e\u5854\u3001\u5225\u540d\u30c8\u30fc\u30ec\u30c7\u30b5\u30f3\u30d3\u30bb\u30f3\u30c6\u3002\u3053\u308c\u306f\u30c0\u30a6\u30f3\u30ed\u30fc\u30c9\u7528\u306e\u5199\u771f\u3068\u30d5\u30a3\u30eb\u30e0\u9759\u6b62\u753b\u306e\u30b3\u30ec\u30af\u30b7\u30e7\u30f3\u3067\u3059\u3002<\/span><\/p>\n<p><span style=\"color: #999999;\">HELLBLAU<\/span><\/p>\n","protected":false},"excerpt":{"rendered":"<p><span style=\"color: #000000;\"><span style=\"color: #ffffff;\">.<\/span><br \/>\nThe Belem Tower, also known as Torre de Sao Vicente, on the banks of the river Tejo.<br \/>\nThis is a collection of 5 <span style=\"color: #ff0000;\"><strong>photos and filmstills.<\/strong><\/span><br \/>\n<\/span><\/p>\n<p>&nbsp;<\/p>\n<p><span style=\"color: #000000;\">Use the \u201cAdd to cart\u201d button to buy the images.<\/span><br \/>\n<span style=\"color: #000000;\">Different sources, different formats.<\/span><br \/>\n<span style=\"color: #000000;\">Summer season, sunny day.<\/span><br \/>\n<span style=\"color: #000000;\">Licensed for private home use. <\/span><a href=\"http:\/\/film-felix.com\/?page_id=1185\"><strong><span style=\"color: #000000;\"><span style=\"color: #0000ff;\">What is private home use?<\/span><\/span><\/strong><\/a><\/p>\n","protected":false},"featured_media":16894,"comment_status":"open","ping_status":"closed","template":"","meta":{"_seopress_robots_primary_cat":"none","_seopress_titles_title":"","_seopress_titles_desc":"","_seopress_robots_index":"","_et_pb_use_builder":"","_et_pb_old_content":"","_et_gb_content_width":""},"product_brand":[],"product_cat":[708,713,37,672,717,148,722,634,321,662,222,220,231,673,718,723,322,663],"product_tag":[],"class_list":{"0":"post-16884","1":"product","2":"type-product","3":"status-publish","4":"has-post-thumbnail","6":"product_cat-alle-2021","7":"product_cat-hellblau","8":"product_cat-daylight","9":"product_cat-reg-images","10":"product_cat-reg-lisbon","11":"product_cat-monuments","12":"product_cat-reg-portugal","13":"product_cat-reg-statues","14":"product_cat-reg_unesco","15":"product_cat-reg-unescoother","16":"product_cat-regular","17":"product_cat-upright","18":"product_cat-upr_daylight","19":"product_cat-upr-images","20":"product_cat-upr-lisbon","21":"product_cat-upr-portugal","22":"product_cat-upr_unesco","23":"product_cat-upr-unescoother","25":"first","26":"instock","27":"downloadable","28":"virtual","29":"sold-individually","30":"taxable","31":"product-type-simple"},"_links":{"self":[{"href":"http:\/\/www.film-felix.com\/index.php?rest_route=\/wp\/v2\/product\/16884","targetHints":{"allow":["GET"]}}],"collection":[{"href":"http:\/\/www.film-felix.com\/index.php?rest_route=\/wp\/v2\/product"}],"about":[{"href":"http:\/\/www.film-felix.com\/index.php?rest_route=\/wp\/v2\/types\/product"}],"replies":[{"embeddable":true,"href":"http:\/\/www.film-felix.com\/index.php?rest_route=%2Fwp%2Fv2%2Fcomments&post=16884"}],"wp:featuredmedia":[{"embeddable":true,"href":"http:\/\/www.film-felix.com\/index.php?rest_route=\/wp\/v2\/media\/16894"}],"wp:attachment":[{"href":"http:\/\/www.film-felix.com\/index.php?rest_route=%2Fwp%2Fv2%2Fmedia&parent=16884"}],"wp:term":[{"taxonomy":"product_brand","embeddable":true,"href":"http:\/\/www.film-felix.com\/index.php?rest_route=%2Fwp%2Fv2%2Fproduct_brand&post=16884"},{"taxonomy":"product_cat","embeddable":true,"href":"http:\/\/www.film-felix.com\/index.php?rest_route=%2Fwp%2Fv2%2Fproduct_cat&post=16884"},{"taxonomy":"product_tag","embeddable":true,"href":"http:\/\/www.film-felix.com\/index.php?rest_route=%2Fwp%2Fv2%2Fproduct_tag&post=16884"}],"curies":[{"name":"wp","href":"https:\/\/api.w.org\/{rel}","templated":true}]}}