{"id":17041,"date":"2021-10-24T21:16:54","date_gmt":"2021-10-24T19:16:54","guid":{"rendered":"http:\/\/www.film-felix.com\/?post_type=product&#038;p=17041"},"modified":"2023-09-16T14:07:11","modified_gmt":"2023-09-16T12:07:11","slug":"lisbon-alfama-33003","status":"publish","type":"product","link":"http:\/\/www.film-felix.com\/?product=lisbon-alfama-33003","title":{"rendered":"Lisbon, Alfama 33003. Streetcar 28 soon"},"content":{"rendered":"<p><span style=\"color: #000000;\">Lisbon, Portugal<\/span><\/p>\n<p><span style=\"color: #000000;\">The old, rickety Carris tramway line number 28 on Rua Sao Tome.<\/span><\/p>\n<p><span style=\"color: #000000;\">This is the place where Raimund Gregorius (Jeremy Irons) gets his glasses broken in the bicycle accident in the cinema movie <strong><span style=\"color: #0000ff;\"><a style=\"color: #0000ff;\" href=\"http:\/\/www.film-felix.com\/?page_id=16508\" target=\"_blank\" rel=\"noopener\">Night Train to LIsbon<\/a><\/span><\/strong>.<\/span><\/p>\n<p id=\"tw-target-text\" class=\"tw-data-text tw-text-large tw-ta\" dir=\"ltr\" data-placeholder=\"\u00dcbersetzung\"><span class=\"Y2IQFc\" lang=\"es\" style=\"color: #000000;\">Lisboa, Portugal. La vieja y destartalada l\u00ednea n\u00famero 28 del tranv\u00eda Carris en la Rua Sao Tom\u00e9. D\u00eda soleado de verano.<\/span><\/p>\n<p id=\"tw-target-text\" class=\"tw-data-text tw-text-large tw-ta\" dir=\"ltr\" data-placeholder=\"\u00dcbersetzung\"><span class=\"Y2IQFc\" lang=\"zh-CN\" style=\"color: #000000;\">\u8461\u8404\u7259\u91cc\u65af\u672c\u3002\u5723\u591a\u7f8e\u8857\u53e4\u8001\u3001\u6447\u6447\u6b32\u5760\u7684 Carris \u7535\u8f66 28 \u53f7\u7ebf\u3002\u9633\u5149\u660e\u5a9a\u7684\u590f\u65e5\u3002<\/span><\/p>\n<p id=\"tw-target-text\" class=\"tw-data-text tw-text-large tw-ta\" dir=\"ltr\" data-placeholder=\"\u00dcbersetzung\"><span class=\"Y2IQFc\" lang=\"ja\" style=\"color: #000000;\">\u30dd\u30eb\u30c8\u30ac\u30eb\u3001\u30ea\u30b9\u30dc\u30f3\u3002\u30b5\u30f3\u30c8\u30e1\u901a\u308a\u306b\u3042\u308b\u53e4\u3044\u3001\u30ac\u30bf\u30ac\u30bf\u306e\u30ab\u30ea\u30b9\u8def\u9762\u96fb\u8eca\u306e 28 \u756a\u7dda\u3002\u6674\u308c\u305f\u590f\u306e\u65e5\u3002<\/span><\/p>\n<p id=\"tw-target-text\" class=\"tw-data-text tw-text-large tw-ta\" dir=\"ltr\" data-placeholder=\"\u00dcbersetzung\"><span class=\"Y2IQFc\" lang=\"uk\" style=\"color: #000000;\">\u041b\u0456\u0441\u0430\u0431\u043e\u043d, \u041f\u043e\u0440\u0442\u0443\u0433\u0430\u043b\u0456\u044f. \u0421\u0442\u0430\u0440\u0430, \u0445\u0438\u0442\u043a\u0430 \u0442\u0440\u0430\u043c\u0432\u0430\u0439\u043d\u0430 \u043b\u0456\u043d\u0456\u044f Carris \u2116 28 \u043d\u0430 \u0432\u0443\u043b\u0438\u0446\u0456 \u0421\u0430\u043d-\u0422\u043e\u043c\u0435. \u0421\u043e\u043d\u044f\u0447\u043d\u0438\u0439 \u043b\u0456\u0442\u043d\u0456\u0439 \u0434\u0435\u043d\u044c.<\/span><\/p>\n<p><span style=\"color: #999999;\"><strong><span style=\"color: #0000ff;\"><a style=\"color: #0000ff;\" href=\"http:\/\/film-felix.com\/wp-content\/uploads\/2021\/33003_A\/MOV_33003q_alfama_trailer_vidCon_480p_20s_mT.zip\">FREE max.20sec TRAILER DOWNLOAD CLICK THIS LINE<\/a><\/span><br \/>\n<\/strong><\/span><\/p>\n<p><span style=\"color: #000000;\">COMMERCIAL USE<br \/>\nFor commercial use (Video files in UHD or in 1080p Full HD quality) please email me <span style=\"color: #0000ff;\"><a style=\"color: #0000ff;\" href=\"mailto:office@film-felix.com\" target=\"_blank\" rel=\"noopener\"><strong>here<\/strong><\/a><\/span>. Prior to this, prepare to be asked for the usual commercial use parameters.<\/span><\/p>\n<p><span style=\"color: #999999;\">2021 HELLBLAU<\/span><\/p>\n","protected":false},"excerpt":{"rendered":"<p><span style=\"color: #000000;\"><span style=\"color: #ffffff;\">.<\/span><br \/>\nThe old, rickety Carris tramway line number 28 on Rua Sao Tome.<br \/>\n50 seconds video clip.<br \/>\n<\/span><\/p>\n<p>&nbsp;<\/p>\n<p><iframe loading=\"lazy\" src=\"https:\/\/www.youtube.com\/embed\/64SArQnqsfk?rel=0\" width=\"560\" height=\"315\" frameborder=\"0\" allowfullscreen=\"allowfullscreen\"><\/iframe><\/p>\n<p>&nbsp;<\/p>\n<p><span style=\"color: #000000;\">Use the &#8220;Add to cart&#8221; button below to buy the 50 seconds video clip.<br \/>\nSummer season, sunny day.<br \/>\n720p video quality, regular format 16:9.<br \/>\nOriginal, unmodified environment sound.<br \/>\n<\/span><span style=\"color: #000000;\"><span style=\"color: #000000;\">MPEG data format, <span style=\"color: #0000ff;\"><strong><a style=\"color: #0000ff;\" href=\"http:\/\/www.film-felix.com\/?page_id=1517\" target=\"_blank\" rel=\"noopener\">zipped<\/a><\/strong><\/span>. File size approx. 57 MB.<br \/>\n<\/span>Licensed for private home use. <span style=\"color: #0000ff;\"><a href=\"http:\/\/film-felix.com\/?page_id=1185\"><span style=\"color: #0000ff;\"><strong>What is private home use?<\/strong><\/span><\/a><br \/>\n<\/span><\/span><\/p>\n","protected":false},"featured_media":17078,"comment_status":"open","ping_status":"closed","template":"","meta":{"_seopress_robots_primary_cat":"none","_seopress_titles_title":"","_seopress_titles_desc":"","_seopress_robots_index":"","_et_pb_use_builder":"","_et_pb_old_content":"","_et_gb_content_width":""},"product_brand":[],"product_cat":[708,713,152,149,37,717,150,711,212,222,654],"product_tag":[29,32,33,46],"class_list":{"0":"post-17041","1":"product","2":"type-product","3":"status-publish","4":"has-post-thumbnail","6":"product_cat-alle-2021","7":"product_cat-hellblau","8":"product_cat-trains","9":"product_cat-city-life","10":"product_cat-daylight","11":"product_cat-reg-lisbon","12":"product_cat-movie-location","13":"product_cat-reg-night-train","14":"product_cat-summer","15":"product_cat-regular","16":"product_cat-soon","17":"product_tag-center","18":"product_tag-city","19":"product_tag-ciudad","20":"product_tag-europe","22":"first","23":"instock","24":"downloadable","25":"virtual","26":"sold-individually","27":"taxable","28":"product-type-simple"},"_links":{"self":[{"href":"http:\/\/www.film-felix.com\/index.php?rest_route=\/wp\/v2\/product\/17041","targetHints":{"allow":["GET"]}}],"collection":[{"href":"http:\/\/www.film-felix.com\/index.php?rest_route=\/wp\/v2\/product"}],"about":[{"href":"http:\/\/www.film-felix.com\/index.php?rest_route=\/wp\/v2\/types\/product"}],"replies":[{"embeddable":true,"href":"http:\/\/www.film-felix.com\/index.php?rest_route=%2Fwp%2Fv2%2Fcomments&post=17041"}],"wp:featuredmedia":[{"embeddable":true,"href":"http:\/\/www.film-felix.com\/index.php?rest_route=\/wp\/v2\/media\/17078"}],"wp:attachment":[{"href":"http:\/\/www.film-felix.com\/index.php?rest_route=%2Fwp%2Fv2%2Fmedia&parent=17041"}],"wp:term":[{"taxonomy":"product_brand","embeddable":true,"href":"http:\/\/www.film-felix.com\/index.php?rest_route=%2Fwp%2Fv2%2Fproduct_brand&post=17041"},{"taxonomy":"product_cat","embeddable":true,"href":"http:\/\/www.film-felix.com\/index.php?rest_route=%2Fwp%2Fv2%2Fproduct_cat&post=17041"},{"taxonomy":"product_tag","embeddable":true,"href":"http:\/\/www.film-felix.com\/index.php?rest_route=%2Fwp%2Fv2%2Fproduct_tag&post=17041"}],"curies":[{"name":"wp","href":"https:\/\/api.w.org\/{rel}","templated":true}]}}