{"id":17270,"date":"2022-05-02T20:55:15","date_gmt":"2022-05-02T18:55:15","guid":{"rendered":"http:\/\/www.film-felix.com\/?post_type=product&#038;p=17270"},"modified":"2023-01-19T16:46:04","modified_gmt":"2023-01-19T14:46:04","slug":"madeira-20018","status":"publish","type":"product","link":"http:\/\/www.film-felix.com\/?product=madeira-20018","title":{"rendered":"Madeira 20018 Curral das Freiras 50xSpeed Upright Size"},"content":{"rendered":"<p><span style=\"color: #000000;\">Madeira, Portugal<\/span><\/p>\n<p><span style=\"color: #000000;\">Sunrise over the village Curral das Freiras in the mountains of Madeira, seen from Eira do Serrado. The video speed is accelerated.<br \/>\n<\/span><span style=\"color: #000000;\"><strong>Upright size.<\/strong><br \/>\n<\/span><\/p>\n<p id=\"tw-target-text\" class=\"tw-data-text tw-text-large tw-ta\" dir=\"ltr\" data-placeholder=\"\u00dcbersetzung\"><span class=\"Y2IQFc\" lang=\"zh-CN\" style=\"color: #000000;\">\u8461\u8404\u7259\u9a6c\u5fb7\u62c9\u5c9b\u3002\u4ece Eira do Serrado \u770b\u5230\u7684\u9a6c\u5fb7\u62c9\u5c71\u533a\u6751\u5e84 Curral das Freiras \u7684\u65e5\u51fa\u3002\u89c6\u9891\u901f\u5ea6\u52a0\u5feb\u3002 \u76f4\u7acb\u5c3a\u5bf8\u3002\u89c6\u52a0\u901f\u5ea6\u800c\u5b9a\uff0c\u53ef\u4f5c\u4e3a longplay \u6df7\u5408\u6cf3\u7684\u4e00\u90e8\u5206\u4f7f\u7528\u3002<\/span><\/p>\n<p id=\"tw-target-text\" class=\"tw-data-text tw-text-large tw-ta\" dir=\"ltr\" data-placeholder=\"\u00dcbersetzung\"><span class=\"Y2IQFc\" lang=\"es\" style=\"color: #000000;\">Amanecer sobre el pueblo Curral das Freiras en las monta\u00f1as de Madeira, visto desde Eira do Serrado. La velocidad del video es acelerada. Tama\u00f1o vertical. Disponible como parte de un popurr\u00ed de larga duraci\u00f3n, dependiendo de la aceleraci\u00f3n.<\/span><\/p>\n<p id=\"tw-target-text\" class=\"tw-data-text tw-text-large tw-ta\" dir=\"ltr\" data-placeholder=\"\u00dcbersetzung\"><span class=\"Y2IQFc\" lang=\"ru\" style=\"color: #000000;\">\u041c\u0430\u0434\u0435\u0439\u0440\u0430, \u041f\u043e\u0440\u0442\u0443\u0433\u0430\u043b\u0438\u044f. \u0412\u043e\u0441\u0445\u043e\u0434 \u0441\u043e\u043b\u043d\u0446\u0430 \u043d\u0430\u0434 \u0434\u0435\u0440\u0435\u0432\u043d\u0435\u0439 \u041a\u0443\u0440\u0440\u0430\u043b-\u0434\u0430\u0441-\u0424\u0440\u0435\u0439\u0440\u0430\u0448 \u0432 \u0433\u043e\u0440\u0430\u0445 \u041c\u0430\u0434\u0435\u0439\u0440\u044b, \u0432\u0438\u0434 \u0441 \u042d\u0439\u0440\u0430-\u0434\u0443-\u0421\u0435\u0440\u0440\u0430\u0434\u0443. \u0421\u043a\u043e\u0440\u043e\u0441\u0442\u044c \u0432\u0438\u0434\u0435\u043e \u0443\u0432\u0435\u043b\u0438\u0447\u0435\u043d\u0430. \u0412\u0435\u0440\u0442\u0438\u043a\u0430\u043b\u044c\u043d\u044b\u0439 \u0440\u0430\u0437\u043c\u0435\u0440. \u0414\u043e\u0441\u0442\u0443\u043f\u043d\u043e \u043a\u0430\u043a \u0447\u0430\u0441\u0442\u044c \u0434\u043b\u0438\u043d\u043d\u043e\u0433\u043e \u043f\u043e\u043f\u0443\u0440\u0440\u0438, \u0432 \u0437\u0430\u0432\u0438\u0441\u0438\u043c\u043e\u0441\u0442\u0438 \u043e\u0442 \u0443\u0441\u043a\u043e\u0440\u0435\u043d\u0438\u044f.<\/span><\/p>\n<p id=\"tw-target-text\" class=\"tw-data-text tw-text-large tw-ta\" dir=\"ltr\" data-placeholder=\"\u00dcbersetzung\"><span class=\"Y2IQFc\" lang=\"ja\" style=\"color: #000000;\">\u30de\u30c7\u30a4\u30e9\u3001\u30dd\u30eb\u30c8\u30ac\u30eb\u3002 Eira do Serrado\u304b\u3089\u898b\u305f\u3001\u30de\u30c7\u30a4\u30e9\u306e\u5c71\u3005\u306b\u3042\u308bCurraldasFreiras\u6751\u306e\u65e5\u306e\u51fa\u3002\u30d3\u30c7\u30aa\u901f\u5ea6\u304c\u52a0\u901f\u3055\u308c\u307e\u3059\u3002 \u76f4\u7acb\u30b5\u30a4\u30ba\u3002\u52a0\u901f\u306b\u5fdc\u3058\u3066\u3001\u30ed\u30f3\u30b0\u30d7\u30ec\u30a4\u30e1\u30c9\u30ec\u30fc\u306e\u4e00\u90e8\u3068\u3057\u3066\u5229\u7528\u3067\u304d\u307e\u3059\u3002<\/span><\/p>\n<p><span style=\"color: #000000;\">Available as part of a longplay medley, depending on the acceleration.<\/span><br \/>\n<span style=\"color: #000000;\">For other data formats please email me<span style=\"color: #0000ff;\"> <a style=\"color: #0000ff;\" href=\"mailto:office@film-felix.com\" target=\"_blank\" rel=\"noopener\"><strong>here<\/strong><\/a>.<\/span><\/span><\/p>\n<p><span style=\"color: #0000ff;\"><strong><span style=\"color: #0000ff;\"><a style=\"color: #0000ff;\" href=\"http:\/\/film-felix.com\/wp-content\/uploads\/2022\/20018_hoch\/MOV_20018q_eira_x50_trailer_vidCon_480p_20s_mT.zip\">FREE_max.20sec_TRAILER_DOWNLOAD_CLICK_HERE<\/a><\/span><br \/>\n<\/strong><\/span><\/p>\n<p><span style=\"color: #000000;\">COMMERCIAL USE<br \/>\nFor commercial use. <a href=\"http:\/\/www.film-felix.com\/?page_id=1185\" target=\"_blank\" rel=\"noopener\"><strong><span style=\"color: #0000ff;\">What is commercial use?<\/span><\/strong><\/a><\/span><\/p>\n<p><span style=\"color: #000000;\">LONGPLAY<\/span><br \/>\n<span style=\"color: #000000;\">Due to the file size, longplays are no download products. For a longplay email me\u00a0<span style=\"color: #0000ff;\"><a style=\"color: #0000ff;\" href=\"mailto:office@film-felix.com\" target=\"_blank\" rel=\"noopener\"><strong>here<\/strong><\/a><\/span>. Prior to this, clarify your preferred data format and transport media. In order to identify a made-to-measure video, every Film-Felix longplay comes with a 4 digit code in a corner, or with a text line of your choice.<\/span><\/p>\n<p><span style=\"color: #999999;\">HELLBLAU<br \/>\n<\/span><\/p>\n","protected":false},"excerpt":{"rendered":"<p><span style=\"color: #000000;\"><span style=\"color: #ffffff;\">.<\/span><br \/>\nSunrise over the village Curral das Freiras in the mountains of Madeira, seen from Eira do Serrado. The video speed is accelerated.<br \/>\n1 minute video clip.<br \/>\n<\/span><\/p>\n<p>&nbsp;<\/p>\n<p><iframe loading=\"lazy\" src=\"https:\/\/www.youtube.com\/embed\/vEahy92I9nY\" width=\"560\" height=\"315\" frameborder=\"0\" allowfullscreen=\"allowfullscreen\"><\/iframe><\/p>\n<p>&nbsp;<\/p>\n<p><span style=\"color: #000000;\">Use the &#8220;Add to cart&#8221; button to buy the 1 minute video clip.<\/span><br \/>\n<span style=\"color: #000000;\">UHD video quality, <strong>upright size<\/strong> 9:16.<br \/>\n<\/span><span style=\"color: #000000;\">Spring season, sunny day.<br \/>\n<\/span><span style=\"color: #000000;\">The video comes silent.<br \/>\n<\/span><span style=\"color: #000000;\"><span style=\"color: #000000;\">MP4 data format, <span style=\"color: #0000ff;\"><strong><a style=\"color: #0000ff;\" href=\"http:\/\/www.film-felix.com\/?page_id=1517\" target=\"_blank\" rel=\"noopener\">zipped<\/a><\/strong><\/span>. File size approx. 150 MB.<br \/>\nLicensed for private and for commercial <\/span><\/span><span style=\"color: #0000ff;\"><span style=\"color: #0000ff;\"><span style=\"color: #0000ff;\"><span style=\"color: #000000;\">use<\/span><\/span><\/span><a href=\"http:\/\/film-felix.com\/?page_id=1185\"><span style=\"color: #0000ff;\"><span style=\"color: #0000ff;\"><span style=\"color: #000000;\">.<\/span><\/span><\/span><\/a><strong><a href=\"http:\/\/www.film-felix.com\/?page_id=1185\" target=\"_blank\" rel=\"noopener\"><span style=\"color: #0000ff;\">What is private use? What is commercial use?<\/span><\/a><\/strong><\/span><\/p>\n","protected":false},"featured_media":17282,"comment_status":"open","ping_status":"closed","template":"","meta":{"_seopress_robots_primary_cat":"none","_seopress_titles_title":"","_seopress_titles_desc":"","_seopress_robots_index":"","_et_pb_use_builder":"","_et_pb_old_content":"","_et_gb_content_width":""},"product_brand":[],"product_cat":[721,713,703,727,220,231,609,725,235,237,665,723,241],"product_tag":[],"class_list":{"0":"post-17270","1":"product","2":"type-product","3":"status-publish","4":"has-post-thumbnail","6":"product_cat-alle-2022","7":"product_cat-hellblau","8":"product_cat-green-upright-part","9":"product_cat-medley-upright","10":"product_cat-upright","11":"product_cat-upr_daylight","12":"product_cat-upr-hiking","13":"product_cat-upr-madeira","14":"product_cat-upr_morning","15":"product_cat-upr_nature-and-parks","16":"product_cat-upr-othercateg","17":"product_cat-upr-portugal","18":"product_cat-upr_spring","20":"first","21":"instock","22":"downloadable","23":"virtual","24":"sold-individually","25":"taxable","26":"purchasable","27":"product-type-simple"},"_links":{"self":[{"href":"http:\/\/www.film-felix.com\/index.php?rest_route=\/wp\/v2\/product\/17270","targetHints":{"allow":["GET"]}}],"collection":[{"href":"http:\/\/www.film-felix.com\/index.php?rest_route=\/wp\/v2\/product"}],"about":[{"href":"http:\/\/www.film-felix.com\/index.php?rest_route=\/wp\/v2\/types\/product"}],"replies":[{"embeddable":true,"href":"http:\/\/www.film-felix.com\/index.php?rest_route=%2Fwp%2Fv2%2Fcomments&post=17270"}],"wp:featuredmedia":[{"embeddable":true,"href":"http:\/\/www.film-felix.com\/index.php?rest_route=\/wp\/v2\/media\/17282"}],"wp:attachment":[{"href":"http:\/\/www.film-felix.com\/index.php?rest_route=%2Fwp%2Fv2%2Fmedia&parent=17270"}],"wp:term":[{"taxonomy":"product_brand","embeddable":true,"href":"http:\/\/www.film-felix.com\/index.php?rest_route=%2Fwp%2Fv2%2Fproduct_brand&post=17270"},{"taxonomy":"product_cat","embeddable":true,"href":"http:\/\/www.film-felix.com\/index.php?rest_route=%2Fwp%2Fv2%2Fproduct_cat&post=17270"},{"taxonomy":"product_tag","embeddable":true,"href":"http:\/\/www.film-felix.com\/index.php?rest_route=%2Fwp%2Fv2%2Fproduct_tag&post=17270"}],"curies":[{"name":"wp","href":"https:\/\/api.w.org\/{rel}","templated":true}]}}