{"id":17772,"date":"2022-10-14T00:32:13","date_gmt":"2022-10-13T22:32:13","guid":{"rendered":"http:\/\/www.film-felix.com\/?post_type=product&#038;p=17772"},"modified":"2023-05-20T15:28:16","modified_gmt":"2023-05-20T13:28:16","slug":"passau-97676","status":"publish","type":"product","link":"http:\/\/www.film-felix.com\/?product=passau-97676","title":{"rendered":"Passau 97676 Danube River"},"content":{"rendered":"<p><span style=\"color: #000000;\">Passau, Germany<\/span><\/p>\n<p><span style=\"color: #000000;\">The different colours of the two rivers Danube and Inn are clearly visible. The Inn river on the left hand side is more green (glacier water), the Danube river on the right hand side tends more to blue.<br \/>\n<\/span><\/p>\n<p><span class=\"Y2IQFc\" lang=\"zh-CN\" style=\"color: #000000;\">\u5fb7\u56fd\u5e15\u7ecd\u3002 \u591a\u7459\u6cb3\u548c\u56e0\u6069\u6cb3\u4e24\u6761\u6cb3\u7684\u4e0d\u540c\u989c\u8272\u6e05\u6670\u53ef\u89c1\u3002\u5de6\u4fa7\u7684\u56e0\u6cb3\u66f4\u7eff\uff08\u51b0\u5ddd\u6c34\uff09\uff0c\u53f3\u4fa7\u7684\u591a\u7459\u6cb3\u66f4\u8d8b\u4e8e\u84dd\u8272\u3002\u8fd9\u662f\u5411\u524d\u7684\u98de\u884c\u3002<\/span><\/p>\n<div id=\"tw-target\">\n<div id=\"kAz1tf\" class=\"g9WsWb\">\n<div id=\"tw-target-text-container\" class=\"tw-ta-container F0azHf tw-lfl\" tabindex=\"0\">\n<p id=\"tw-target-text\" class=\"tw-data-text tw-text-large tw-ta\" dir=\"ltr\" data-placeholder=\"\u00dcbersetzung\"><span class=\"Y2IQFc\" lang=\"ja\" style=\"color: #000000;\">\u30c9\u30a4\u30c4\u3001\u30d1\u30c3\u30b5\u30a6\u3002\u30c9\u30ca\u30a6\u5ddd\u3068\u30a4\u30f3\u5ddd\u306e\u8272\u306e\u9055\u3044\u304c\u3088\u304f\u308f\u304b\u308a\u307e\u3059\u3002\u5de6\u5074\u306e\u30a4\u30f3\u5ddd\u306f\u3088\u308a\u7dd1 (\u6c37\u6cb3\u306e\u6c34) \u3067\u3001\u53f3\u5074\u306e\u30c9\u30ca\u30a6\u5ddd\u306f\u3088\u308a\u9752\u304f\u306a\u308b\u50be\u5411\u304c\u3042\u308a\u307e\u3059\u3002\u3053\u308c\u306f\u524d\u9032\u98db\u884c\u3067\u3059\u3002<\/span><\/p>\n<\/div>\n<\/div>\n<\/div>\n<p><span class=\"Y2IQFc\" lang=\"ru\" style=\"color: #000000;\">\u041f\u0430\u0441\u0441\u0430\u0443, \u0413\u0435\u0440\u043c\u0430\u043d\u0438\u044f. \u041e\u0442\u0447\u0435\u0442\u043b\u0438\u0432\u043e \u0432\u0438\u0434\u043d\u044b \u0440\u0430\u0437\u043d\u044b\u0435 \u0446\u0432\u0435\u0442\u0430 \u0434\u0432\u0443\u0445 \u0440\u0435\u043a \u0414\u0443\u043d\u0430\u0439 \u0438 \u0418\u043d\u043d. \u0420\u0435\u043a\u0430 \u0418\u043d\u043d \u0441 \u043b\u0435\u0432\u043e\u0439 \u0441\u0442\u043e\u0440\u043e\u043d\u044b \u0431\u043e\u043b\u0435\u0435 \u0437\u0435\u043b\u0435\u043d\u0430\u044f (\u043b\u0435\u0434\u043d\u0438\u043a\u043e\u0432\u0430\u044f \u0432\u043e\u0434\u0430), \u0440\u0435\u043a\u0430 \u0414\u0443\u043d\u0430\u0439 \u0441 \u043f\u0440\u0430\u0432\u043e\u0439 \u0441\u0442\u043e\u0440\u043e\u043d\u044b \u0431\u043e\u043b\u0435\u0435 \u0433\u043e\u043b\u0443\u0431\u0430\u044f.<br \/>\n<\/span><\/p>\n<p id=\"tw-target-text\" class=\"tw-data-text tw-text-large tw-ta\" dir=\"ltr\" data-placeholder=\"\u00dcbersetzung\"><span class=\"Y2IQFc\" lang=\"es\" style=\"color: #000000;\">Passau, Alemania. Los diferentes colores de los dos r\u00edos Danubio e Inn son claramente visibles. El r\u00edo Inn en el lado izquierdo es m\u00e1s verde (agua de glaciar), el r\u00edo Danubio en el lado derecho tiende m\u00e1s al azul.<br \/>\n<\/span><\/p>\n<p><span style=\"color: #0000ff;\"><a style=\"color: #0000ff;\" href=\"http:\/\/film-felix.com\/wp-content\/uploads\/2022\/trailer\/MOV_97676q_passau_trailer_vidCon_20s_mT.zip\"><strong>FREE_max.20sec_TRAILER_DOWNLOAD_CLICK_THIS_LINE<\/strong><\/a><\/span><\/p>\n<p><span style=\"color: #000000;\">COMMERCIAL USE<br \/>\n<span style=\"color: #000000;\"> For commercial use (Video files in 1080p HD quality as M2TS, MPG or AVI) please email me <span style=\"color: #0000ff;\"><a style=\"color: #0000ff;\" href=\"mailto:office@film-felix.com\" target=\"_blank\" rel=\"noopener\"><strong>here<\/strong><\/a><\/span>. Prior to this, prepare to be asked for the usual commercial use parameters.<\/span><\/span><\/p>\n<p><span style=\"color: #999999;\">BLACK-4<br \/>\n<\/span><\/p>\n","protected":false},"excerpt":{"rendered":"<p><span style=\"color: #000000;\"><span style=\"color: #ffffff;\">.<\/span><br \/>\nThe different colours of the two rivers Danube and Inn are clearly visible. The Inn river on the left hand side is more green (glacier water), the Danube river on the right hand side tends more to blue.<br \/>\n50 seconds video clip.<br \/>\n<span style=\"color: #ffffff;\">.<\/span><br \/>\n<\/span><\/p>\n<p>&nbsp;<\/p>\n<p><iframe loading=\"lazy\" src=\"https:\/\/www.youtube.com\/embed\/1qGiaXcg_6E?rel=0\" width=\"560\" height=\"315\" frameborder=\"0\" allowfullscreen=\"allowfullscreen\"><\/iframe><\/p>\n<p>&nbsp;<\/p>\n<p><span style=\"color: #000000;\">Use the &#8220;Add to cart&#8221; button below to buy the 50 seconds video clip.<\/span><br \/>\n<span style=\"color: #000000;\">Summer season, sunny day.<br \/>\n720p video quality, regular format 16:9.<br \/>\nThe video comes silent.<br \/>\n<\/span><span style=\"color: #000000;\"><span style=\"color: #000000;\">MPEG data format, <span style=\"color: #0000ff;\"><strong><a style=\"color: #0000ff;\" href=\"http:\/\/www.film-felix.com\/?page_id=1517\" target=\"_blank\" rel=\"noopener\">zipped<\/a><\/strong><\/span>. File size approx. 57 MB.<br \/>\nLicensed f<\/span>or private home use.<\/span> <span style=\"color: #0000ff;\"><a style=\"color: #0000ff;\" href=\"http:\/\/film-felix.com\/?page_id=1185\" target=\"_blank\" rel=\"noopener\"><strong>What is private home use?<\/strong><\/a><\/span><\/p>\n","protected":false},"featured_media":17802,"comment_status":"open","ping_status":"closed","template":"","meta":{"_seopress_robots_primary_cat":"none","_seopress_titles_title":"","_seopress_titles_desc":"","_seopress_robots_index":"","_et_pb_use_builder":"","_et_pb_old_content":"","_et_gb_content_width":""},"product_brand":[],"product_cat":[721,729,37,719,175,728,145,212,222],"product_tag":[34,45,46,82],"class_list":{"0":"post-17772","1":"product","2":"type-product","3":"status-publish","4":"has-post-thumbnail","6":"product_cat-alle-2022","7":"product_cat-black-4","8":"product_cat-daylight","9":"product_cat-reg-drone","10":"product_cat-germany-2","11":"product_cat-reg-passau","12":"product_cat-reg-sea","13":"product_cat-summer","14":"product_cat-regular","15":"product_tag-clip","16":"product_tag-europa","17":"product_tag-europe","18":"product_tag-pilgrim","20":"first","21":"instock","22":"downloadable","23":"virtual","24":"sold-individually","25":"taxable","26":"purchasable","27":"product-type-simple"},"_links":{"self":[{"href":"http:\/\/www.film-felix.com\/index.php?rest_route=\/wp\/v2\/product\/17772","targetHints":{"allow":["GET"]}}],"collection":[{"href":"http:\/\/www.film-felix.com\/index.php?rest_route=\/wp\/v2\/product"}],"about":[{"href":"http:\/\/www.film-felix.com\/index.php?rest_route=\/wp\/v2\/types\/product"}],"replies":[{"embeddable":true,"href":"http:\/\/www.film-felix.com\/index.php?rest_route=%2Fwp%2Fv2%2Fcomments&post=17772"}],"wp:featuredmedia":[{"embeddable":true,"href":"http:\/\/www.film-felix.com\/index.php?rest_route=\/wp\/v2\/media\/17802"}],"wp:attachment":[{"href":"http:\/\/www.film-felix.com\/index.php?rest_route=%2Fwp%2Fv2%2Fmedia&parent=17772"}],"wp:term":[{"taxonomy":"product_brand","embeddable":true,"href":"http:\/\/www.film-felix.com\/index.php?rest_route=%2Fwp%2Fv2%2Fproduct_brand&post=17772"},{"taxonomy":"product_cat","embeddable":true,"href":"http:\/\/www.film-felix.com\/index.php?rest_route=%2Fwp%2Fv2%2Fproduct_cat&post=17772"},{"taxonomy":"product_tag","embeddable":true,"href":"http:\/\/www.film-felix.com\/index.php?rest_route=%2Fwp%2Fv2%2Fproduct_tag&post=17772"}],"curies":[{"name":"wp","href":"https:\/\/api.w.org\/{rel}","templated":true}]}}