{"id":18054,"date":"2022-11-23T15:45:31","date_gmt":"2022-11-23T13:45:31","guid":{"rendered":"http:\/\/www.film-felix.com\/?post_type=product&#038;p=18054"},"modified":"2025-07-07T19:37:47","modified_gmt":"2025-07-07T17:37:47","slug":"flam-valley-43301-1","status":"publish","type":"product","link":"http:\/\/www.film-felix.com\/?product=flam-valley-43301-1","title":{"rendered":"Fl\u00e5m Valley 43301-1 Waterfall"},"content":{"rendered":"<p><span style=\"color: #000000;\">Fl\u00e5m Valley, Norway<\/span><\/p>\n<p><span style=\"color: #000000;\">Waterfall and creek in the Fl\u00e5m valley near Myrdal. This is a flight backward and tilt down.<br \/>\n<\/span><\/p>\n<p><span class=\"Y2IQFc\" lang=\"uk\" style=\"color: #000000;\">\u0414\u043e\u043b\u0438\u043d\u0430 \u0424\u043b\u043e\u043c, \u041d\u043e\u0440\u0432\u0435\u0433\u0456\u044f. \u0412\u043e\u0434\u043e\u0441\u043f\u0430\u0434 \u0456 \u0441\u0442\u0440\u0443\u043c\u043e\u043a \u0443 \u0434\u043e\u043b\u0438\u043d\u0456 \u0424\u043b\u043e\u043c \u0431\u0456\u043b\u044f \u041c\u044e\u0440\u0434\u0430\u043b\u0430. \u0426\u0435 \u043f\u043e\u043b\u0456\u0442 \u043d\u0430\u0437\u0430\u0434 \u0456 \u043d\u0430\u0445\u0438\u043b \u0432\u043d\u0438\u0437.<\/span><\/p>\n<p id=\"tw-target-text\" class=\"tw-data-text tw-text-large tw-ta\" dir=\"ltr\" data-placeholder=\"\u00dcbersetzung\"><span class=\"Y2IQFc\" lang=\"ja\" style=\"color: #000000;\">\u30ce\u30eb\u30a6\u30a7\u30fc\u3001\u30d5\u30ed\u30e0\u30d0\u30ec\u30fc\u3002\u30df\u30e5\u30eb\u30c0\u30fc\u30eb\u8fd1\u304f\u306e\u30d5\u30ed\u30e0\u6e13\u8c37\u306e\u6edd\u3068\u5c0f\u5ddd\u3002\u3053\u308c\u306f\u5f8c\u65b9\u3078\u306e\u98db\u884c\u3067\u3042\u308a\u3001\u30c1\u30eb\u30c8\u30c0\u30a6\u30f3\u3067\u3059\u3002<\/span><\/p>\n<p><span class=\"Y2IQFc\" lang=\"zh-CN\" style=\"color: #000000;\">\u632a\u5a01\u5f17\u6d1b\u59c6\u5c71\u8c37\u3002\u7c73\u8fbe\u5c14\u9644\u8fd1\u5f17\u6d1b\u59c6\u5c71\u8c37\u7684\u7011\u5e03\u548c\u5c0f\u6eaa\u3002\u8fd9\u662f\u5411\u540e\u98de\u884c\u5e76\u5411\u4e0b\u503e\u659c\u3002<br \/>\n<\/span><\/p>\n<p id=\"tw-target-text\" class=\"tw-data-text tw-text-large tw-ta\" dir=\"ltr\" data-placeholder=\"\u00dcbersetzung\"><span class=\"Y2IQFc\" lang=\"es\" style=\"color: #000000;\">Valle de Fl\u00e5m, Noruega. Cascada y arroyo en el valle de Fl\u00e5m, cerca de Myrdal. Este es un vuelo hacia atr\u00e1s e inclinado hacia abajo.<\/span><\/p>\n<p><span style=\"color: #0000ff;\"><strong><span style=\"color: #0000ff;\"><a style=\"color: #0000ff;\" href=\"http:\/\/film-felix.com\/wp-content\/uploads\/2022\/trailer\/MOV_43301-1q_brook_trailer_vidCon_20s_mT.zip\">FREE_max.20sec_TRAILER_DOWNLOAD_CLICK_HERE<\/a><\/span><br \/>\n<\/strong><\/span><\/p>\n<p><span style=\"color: #000000;\">COMMERCIAL USE<br \/>\nFor commercial use (Video files in UHD or in 1080p Full HD quality) please email me <span style=\"color: #0000ff;\"><a style=\"color: #0000ff;\" href=\"mailto:office@film-felix.com\" target=\"_blank\" rel=\"noopener\"><strong>here<\/strong><\/a><\/span>. Prior to this, prepare to be asked for the usual commercial use parameters.<br \/>\n<\/span><\/p>\n<p><span style=\"color: #999999;\">Flam BLACK-4<br \/>\n<\/span><\/p>\n","protected":false},"excerpt":{"rendered":"<p><span style=\"color: #000000;\"><span style=\"color: #ffffff;\">.<\/span><br \/>\nWaterfall and creek in the Fl\u00e5m valley near Myrdal.<br \/>\n50 seconds video clip.<br \/>\n<\/span><\/p>\n<p>&nbsp;<\/p>\n<p><iframe loading=\"lazy\" src=\"https:\/\/www.youtube.com\/embed\/0kGmG15RFoU\" width=\"560\" height=\"315\" frameborder=\"0\" allowfullscreen=\"allowfullscreen\"><\/iframe><\/p>\n<p>&nbsp;<\/p>\n<p><span style=\"color: #000000;\">Use the &#8220;Add to cart&#8221; button to buy the 50 seconds video clip.<\/span><br \/>\n<span style=\"color: #000000;\">Summer season, sunny day.<br \/>\n720p video quality, regular format 16:9.<br \/>\nThe video comes silent.<br \/>\n<\/span><span style=\"color: #000000;\"><span style=\"color: #000000;\">MPEG data format, <span style=\"color: #0000ff;\"><strong><a style=\"color: #0000ff;\" href=\"http:\/\/www.film-felix.com\/?page_id=1517\" target=\"_blank\" rel=\"noopener\">zipped<\/a><\/strong><\/span>. File size approx. 57 MB.<br \/>\nLicensed f<\/span>or private home use.<\/span> <span style=\"color: #0000ff;\"><a href=\"http:\/\/film-felix.com\/?page_id=1185\"><span style=\"color: #0000ff;\"><strong>What is private home use?<\/strong><\/span><\/a><\/span><\/p>\n","protected":false},"featured_media":18059,"comment_status":"open","ping_status":"closed","template":"","meta":{"_seopress_robots_primary_cat":"none","_seopress_titles_title":"","_seopress_titles_desc":"","_seopress_robots_index":"","_et_pb_use_builder":"","_et_pb_old_content":"","_et_gb_content_width":""},"product_brand":[],"product_cat":[721,766,729,719,636,151,730,145,222],"product_tag":[],"class_list":{"0":"post-18054","1":"product","2":"type-product","3":"status-publish","4":"has-post-thumbnail","6":"product_cat-alle-2022","7":"product_cat-elevator-regular-down","8":"product_cat-black-4","9":"product_cat-reg-drone","10":"product_cat-reg-waterfall","11":"product_cat-parks","12":"product_cat-reg-norwegen","13":"product_cat-reg-sea","14":"product_cat-regular","16":"first","17":"instock","18":"downloadable","19":"virtual","20":"sold-individually","21":"taxable","22":"purchasable","23":"product-type-simple"},"_links":{"self":[{"href":"http:\/\/www.film-felix.com\/index.php?rest_route=\/wp\/v2\/product\/18054","targetHints":{"allow":["GET"]}}],"collection":[{"href":"http:\/\/www.film-felix.com\/index.php?rest_route=\/wp\/v2\/product"}],"about":[{"href":"http:\/\/www.film-felix.com\/index.php?rest_route=\/wp\/v2\/types\/product"}],"replies":[{"embeddable":true,"href":"http:\/\/www.film-felix.com\/index.php?rest_route=%2Fwp%2Fv2%2Fcomments&post=18054"}],"wp:featuredmedia":[{"embeddable":true,"href":"http:\/\/www.film-felix.com\/index.php?rest_route=\/wp\/v2\/media\/18059"}],"wp:attachment":[{"href":"http:\/\/www.film-felix.com\/index.php?rest_route=%2Fwp%2Fv2%2Fmedia&parent=18054"}],"wp:term":[{"taxonomy":"product_brand","embeddable":true,"href":"http:\/\/www.film-felix.com\/index.php?rest_route=%2Fwp%2Fv2%2Fproduct_brand&post=18054"},{"taxonomy":"product_cat","embeddable":true,"href":"http:\/\/www.film-felix.com\/index.php?rest_route=%2Fwp%2Fv2%2Fproduct_cat&post=18054"},{"taxonomy":"product_tag","embeddable":true,"href":"http:\/\/www.film-felix.com\/index.php?rest_route=%2Fwp%2Fv2%2Fproduct_tag&post=18054"}],"curies":[{"name":"wp","href":"https:\/\/api.w.org\/{rel}","templated":true}]}}