{"id":18057,"date":"2022-11-23T21:07:51","date_gmt":"2022-11-23T19:07:51","guid":{"rendered":"http:\/\/www.film-felix.com\/?post_type=product&#038;p=18057"},"modified":"2023-09-14T20:33:40","modified_gmt":"2023-09-14T18:33:40","slug":"flam-valley-43301-2","status":"publish","type":"product","link":"http:\/\/www.film-felix.com\/?product=flam-valley-43301-2","title":{"rendered":"Fl\u00e5m Valley 43301-2 Upright Size"},"content":{"rendered":"<p><span style=\"color: #000000;\">Fl\u00e5m Valley, Norway<\/span><\/p>\n<p><span style=\"color: #000000;\">Fl\u00e5mselvi near Myrdal. This is a flight backward and tilt down.<br \/>\n<strong>Upright Size<\/strong>.<\/span><\/p>\n<p><span class=\"Y2IQFc\" lang=\"es\" style=\"color: #000000;\">Valle de Fl\u00e5m, Noruega. Fl\u00e5mselvi cerca de Myrdal. D\u00eda soleado de verano. Este es un vuelo hacia atr\u00e1s e inclinado hacia abajo. Tama\u00f1o vertical.<\/span><\/p>\n<p><span class=\"Y2IQFc\" lang=\"ja\" style=\"color: #000000;\">\u30ce\u30eb\u30a6\u30a7\u30fc\u3001\u30d5\u30ed\u30e0\u30d0\u30ec\u30fc\u3002\u30df\u30e5\u30eb\u30c0\u30fc\u30eb\u8fd1\u90ca\u306e\u30d5\u30ed\u30e0\u30bb\u30eb\u30f4\u30a3\u3002\u6674\u308c\u305f\u590f\u306e\u65e5\u3002\u3053\u308c\u306f\u5f8c\u65b9\u3078\u306e\u98db\u884c\u3067\u3042\u308a\u3001\u30c1\u30eb\u30c8\u30c0\u30a6\u30f3\u3067\u3059\u3002\u76f4\u7acb\u30b5\u30a4\u30ba\u3002<\/span><\/p>\n<p class=\"tw-data-text tw-text-large tw-ta\" dir=\"ltr\" data-placeholder=\"\u00dcbersetzung\"><span style=\"color: #000000;\"><span class=\"Y2IQFc\" lang=\"zh-CN\">\u632a\u5a01\u5f17\u6d1b\u59c6\u5c71\u8c37\u3002\u7c73\u8fbe\u5c14\u9644\u8fd1\u7684\u5f17\u6d1b\u59c6\u585e\u5c14\u7ef4\u3002\u9633\u5149\u660e\u5a9a\u7684\u590f\u65e5\u3002\u8fd9\u662f\u5411\u540e\u98de\u884c\u5e76\u5411\u4e0b\u503e\u659c\u3002\u76f4\u7acb\u5c3a\u5bf8\u3002<\/span><\/span><\/p>\n<p class=\"tw-data-text tw-text-large tw-ta\" dir=\"ltr\" data-placeholder=\"\u00dcbersetzung\"><span class=\"Y2IQFc\" lang=\"uk\" style=\"color: #000000;\">\u0414\u043e\u043b\u0438\u043d\u0430 \u0424\u043b\u043e\u043c, \u041d\u043e\u0440\u0432\u0435\u0433\u0456\u044f. \u0424\u043b\u043e\u043c\u0441\u0435\u043b\u044c\u0432\u0456 \u0431\u0456\u043b\u044f \u041c\u044e\u0440\u0434\u0430\u043b\u044f. \u0421\u043e\u043d\u044f\u0447\u043d\u0438\u0439 \u043b\u0456\u0442\u043d\u0456\u0439 \u0434\u0435\u043d\u044c. \u0426\u0435 \u043f\u043e\u043b\u0456\u0442 \u043d\u0430\u0437\u0430\u0434 \u0456 \u043d\u0430\u0445\u0438\u043b \u0432\u043d\u0438\u0437. \u0412\u0435\u0440\u0442\u0438\u043a\u0430\u043b\u044c\u043d\u0438\u0439 \u0440\u043e\u0437\u043c\u0456\u0440.<\/span><\/p>\n<p><span style=\"color: #0000ff;\"><a style=\"color: #0000ff;\" href=\"http:\/\/film-felix.com\/wp-content\/uploads\/2022\/trailer\/MOV_43301-2q_brook_trailer_vidCon_20s_mT.zip\"><strong>FREE_max.20sec_TRAILER_DOWNLOAD_CLICK_HERE<\/strong><\/a><\/span><\/p>\n<p><span style=\"color: #000000;\">For other data formats please email me <span style=\"color: #0000ff;\"><a style=\"color: #0000ff;\" href=\"mailto:office@film-felix.com\" target=\"_blank\" rel=\"noopener\"><strong>here<\/strong><\/a><\/span>.<\/span><\/p>\n<p><span style=\"color: #000000;\">COMMERCIAL USE<\/span><br \/>\n<span style=\"color: #000000;\">For commercial use. <span style=\"color: #0000ff;\"><a style=\"color: #0000ff;\" href=\"http:\/\/www.film-felix.com\/?page_id=1185\" target=\"_blank\" rel=\"noopener\"><strong>What is commercial use?<\/strong><\/a><\/span><\/span><\/p>\n<p><span style=\"color: #999999;\">Flam BLACK-4<br \/>\n<\/span><\/p>\n","protected":false},"excerpt":{"rendered":"<p><span style=\"color: #000000;\"><span style=\"color: #ffffff;\">.<\/span><br \/>\nFl\u00e5m river near Myrdal.<br \/>\n20 seconds video clip.<br \/>\n<\/span><\/p>\n<p>&nbsp;<\/p>\n<p><iframe loading=\"lazy\" src=\"https:\/\/www.youtube.com\/embed\/_ABy7pfWeHQ\" width=\"560\" height=\"315\" frameborder=\"0\" allowfullscreen=\"allowfullscreen\"><\/iframe><\/p>\n<p>&nbsp;<\/p>\n<p><span style=\"color: #000000;\">Use the &#8220;Add to cart&#8221; button below to buy the 20 seconds video clip.<br \/>\nUHD Quality, <strong>Upright Size<\/strong> 9:16.<br \/>\nSummer season, sunny day.<br \/>\nThe video comes silent.<br \/>\nMP4 video data format, <span style=\"color: #0000ff;\"><strong><a style=\"color: #0000ff;\" href=\"http:\/\/www.film-felix.com\/?page_id=1517\" target=\"_blank\" rel=\"noopener\">zipped<\/a><\/strong><\/span>. File size approx. 50 MB.<br \/>\nLicensed for private and for commercial use. <span style=\"color: #0000ff;\"><a style=\"color: #0000ff;\" href=\"http:\/\/www.film-felix.com\/?page_id=1185\" target=\"_blank\" rel=\"noopener\"><strong>What is private use? What is commercial use?<\/strong><\/a><\/span><br \/>\n<\/span><\/p>\n","protected":false},"featured_media":19146,"comment_status":"open","ping_status":"closed","template":"","meta":{"_seopress_robots_primary_cat":"none","_seopress_titles_title":"","_seopress_titles_desc":"","_seopress_robots_index":"","_et_pb_use_builder":"","_et_pb_old_content":"","_et_gb_content_width":""},"product_brand":[],"product_cat":[721,729,220,231,720,731,665,246],"product_tag":[32,33,46,478],"class_list":{"0":"post-18057","1":"product","2":"type-product","3":"status-publish","4":"has-post-thumbnail","6":"product_cat-alle-2022","7":"product_cat-black-4","8":"product_cat-upright","9":"product_cat-upr_daylight","10":"product_cat-upr-drone","11":"product_cat-upr-norwegen","12":"product_cat-upr-othercateg","13":"product_cat-upr_water","14":"product_tag-city","15":"product_tag-ciudad","16":"product_tag-europe","17":"product_tag-unesco","19":"first","20":"instock","21":"downloadable","22":"virtual","23":"sold-individually","24":"taxable","25":"purchasable","26":"product-type-simple"},"_links":{"self":[{"href":"http:\/\/www.film-felix.com\/index.php?rest_route=\/wp\/v2\/product\/18057","targetHints":{"allow":["GET"]}}],"collection":[{"href":"http:\/\/www.film-felix.com\/index.php?rest_route=\/wp\/v2\/product"}],"about":[{"href":"http:\/\/www.film-felix.com\/index.php?rest_route=\/wp\/v2\/types\/product"}],"replies":[{"embeddable":true,"href":"http:\/\/www.film-felix.com\/index.php?rest_route=%2Fwp%2Fv2%2Fcomments&post=18057"}],"wp:featuredmedia":[{"embeddable":true,"href":"http:\/\/www.film-felix.com\/index.php?rest_route=\/wp\/v2\/media\/19146"}],"wp:attachment":[{"href":"http:\/\/www.film-felix.com\/index.php?rest_route=%2Fwp%2Fv2%2Fmedia&parent=18057"}],"wp:term":[{"taxonomy":"product_brand","embeddable":true,"href":"http:\/\/www.film-felix.com\/index.php?rest_route=%2Fwp%2Fv2%2Fproduct_brand&post=18057"},{"taxonomy":"product_cat","embeddable":true,"href":"http:\/\/www.film-felix.com\/index.php?rest_route=%2Fwp%2Fv2%2Fproduct_cat&post=18057"},{"taxonomy":"product_tag","embeddable":true,"href":"http:\/\/www.film-felix.com\/index.php?rest_route=%2Fwp%2Fv2%2Fproduct_tag&post=18057"}],"curies":[{"name":"wp","href":"https:\/\/api.w.org\/{rel}","templated":true}]}}