{"id":18644,"date":"2023-03-07T14:25:37","date_gmt":"2023-03-07T12:25:37","guid":{"rendered":"http:\/\/www.film-felix.com\/?post_type=product&#038;p=18644"},"modified":"2025-07-07T19:14:02","modified_gmt":"2025-07-07T17:14:02","slug":"vienna-86758","status":"publish","type":"product","link":"http:\/\/www.film-felix.com\/?product=vienna-86758","title":{"rendered":"Vienna 86758 Danube River"},"content":{"rendered":"<p><span style=\"color: #000000;\">Vienna, Austria<\/span><\/p>\n<p><span style=\"color: #000000;\">Danube River and the fishermen\u00b4s floating cabins. This is a flight forward.<br \/>\n<\/span><\/p>\n<p id=\"tw-target-text\" class=\"tw-data-text tw-text-large tw-ta\" dir=\"ltr\" data-placeholder=\"\u00dcbersetzung\"><span class=\"Y2IQFc\" lang=\"uk\" style=\"color: #000000;\">\u0412\u0456\u0434\u0435\u043d\u044c, \u0410\u0432\u0441\u0442\u0440\u0456\u044f. \u0420\u0456\u0447\u043a\u0430 \u0414\u0443\u043d\u0430\u0439 \u0456 \u0440\u0438\u0431\u0430\u043b\u044c\u0441\u044c\u043a\u0456 \u043f\u043b\u0430\u0432\u0443\u0447\u0456 \u0431\u0443\u0434\u043a\u0438. \u0421\u043e\u043d\u044f\u0447\u043d\u0438\u0439 \u043b\u0456\u0442\u043d\u0456\u0439 \u0434\u0435\u043d\u044c.<\/span><\/p>\n<p id=\"tw-target-text\" class=\"tw-data-text tw-text-large tw-ta\" dir=\"ltr\" data-placeholder=\"\u00dcbersetzung\"><span class=\"Y2IQFc\" lang=\"ja\" style=\"color: #000000;\">\u30a6\u30a3\u30fc\u30f3\u3001\u30aa\u30fc\u30b9\u30c8\u30ea\u30a2\u3002\u30c9\u30ca\u30a6\u5ddd\u3068\u6f01\u5e2b\u306e\u6c34\u4e0a\u5c0f\u5c4b\u3002\u6674\u308c\u305f\u590f\u306e\u65e5\u3002<\/span><\/p>\n<p id=\"tw-target-text\" class=\"tw-data-text tw-text-large tw-ta\" dir=\"ltr\" data-placeholder=\"\u00dcbersetzung\"><span class=\"Y2IQFc\" lang=\"es\" style=\"color: #000000;\">Viena, Austria. R\u00edo Danubio y las caba\u00f1as flotantes de los pescadores. D\u00eda soleado de verano.<\/span><\/p>\n<p id=\"tw-target-text\" class=\"tw-data-text tw-text-large tw-ta\" dir=\"ltr\" data-placeholder=\"\u00dcbersetzung\"><span class=\"Y2IQFc\" lang=\"zh-CN\" style=\"color: #000000;\">\u7ef4\u4e5f\u7eb3\uff0c\u5965\u5730\u5229\u3002\u591a\u7459\u6cb3\u548c\u6e14\u6c11\u7684\u6d6e\u52a8\u5c0f\u5c4b\u3002\u9633\u5149\u660e\u5a9a\u7684\u590f\u65e5\u3002<\/span><\/p>\n<p><strong><span style=\"color: #0000ff;\"><a style=\"color: #0000ff;\" href=\"http:\/\/film-felix.com\/wp-content\/uploads\/2023\/trailer\/MOV_86758q_daeubel_trailer_vidCon_20s_mT.zip\">FREE max.20sec TRAILER DOWNLOAD CLICK HERE<\/a><span style=\"color: #0000ff;\"><br \/>\n<\/span><\/span><\/strong><\/p>\n<p><span style=\"color: #000000;\">COMMERCIAL USE<br \/>\nFor commercial use (Video files in 1080p Full HD or in UHD quality) please email me <span style=\"color: #0000ff;\"><a style=\"color: #0000ff;\" href=\"mailto:office@film-felix.com\" target=\"_blank\" rel=\"noopener\"><strong>here<\/strong><\/a><\/span>. Prior to this, prepare to be asked for the usual commercial use parameters.<\/span><\/p>\n<p><span style=\"color: #999999;\">HELLBLAU Donau D\u00e4ubel Daubel<br \/>\n<\/span><\/p>\n","protected":false},"excerpt":{"rendered":"<p><span style=\"color: #000000;\"><span style=\"color: #ffffff;\">.<\/span><br \/>\nDanube River and the fishermen\u00b4s floating cabins.<br \/>\n50 seconds video clip.<br \/>\n<\/span><\/p>\n<p>&nbsp;<\/p>\n<p><iframe loading=\"lazy\" src=\"https:\/\/www.youtube.com\/embed\/TUBekjcNvvY\" width=\"560\" height=\"315\" frameborder=\"0\" allowfullscreen=\"allowfullscreen\"><\/iframe><\/p>\n<p>&nbsp;<\/p>\n<p><span style=\"color: #000000;\">Use the &#8220;Add to cart&#8221; button to buy the 50 seconds video clip.<br \/>\nSummer season, sunny day.<br \/>\n720p video quality, regular format 16:9.<br \/>\nThe video comes silent.<br \/>\n<\/span><span style=\"color: #000000;\"><span style=\"color: #000000;\">MPG data format, <span style=\"color: #0000ff;\"><strong><a style=\"color: #0000ff;\" href=\"http:\/\/www.film-felix.com\/?page_id=1517\" target=\"_blank\" rel=\"noopener\">zipped<\/a><\/strong><\/span>. File size approx. 54 MB.<br \/>\n<\/span>Licensed for private home use. <span style=\"color: #0000ff;\"><a href=\"http:\/\/film-felix.com\/?page_id=1185\"><span style=\"color: #0000ff;\"><strong>What is private home use?<\/strong><\/span><\/a><\/span><\/span><\/p>\n","protected":false},"featured_media":19131,"comment_status":"open","ping_status":"closed","template":"","meta":{"_seopress_robots_primary_cat":"none","_seopress_titles_title":"","_seopress_titles_desc":"","_seopress_robots_index":"","_et_pb_use_builder":"","_et_pb_old_content":"","_et_gb_content_width":""},"product_brand":[],"product_cat":[733,764,713,16,37,719,145,212,129,402,222],"product_tag":[29,33,34,45,46,510,117,123],"class_list":{"0":"post-18644","1":"product","2":"type-product","3":"status-publish","4":"has-post-thumbnail","6":"product_cat-alle-2023","7":"product_cat-elevator-regular-up","8":"product_cat-hellblau","9":"product_cat-austria","10":"product_cat-daylight","11":"product_cat-reg-drone","12":"product_cat-reg-sea","13":"product_cat-summer","14":"product_cat-vienna","15":"product_cat-reg-wothers","16":"product_cat-regular","17":"product_tag-center","18":"product_tag-ciudad","19":"product_tag-clip","20":"product_tag-europa","21":"product_tag-europe","22":"product_tag-vienna","23":"product_tag-viena","24":"product_tag-wien","26":"first","27":"instock","28":"downloadable","29":"virtual","30":"sold-individually","31":"taxable","32":"purchasable","33":"product-type-simple"},"_links":{"self":[{"href":"http:\/\/www.film-felix.com\/index.php?rest_route=\/wp\/v2\/product\/18644","targetHints":{"allow":["GET"]}}],"collection":[{"href":"http:\/\/www.film-felix.com\/index.php?rest_route=\/wp\/v2\/product"}],"about":[{"href":"http:\/\/www.film-felix.com\/index.php?rest_route=\/wp\/v2\/types\/product"}],"replies":[{"embeddable":true,"href":"http:\/\/www.film-felix.com\/index.php?rest_route=%2Fwp%2Fv2%2Fcomments&post=18644"}],"wp:featuredmedia":[{"embeddable":true,"href":"http:\/\/www.film-felix.com\/index.php?rest_route=\/wp\/v2\/media\/19131"}],"wp:attachment":[{"href":"http:\/\/www.film-felix.com\/index.php?rest_route=%2Fwp%2Fv2%2Fmedia&parent=18644"}],"wp:term":[{"taxonomy":"product_brand","embeddable":true,"href":"http:\/\/www.film-felix.com\/index.php?rest_route=%2Fwp%2Fv2%2Fproduct_brand&post=18644"},{"taxonomy":"product_cat","embeddable":true,"href":"http:\/\/www.film-felix.com\/index.php?rest_route=%2Fwp%2Fv2%2Fproduct_cat&post=18644"},{"taxonomy":"product_tag","embeddable":true,"href":"http:\/\/www.film-felix.com\/index.php?rest_route=%2Fwp%2Fv2%2Fproduct_tag&post=18644"}],"curies":[{"name":"wp","href":"https:\/\/api.w.org\/{rel}","templated":true}]}}