{"id":18891,"date":"2023-05-04T21:44:22","date_gmt":"2023-05-04T19:44:22","guid":{"rendered":"http:\/\/www.film-felix.com\/?post_type=product&#038;p=18891"},"modified":"2023-09-14T20:45:53","modified_gmt":"2023-09-14T18:45:53","slug":"amsterdam-99910","status":"publish","type":"product","link":"http:\/\/www.film-felix.com\/?product=amsterdam-99910","title":{"rendered":"Amsterdam 99910. Brouwersgracht soon"},"content":{"rendered":"<p><span style=\"color: #000000;\">Amsterdam, The Netherlands<br \/>\n<\/span><\/p>\n<p><span style=\"color: #000000;\">Boat traffic on Brouwersgracht. The old town (within Singelgracht) is UNESCO World Cultural Heritage Site.<br \/>\n<\/span><\/p>\n<p id=\"tw-target-text\" class=\"tw-data-text tw-text-large tw-ta\" dir=\"ltr\" data-placeholder=\"\u00dcbersetzung\"><span class=\"Y2IQFc\" lang=\"zh-CN\" style=\"color: #000000;\">\u8377\u5170\u963f\u59c6\u65af\u7279\u4e39\u3002 Brouwersgracht \u4e0a\u7684\u8239\u53ea\u4ea4\u901a\u3002\u9633\u5149\u660e\u5a9a\u7684\u590f\u65e5\u3002\u8001\u57ce\u533a\uff08Singelgracht \u5185\uff09\u662f\u8054\u5408\u56fd\u6559\u79d1\u6587\u7ec4\u7ec7\u4e16\u754c\u6587\u5316\u9057\u4ea7\u3002<\/span><\/p>\n<p id=\"tw-target-text\" class=\"tw-data-text tw-text-large tw-ta\" dir=\"ltr\" data-placeholder=\"\u00dcbersetzung\"><span class=\"Y2IQFc\" lang=\"ja\" style=\"color: #000000;\">\u30aa\u30e9\u30f3\u30c0\u3001\u30a2\u30e0\u30b9\u30c6\u30eb\u30c0\u30e0\u3002\u30d6\u30e9\u30a6\u30ef\u30fc\u30b9\u30b0\u30e9\u30cf\u30c8\u306e\u30dc\u30fc\u30c8\u4ea4\u901a\u3002\u6674\u308c\u305f\u590f\u306e\u65e5\u3002\u65e7\u5e02\u8857 (\u30b8\u30f3\u30b2\u30eb\u30b0\u30e9\u30cf\u30c8\u5185) \u306f\u30e6\u30cd\u30b9\u30b3\u306e\u4e16\u754c\u6587\u5316\u907a\u7523\u306b\u767b\u9332\u3055\u308c\u3066\u3044\u307e\u3059\u3002<\/span><\/p>\n<p id=\"tw-target-text\" class=\"tw-data-text tw-text-large tw-ta\" dir=\"ltr\" data-placeholder=\"\u00dcbersetzung\"><span class=\"Y2IQFc\" lang=\"es\" style=\"color: #000000;\">\u00c1msterdam, Pa\u00edses Bajos. Tr\u00e1fico de barcos en Brouwersgracht. D\u00eda soleado de verano. El casco antiguo (dentro de Singelgracht) es Patrimonio Cultural de la Humanidad por la UNESCO.<\/span><\/p>\n<p id=\"tw-target-text\" class=\"tw-data-text tw-text-large tw-ta\" dir=\"ltr\" data-placeholder=\"\u00dcbersetzung\"><span class=\"Y2IQFc\" lang=\"uk\" style=\"color: #000000;\">\u0410\u043c\u0441\u0442\u0435\u0440\u0434\u0430\u043c, \u041d\u0456\u0434\u0435\u0440\u043b\u0430\u043d\u0434\u0438. \u0420\u0443\u0445 \u0447\u043e\u0432\u043d\u0456\u0432 \u043d\u0430 Brouwersgracht. \u0421\u043e\u043d\u044f\u0447\u043d\u0438\u0439 \u043b\u0456\u0442\u043d\u0456\u0439 \u0434\u0435\u043d\u044c. \u0421\u0442\u0430\u0440\u0435 \u043c\u0456\u0441\u0442\u043e (\u0432 \u043c\u0435\u0436\u0430\u0445 Singelgracht) \u0454 \u043e\u0431&#8217;\u0454\u043a\u0442\u043e\u043c \u0412\u0441\u0435\u0441\u0432\u0456\u0442\u043d\u044c\u043e\u0457 \u043a\u0443\u043b\u044c\u0442\u0443\u0440\u043d\u043e\u0457 \u0441\u043f\u0430\u0434\u0449\u0438\u043d\u0438 \u042e\u041d\u0415\u0421\u041a\u041e.<\/span><\/p>\n<p><strong><span style=\"color: #0000ff;\"><a style=\"color: #0000ff;\" href=\"http:\/\/film-felix.com\/wp-content\/uploads\/2023\/trailer\/MOV_99910q_brouwers_trailer_vidCon_20s_mT.zip\">FREE max.20sec TRAILER DOWNLOAD CLICK HERE<\/a><span style=\"color: #0000ff;\"><br \/>\n<\/span><\/span><\/strong><\/p>\n<p><span style=\"color: #000000;\">COMMERCIAL USE<br \/>\nFor commercial use (Video files in 1080p Full HD or in UHD quality) please email me <span style=\"color: #0000ff;\"><a style=\"color: #0000ff;\" href=\"mailto:office@film-felix.com\" target=\"_blank\" rel=\"noopener\"><strong>here<\/strong><\/a><\/span>. Prior to this, prepare to be asked for the usual commercial use parameters.<\/span><\/p>\n<p><span style=\"color: #999999;\">SILVER-3<br \/>\n<\/span><\/p>\n","protected":false},"excerpt":{"rendered":"<p><span style=\"color: #000000;\"><span style=\"color: #ffffff;\">.<\/span><br \/>\nBoat traffic on Brouwersgracht.<br \/>\n50 seconds video clip.<br \/>\n<\/span><\/p>\n<p>&nbsp;<\/p>\n<p><iframe loading=\"lazy\" src=\"https:\/\/www.youtube.com\/embed\/eRuj4gAIaXI\" width=\"560\" height=\"315\" frameborder=\"0\" allowfullscreen=\"allowfullscreen\"><\/iframe><\/p>\n<p>&nbsp;<\/p>\n<p><span style=\"color: #000000;\">Use the &#8220;Add to cart&#8221; button to buy the 50 seconds video clip.<br \/>\nSummer season, sunny day.<br \/>\n720p video quality, regular format 16:9.<br \/>\nOriginal, unmodified environment sound.<br \/>\n<\/span><span style=\"color: #000000;\"><span style=\"color: #000000;\">MPEG data format, <span style=\"color: #0000ff;\"><strong><a style=\"color: #0000ff;\" href=\"http:\/\/www.film-felix.com\/?page_id=1517\" target=\"_blank\" rel=\"noopener\">zipped<\/a><\/strong><\/span>. File size approx. 56 MB.<br \/>\n<\/span>Licensed for private home use. <span style=\"color: #0000ff;\"><a href=\"http:\/\/film-felix.com\/?page_id=1185\"><span style=\"color: #0000ff;\"><strong>What is private home use?<\/strong><\/span><\/a><\/span><\/span><\/p>\n","protected":false},"featured_media":18901,"comment_status":"open","ping_status":"closed","template":"","meta":{"_seopress_robots_primary_cat":"none","_seopress_titles_title":"","_seopress_titles_desc":"","_seopress_robots_index":"","_et_pb_use_builder":"","_et_pb_old_content":"","_et_gb_content_width":""},"product_brand":[],"product_cat":[733,736,688,613,149,37,145,212,321,737,222,654],"product_tag":[34,45,46],"class_list":{"0":"post-18891","1":"product","2":"type-product","3":"status-publish","4":"has-post-thumbnail","6":"product_cat-alle-2023","7":"product_cat-silver-3","8":"product_cat-water-regular-part","9":"product_cat-reg-amsterdam","10":"product_cat-city-life","11":"product_cat-daylight","12":"product_cat-reg-sea","13":"product_cat-summer","14":"product_cat-reg_unesco","15":"product_cat-reg-unescoamsterdam","16":"product_cat-regular","17":"product_cat-soon","18":"product_tag-clip","19":"product_tag-europa","20":"product_tag-europe","22":"first","23":"instock","24":"downloadable","25":"virtual","26":"sold-individually","27":"taxable","28":"product-type-simple"},"_links":{"self":[{"href":"http:\/\/www.film-felix.com\/index.php?rest_route=\/wp\/v2\/product\/18891","targetHints":{"allow":["GET"]}}],"collection":[{"href":"http:\/\/www.film-felix.com\/index.php?rest_route=\/wp\/v2\/product"}],"about":[{"href":"http:\/\/www.film-felix.com\/index.php?rest_route=\/wp\/v2\/types\/product"}],"replies":[{"embeddable":true,"href":"http:\/\/www.film-felix.com\/index.php?rest_route=%2Fwp%2Fv2%2Fcomments&post=18891"}],"wp:featuredmedia":[{"embeddable":true,"href":"http:\/\/www.film-felix.com\/index.php?rest_route=\/wp\/v2\/media\/18901"}],"wp:attachment":[{"href":"http:\/\/www.film-felix.com\/index.php?rest_route=%2Fwp%2Fv2%2Fmedia&parent=18891"}],"wp:term":[{"taxonomy":"product_brand","embeddable":true,"href":"http:\/\/www.film-felix.com\/index.php?rest_route=%2Fwp%2Fv2%2Fproduct_brand&post=18891"},{"taxonomy":"product_cat","embeddable":true,"href":"http:\/\/www.film-felix.com\/index.php?rest_route=%2Fwp%2Fv2%2Fproduct_cat&post=18891"},{"taxonomy":"product_tag","embeddable":true,"href":"http:\/\/www.film-felix.com\/index.php?rest_route=%2Fwp%2Fv2%2Fproduct_tag&post=18891"}],"curies":[{"name":"wp","href":"https:\/\/api.w.org\/{rel}","templated":true}]}}