{"id":19227,"date":"2023-09-20T12:11:56","date_gmt":"2023-09-20T10:11:56","guid":{"rendered":"http:\/\/www.film-felix.com\/?post_type=product&#038;p=19227"},"modified":"2025-07-07T21:05:29","modified_gmt":"2025-07-07T19:05:29","slug":"dachstein-58191-2","status":"publish","type":"product","link":"http:\/\/www.film-felix.com\/?product=dachstein-58191-2","title":{"rendered":"Dachstein 58191-2 Down Upright Size"},"content":{"rendered":"<p><span style=\"color: #000000;\">Ramsau, Austria<\/span><\/p>\n<p><span style=\"color: #000000;\">The Dachstein south wall, seen from the ropeway. This is a ride down, the gondola has just left the upper station.<\/span><br \/>\n<span style=\"color: #000000;\"><strong>Upright Size<\/strong>.<\/span><\/p>\n<p class=\"tw-data-text tw-text-large tw-ta\" dir=\"ltr\" data-placeholder=\"\u00dcbersetzung\" data-ved=\"2ahUKEwiwuKCmo4yCAxUTQPEDHVW3CDYQ3ewLegQIBhAP\"><span class=\"Y2IQFc\" lang=\"ja\" style=\"color: #000000;\">\u30e9\u30e0\u30b5\u30a6\u3001\u30aa\u30fc\u30b9\u30c8\u30ea\u30a2\u3002\u30ed\u30fc\u30d7\u30a6\u30a7\u30a4\u304b\u3089\u898b\u305f\u30c0\u30c3\u30cf\u30b7\u30e5\u30bf\u30a4\u30f3\u5357\u58c1\u3002\u3053\u308c\u306f\u4e0b\u308a\u3067\u3059\u3002\u30b4\u30f3\u30c9\u30e9\u306f\u4e0a\u306e\u99c5\u3092\u51fa\u767a\u3057\u305f\u3068\u3053\u308d\u3067\u3059\u3002 \u76f4\u7acb\u30b5\u30a4\u30ba\u3002<br \/>\n<\/span><\/p>\n<p class=\"tw-data-text tw-text-large tw-ta\" dir=\"ltr\" data-placeholder=\"\u00dcbersetzung\" data-ved=\"2ahUKEwiwuKCmo4yCAxUTQPEDHVW3CDYQ3ewLegQIBhAP\"><span class=\"Y2IQFc\" lang=\"es\"><span style=\"color: #000000;\">Ramsau, Austria. La pared sur de Dachstein, vista desde el telef\u00e9rico. Se trata de un descenso, la g\u00f3ndola acaba de salir de la estaci\u00f3n superior. Tama\u00f1o vertical.<\/span><br \/>\n<\/span><\/p>\n<p class=\"tw-data-text tw-text-large tw-ta\" dir=\"ltr\" data-placeholder=\"\u00dcbersetzung\" data-ved=\"2ahUKEwiwuKCmo4yCAxUTQPEDHVW3CDYQ3ewLegQIBhAP\"><span class=\"Y2IQFc\" lang=\"uk\" style=\"color: #000000;\">\u0420\u0430\u043c\u0437\u0430\u0443, \u0410\u0432\u0441\u0442\u0440\u0456\u044f. \u041f\u0456\u0432\u0434\u0435\u043d\u043d\u0430 \u0441\u0442\u0456\u043d\u0430 \u0414\u0430\u0445\u0448\u0442\u0430\u0439\u043d, \u0432\u0438\u0434 \u0437 \u043a\u0430\u043d\u0430\u0442\u043d\u043e\u0457 \u0434\u043e\u0440\u043e\u0433\u0438. \u0426\u0435 \u0457\u0437\u0434\u0430 \u0432\u043d\u0438\u0437, \u0433\u043e\u043d\u0434\u043e\u043b\u0430 \u0449\u043e\u0439\u043d\u043e \u0432\u0438\u0457\u0445\u0430\u043b\u0430 \u0437 \u0432\u0435\u0440\u0445\u043d\u044c\u043e\u0457 \u0441\u0442\u0430\u043d\u0446\u0456\u0457. \u0412\u0435\u0440\u0442\u0438\u043a\u0430\u043b\u044c\u043d\u0438\u0439 \u0440\u043e\u0437\u043c\u0456\u0440.<br \/>\n<\/span><\/p>\n<p id=\"tw-target-text\" class=\"tw-data-text tw-text-large tw-ta\" dir=\"ltr\" data-placeholder=\"\u00dcbersetzung\" data-ved=\"2ahUKEwiwuKCmo4yCAxUTQPEDHVW3CDYQ3ewLegQIBhAP\"><span class=\"Y2IQFc\" lang=\"zh-CN\" style=\"color: #000000;\">\u5965\u5730\u5229\u62c9\u59c6\u7ecd\u3002\u4ece\u7d22\u9053\u4e0a\u770b\u5230\u7684\u8fbe\u8d6b\u65af\u5766\u5357\u5899\u3002\u8fd9\u662f\u4e0b\u5c71\u7684\u8def\u7a0b\uff0c\u7f06\u8f66\u521a\u521a\u79bb\u5f00\u4e0a\u7ad9\u3002 \u76f4\u7acb\u5c3a\u5bf8\u3002<\/span><\/p>\n<p><span style=\"color: #000000;\">For other data formats please email me <span style=\"color: #0000ff;\"><a style=\"color: #0000ff;\" href=\"mailto:office@film-felix.com\" target=\"_blank\" rel=\"noopener\"><strong>here<\/strong><\/a><\/span>.<\/span><\/p>\n<p><span style=\"color: #0000ff;\"><a style=\"color: #0000ff;\" href=\"http:\/\/film-felix.com\/wp-content\/uploads\/2023\/trailer\/MOV_58191-2q_dach_trailer_vidCon_20s_mT.zip\"><strong>FREE_max.20sec_TRAILER_DOWNLOAD_CLICK_HERE<\/strong><\/a><\/span><\/p>\n<p><span style=\"color: #000000;\">COMMERCIAL USE<\/span><br \/>\n<span style=\"color: #000000;\">For commercial use. <span style=\"color: #0000ff;\"><a style=\"color: #0000ff;\" href=\"http:\/\/www.film-felix.com\/?page_id=1185\" target=\"_blank\" rel=\"noopener\"><strong>What is commercial use?<\/strong><\/a><\/span><\/span><\/p>\n<p><span style=\"color: #999999;\">SILVER-3<\/span><\/p>\n","protected":false},"excerpt":{"rendered":"<p><span style=\"color: #000000;\"><span style=\"color: #ffffff;\">.<\/span><br \/>\nThe Dachstein south wall, seen from the ropeway. This is a ride down.<br \/>\n1 minute video clip.<strong><br \/>\n<\/strong><\/span><\/p>\n<p>&nbsp;<\/p>\n<p><iframe loading=\"lazy\" src=\"https:\/\/www.youtube.com\/embed\/2jM336x47bI?rel=0\" width=\"560\" height=\"315\" frameborder=\"0\" allowfullscreen=\"allowfullscreen\"><\/iframe><\/p>\n<p>&nbsp;<\/p>\n<p><span style=\"color: #000000;\">Use the \u201cAdd to cart\u201d button below to buy the 1 minute video clip.<br \/>\nUHD Quality, <strong>Upright Size<\/strong> 9:16.<br \/>\nSummer season, sunny afternoon.<br \/>\nOriginal, unmodified environment sound.<br \/>\nMP4 video data format, <span style=\"color: #0000ff;\"><strong><a style=\"color: #0000ff;\" href=\"http:\/\/www.film-felix.com\/?page_id=1517\" target=\"_blank\" rel=\"noopener\">zipped<\/a><\/strong><\/span>. File size approx. 150 MB.<br \/>\nLicensed for private and for commercial use. <span style=\"color: #0000ff;\"><a style=\"color: #0000ff;\" href=\"http:\/\/www.film-felix.com\/?page_id=1185\" target=\"_blank\" rel=\"noopener\"><strong>What is private use? What is commercial use?<\/strong><\/a><\/span><br \/>\n<\/span><\/p>\n","protected":false},"featured_media":19235,"comment_status":"open","ping_status":"closed","template":"","meta":{"_seopress_robots_primary_cat":"none","_seopress_titles_title":"","_seopress_titles_desc":"","_seopress_robots_index":"","_et_pb_use_builder":"","_et_pb_old_content":"","_et_gb_content_width":""},"product_brand":[],"product_cat":[733,767,736,220,590,223,229,231,720,233,237,585,239,553,247],"product_tag":[34,46,505],"class_list":{"0":"post-19227","1":"product","2":"type-product","3":"status-publish","4":"has-post-thumbnail","6":"product_cat-alle-2023","7":"product_cat-elevator-upright-down","8":"product_cat-silver-3","9":"product_cat-upright","10":"product_cat-upr-gastein","11":"product_cat-upr_austria","12":"product_cat-upr_cloudy","13":"product_cat-upr_daylight","14":"product_cat-upr-drone","15":"product_cat-upr_fun","16":"product_cat-upr_nature-and-parks","17":"product_cat-upr-other","18":"product_cat-upr-salzburg","19":"product_cat-upr-sky","20":"product_cat-upr_winter","21":"product_tag-clip","22":"product_tag-europe","23":"product_tag-austria","25":"first","26":"instock","27":"downloadable","28":"virtual","29":"sold-individually","30":"taxable","31":"purchasable","32":"product-type-simple"},"_links":{"self":[{"href":"http:\/\/www.film-felix.com\/index.php?rest_route=\/wp\/v2\/product\/19227","targetHints":{"allow":["GET"]}}],"collection":[{"href":"http:\/\/www.film-felix.com\/index.php?rest_route=\/wp\/v2\/product"}],"about":[{"href":"http:\/\/www.film-felix.com\/index.php?rest_route=\/wp\/v2\/types\/product"}],"replies":[{"embeddable":true,"href":"http:\/\/www.film-felix.com\/index.php?rest_route=%2Fwp%2Fv2%2Fcomments&post=19227"}],"wp:featuredmedia":[{"embeddable":true,"href":"http:\/\/www.film-felix.com\/index.php?rest_route=\/wp\/v2\/media\/19235"}],"wp:attachment":[{"href":"http:\/\/www.film-felix.com\/index.php?rest_route=%2Fwp%2Fv2%2Fmedia&parent=19227"}],"wp:term":[{"taxonomy":"product_brand","embeddable":true,"href":"http:\/\/www.film-felix.com\/index.php?rest_route=%2Fwp%2Fv2%2Fproduct_brand&post=19227"},{"taxonomy":"product_cat","embeddable":true,"href":"http:\/\/www.film-felix.com\/index.php?rest_route=%2Fwp%2Fv2%2Fproduct_cat&post=19227"},{"taxonomy":"product_tag","embeddable":true,"href":"http:\/\/www.film-felix.com\/index.php?rest_route=%2Fwp%2Fv2%2Fproduct_tag&post=19227"}],"curies":[{"name":"wp","href":"https:\/\/api.w.org\/{rel}","templated":true}]}}