{"id":2679,"date":"2014-08-31T14:04:56","date_gmt":"2014-08-31T12:04:56","guid":{"rendered":"http:\/\/film-felix.com\/?product=der-grose-spar-ratgeber"},"modified":"2019-10-19T19:35:51","modified_gmt":"2019-10-19T17:35:51","slug":"der-grose-spar-ratgeber","status":"publish","type":"product","link":"http:\/\/www.film-felix.com\/?product=der-grose-spar-ratgeber","title":{"rendered":"Der goldene Spar-Ratgeber"},"content":{"rendered":"<p><span style=\"color: #000000;\">Arbeitslos? Das Geld ist knapp?<\/span><\/p>\n<p><span style=\"color: #000000;\">Hinweise und Anregungen zum Sparen in wirtschaftlich angespannter Lage. Unpolitisch und unabh\u00e4ngig. Dieser Text entstammt meiner Brosch\u00fcre &#8220;Die Lage richtig meistern&#8221; aus dem Oktober 2004.<\/span><br \/>\n<span style=\"color: #000000;\"> Keine Gew\u00e4hr f\u00fcr Aktualit\u00e4t und individuelle Anwendbarkeit.<\/span><br \/>\n<span style=\"color: #000000;\">80 Seiten etwa A5 Format. Das Dokument kommt als PDF.<\/span><\/p>\n","protected":false},"excerpt":{"rendered":"<p><span style=\"color: #000000;\"><span style=\"color: #ffffff;\">.<\/span><br \/>\nArbeitslos? Das Geld ist knapp?<\/span><\/p>\n<p><span style=\"color: #000000;\">Hinweise und Anregungen zum Sparen in wirtschaftlich angespannter Lage.<br \/>\n<\/span><\/p>\n<p><span style=\"color: #000000;\">Die Rechte an diesem Ratgeber habe ich an eine dritte Person abgetreten. Der Ratgeber ist hier nicht mehr verf\u00fcgbar.<br \/>\n<\/span><\/p>\n<p>&nbsp;<\/p>\n","protected":false},"featured_media":2691,"comment_status":"open","ping_status":"closed","template":"","meta":{"_seopress_robots_primary_cat":"","_seopress_titles_title":"","_seopress_titles_desc":"","_seopress_robots_index":"","_et_pb_use_builder":"","_et_pb_old_content":"","_et_gb_content_width":""},"product_brand":[],"product_cat":[489],"product_tag":[294,47,190,296,293,295],"class_list":{"0":"post-2679","1":"product","2":"type-product","3":"status-publish","4":"has-post-thumbnail","6":"product_cat-alle-1","7":"product_tag-energie","8":"product_tag-felix","9":"product_tag-film","10":"product_tag-ratgeber","11":"product_tag-spar","12":"product_tag-sparen","14":"first","15":"instock","16":"virtual","17":"sold-individually","18":"taxable","19":"product-type-simple"},"_links":{"self":[{"href":"http:\/\/www.film-felix.com\/index.php?rest_route=\/wp\/v2\/product\/2679","targetHints":{"allow":["GET"]}}],"collection":[{"href":"http:\/\/www.film-felix.com\/index.php?rest_route=\/wp\/v2\/product"}],"about":[{"href":"http:\/\/www.film-felix.com\/index.php?rest_route=\/wp\/v2\/types\/product"}],"replies":[{"embeddable":true,"href":"http:\/\/www.film-felix.com\/index.php?rest_route=%2Fwp%2Fv2%2Fcomments&post=2679"}],"wp:featuredmedia":[{"embeddable":true,"href":"http:\/\/www.film-felix.com\/index.php?rest_route=\/wp\/v2\/media\/2691"}],"wp:attachment":[{"href":"http:\/\/www.film-felix.com\/index.php?rest_route=%2Fwp%2Fv2%2Fmedia&parent=2679"}],"wp:term":[{"taxonomy":"product_brand","embeddable":true,"href":"http:\/\/www.film-felix.com\/index.php?rest_route=%2Fwp%2Fv2%2Fproduct_brand&post=2679"},{"taxonomy":"product_cat","embeddable":true,"href":"http:\/\/www.film-felix.com\/index.php?rest_route=%2Fwp%2Fv2%2Fproduct_cat&post=2679"},{"taxonomy":"product_tag","embeddable":true,"href":"http:\/\/www.film-felix.com\/index.php?rest_route=%2Fwp%2Fv2%2Fproduct_tag&post=2679"}],"curies":[{"name":"wp","href":"https:\/\/api.w.org\/{rel}","templated":true}]}}