{"id":2745,"date":"2014-09-05T08:48:13","date_gmt":"2014-09-05T06:48:13","guid":{"rendered":"http:\/\/film-felix.com\/?product=x_vienna-marathon-92048-upright-size-soon"},"modified":"2023-04-14T20:18:56","modified_gmt":"2023-04-14T18:18:56","slug":"x_vienna-marathon-92048-upright-size-soon","status":"publish","type":"product","link":"http:\/\/www.film-felix.com\/?product=x_vienna-marathon-92048-upright-size-soon","title":{"rendered":"Vienna City Marathon 92048 Upright Size"},"content":{"rendered":"<p><span style=\"color: #000000;\">Vienna, Austria<\/span><\/p>\n<p><span style=\"color: #000000;\">Runners on Ring Street, the broad alley that encircles the old town. Luegerplatz (Lueger Square) and the traditional Cafe Pr\u00fcckel in the background.<br \/>\n<strong>Upright Size<\/strong>.<br \/>\n<\/span><\/p>\n<p><span style=\"color: #000000;\"><strong>YOUR FREE max. 20sec TRAILER DOWNLOAD<\/strong> comes zipped and with a text insert.<br \/>\nDownload here a <span style=\"color: #0000ff;\"><a style=\"color: #0000ff;\" href=\"http:\/\/film-felix.com\/wp-content\/uploads\/2014\/92048_hoch\/MOV_92048q_feld3_trailer_vidCon_480p_19s_mT.zip\" target=\"_blank\" rel=\"noopener\"><strong>MOV format approx. 3,6 MB<\/strong>.<\/a><\/span><br \/>\n<\/span><\/p>\n<p><span style=\"color: #000000;\">Available as part (max.6 min) of a longplay medley.<br \/>\nFor other data formats please email me <span style=\"color: #0000ff;\"><a style=\"color: #0000ff;\" href=\"mailto:office@film-felix.com\" target=\"_blank\" rel=\"noopener\"><strong>here<\/strong><\/a><\/span>.<\/span><\/p>\n<p><span style=\"color: #000000;\">LONGPLAY<br \/>\nDue to the file size, longplays are no download products. For a longplay email me\u00a0<span style=\"color: #0000ff;\"><a style=\"color: #0000ff;\" href=\"mailto:office@film-felix.com\" target=\"_blank\" rel=\"noopener\"><strong>here<\/strong><\/a><\/span>. Prior to this, clarify your preferred data format and transport media. In order to identify a made-to-measure video, every film-felix longplay comes with a 4 digit code in a corner, or with a text line of your choice.<\/span><\/p>\n<p><span style=\"color: #999999;\">BLUE Prueckel Pruckel Bruckel Br\u00fcckel Brueckl Brueckel Br\u00fcckl Pruckl Pr\u00fcckl<\/span><\/p>\n","protected":false},"excerpt":{"rendered":"<p><span style=\"color: #000000;\"><span style=\"color: #ffffff;\">.<\/span><br \/>\nRunners on Ring Street, the broad alley that encircles the old town. Luegerplatz (Lueger Square) and the traditional Cafe Pr\u00fcckel in the background.<br \/>\n1 minute video clip.<br \/>\n<\/span><\/p>\n<p>&nbsp;<\/p>\n<p><iframe loading=\"lazy\" src=\"https:\/\/www.youtube.com\/embed\/ew6wGbfkZI8\" width=\"560\" height=\"315\" frameborder=\"0\" allowfullscreen=\"allowfullscreen\"><\/iframe><\/p>\n<p>&nbsp;<\/p>\n<p><span style=\"color: #000000;\">Use the &#8220;Add to cart&#8221; button to buy the 1 minute video clip.<br \/>\nHD Quality, <strong>Upright Size<\/strong> 9:16.<br \/>\nSpring season, overcast morning.<br \/>\nOriginal environment sound.<br \/>\nM2TS video data format, <span style=\"color: #0000ff;\"><strong><a style=\"color: #0000ff;\" href=\"http:\/\/www.film-felix.com\/?page_id=1517\" target=\"_blank\" rel=\"noopener\">zipped<\/a><\/strong><\/span>. File size approx. 194 MB.<br \/>\nLicensed for private and for commercial use. <span style=\"color: #0000ff;\"><a style=\"color: #0000ff;\" href=\"http:\/\/www.film-felix.com\/?page_id=1185\" target=\"_blank\" rel=\"noopener\"><strong>What is private use? What is commercial use?<\/strong><\/a><\/span><br \/>\n<\/span><\/p>\n","protected":false},"featured_media":2746,"comment_status":"open","ping_status":"closed","template":"","meta":{"_seopress_robots_primary_cat":"none","_seopress_titles_title":"","_seopress_titles_desc":"","_seopress_robots_index":"","_et_pb_use_builder":"","_et_pb_old_content":"","_et_gb_content_width":""},"product_brand":[],"product_cat":[489,533,693,727,220,654,223,228,229,231,233,241,322,661,245,683,679,677],"product_tag":[29,33,34,46,198,505,510,302,102,117,123],"class_list":{"0":"post-2745","1":"product","2":"type-product","3":"status-publish","4":"has-post-thumbnail","6":"product_cat-alle-1","7":"product_cat-blue","8":"product_cat-city-upright-part","9":"product_cat-medley-upright","10":"product_cat-upright","11":"product_cat-soon","12":"product_cat-upr_austria","13":"product_cat-upr_city-life","14":"product_cat-upr_cloudy","15":"product_cat-upr_daylight","16":"product_cat-upr_fun","17":"product_cat-upr_spring","18":"product_cat-upr_unesco","19":"product_cat-upr-unescowien","20":"product_cat-upr-vienna","21":"product_cat-upr-wmarathon","22":"product_cat-upr-wzentrum","23":"product_cat-upr-ringstrasse","24":"product_tag-center","25":"product_tag-ciudad","26":"product_tag-clip","27":"product_tag-europe","28":"product_tag-marathon","29":"product_tag-austria","30":"product_tag-vienna","31":"product_tag-ring","32":"product_tag-square-gate","33":"product_tag-viena","34":"product_tag-wien","36":"first","37":"instock","38":"downloadable","39":"virtual","40":"sold-individually","41":"taxable","42":"purchasable","43":"product-type-simple"},"_links":{"self":[{"href":"http:\/\/www.film-felix.com\/index.php?rest_route=\/wp\/v2\/product\/2745","targetHints":{"allow":["GET"]}}],"collection":[{"href":"http:\/\/www.film-felix.com\/index.php?rest_route=\/wp\/v2\/product"}],"about":[{"href":"http:\/\/www.film-felix.com\/index.php?rest_route=\/wp\/v2\/types\/product"}],"replies":[{"embeddable":true,"href":"http:\/\/www.film-felix.com\/index.php?rest_route=%2Fwp%2Fv2%2Fcomments&post=2745"}],"wp:featuredmedia":[{"embeddable":true,"href":"http:\/\/www.film-felix.com\/index.php?rest_route=\/wp\/v2\/media\/2746"}],"wp:attachment":[{"href":"http:\/\/www.film-felix.com\/index.php?rest_route=%2Fwp%2Fv2%2Fmedia&parent=2745"}],"wp:term":[{"taxonomy":"product_brand","embeddable":true,"href":"http:\/\/www.film-felix.com\/index.php?rest_route=%2Fwp%2Fv2%2Fproduct_brand&post=2745"},{"taxonomy":"product_cat","embeddable":true,"href":"http:\/\/www.film-felix.com\/index.php?rest_route=%2Fwp%2Fv2%2Fproduct_cat&post=2745"},{"taxonomy":"product_tag","embeddable":true,"href":"http:\/\/www.film-felix.com\/index.php?rest_route=%2Fwp%2Fv2%2Fproduct_tag&post=2745"}],"curies":[{"name":"wp","href":"https:\/\/api.w.org\/{rel}","templated":true}]}}