{"id":4886,"date":"2015-06-06T18:30:05","date_gmt":"2015-06-06T16:30:05","guid":{"rendered":"http:\/\/www.film-felix.com\/?product=vienna-litfass-sehnsucht-12757-soon"},"modified":"2022-11-09T22:11:33","modified_gmt":"2022-11-09T20:11:33","slug":"vienna-litfass-sehnsucht-12757-soon","status":"publish","type":"product","link":"http:\/\/www.film-felix.com\/?product=vienna-litfass-sehnsucht-12757-soon","title":{"rendered":"Vienna, Litfass Sehnsucht 12757"},"content":{"rendered":"<p><span style=\"color: #000000;\">Vienna, Austria<\/span><\/p>\n<p><span style=\"color: #000000;\">One of the typical Viennese Litfass columns along Ringstrasse (Columns with announcements inside. Rotating core, illuminated by night). This is the same column as in clip no. <span style=\"color: #0000ff;\"><strong><a style=\"color: #0000ff;\" href=\"http:\/\/www.film-felix.com\/?product=vienna-litfass-sehnsucht-12200\" target=\"_blank\" rel=\"noopener\">12200<\/a><\/strong><\/span>, but excentric on the left side of the frame.<br \/>\n<\/span><\/p>\n<p id=\"tw-target-text\" class=\"tw-data-text tw-text-large tw-ta\" dir=\"ltr\" data-placeholder=\"\u00dcbersetzung\"><span lang=\"zh-CN\" style=\"color: #000000;\">\u7ef4\u4e5f\u7eb3\uff0c\u5965\u5730\u5229\u3002 Ringstrasse\u6cbf\u7ebf\u7684\u5178\u578b\u7ef4\u4e5f\u7eb3Litfa\u00df\u5706\u67f1\u4e4b\u4e00\uff08\u91cc\u9762\u6709\u516c\u544a\u7684\u5706\u67f1\u3002\u65cb\u8f6c\u7684\u6838\u5fc3\uff0c\u5728\u591c\u95f4\u7167\u660e\uff09\u3002<\/span><\/p>\n<p id=\"tw-target-text\" class=\"tw-data-text tw-text-large tw-ta\" dir=\"ltr\" data-placeholder=\"\u00dcbersetzung\"><span lang=\"ru\" style=\"color: #000000;\">\u0412\u0435\u043d\u0430, \u0410\u0432\u0441\u0442\u0440\u0438\u044f. \u041e\u0434\u043d\u0430 \u0438\u0437 \u0442\u0438\u043f\u0438\u0447\u043d\u044b\u0445 \u0432\u0435\u043d\u0441\u043a\u0438\u0445 \u043a\u043e\u043b\u043e\u043d\u043d Litfa\u00df \u0432\u0434\u043e\u043b\u044c \u0420\u0438\u043d\u0433\u0448\u0442\u0440\u0430\u0441\u0441\u0435 (\u041a\u043e\u043b\u043e\u043d\u043d\u044b \u0441 \u043e\u0431\u044a\u044f\u0432\u043b\u0435\u043d\u0438\u044f\u043c\u0438 \u0432\u043d\u0443\u0442\u0440\u0438. \u0412\u0440\u0430\u0449\u0430\u044e\u0449\u0435\u0435\u0441\u044f \u044f\u0434\u0440\u043e, \u043e\u0441\u0432\u0435\u0449\u0435\u043d\u043d\u043e\u0435 \u043d\u043e\u0447\u044c\u044e).<\/span><\/p>\n<p id=\"tw-target-text\" class=\"tw-data-text tw-text-large tw-ta\" dir=\"ltr\" data-placeholder=\"\u00dcbersetzung\"><span lang=\"es\" style=\"color: #000000;\">Viena, Austria. Una de las columnas t\u00edpicas vienesas Litfa\u00df a lo largo de Ringstrasse (columnas con anuncios dentro. N\u00facleo giratorio, iluminado por la noche).<\/span><\/p>\n<p><span style=\"color: #000000;\">For other data formats email me <span style=\"color: #0000ff;\"><a href=\"mailto:office@film-felix.com\" target=\"_blank\" rel=\"noopener\"><span style=\"color: #0000ff;\"><strong>here<\/strong><\/span><\/a><\/span>.<\/span><\/p>\n<p><span style=\"color: #0000ff;\"><a style=\"color: #0000ff;\" href=\"http:\/\/film-felix.com\/wp-content\/uploads\/2015\/12757_L\/MOV_12757q_sehnsucht_trailer_vidCon_480p_20s_mT.zip\" target=\"_blank\" rel=\"noopener\"><strong>FREE_max.20sec_TRAILER_DOWNLOAD_CLICK_THIS_LINE<\/strong><\/a><\/span><\/p>\n<p><span style=\"color: #000000;\">COMMERCIAL USE<br \/>\nFor commercial use (Video files in 1080p HD quality as M2TS, MPEG or AVI) please email me <span style=\"color: #0000ff;\"><a style=\"color: #0000ff;\" href=\"mailto:office@film-felix.com\" target=\"_blank\" rel=\"noopener\"><strong>here<\/strong><\/a><\/span>. Prior to this, prepare to be asked for the usual commercial use parameters.<br \/>\n<\/span><\/p>\n<p><span style=\"color: #000000;\">LONGPLAY<br \/>\n<\/span><span style=\"color: #000000;\">A <span style=\"color: #0000ff;\"><strong><a style=\"color: #0000ff;\" href=\"http:\/\/www.film-felix.com\/?product=longplay-culture-all-year-round-regular-size\" target=\"_blank\" rel=\"noopener\">longplay medley of Litfass columns<\/a><\/strong><\/span> is available, Title: \u201cCulture all year round.\u201d Around 20 themes, all seasons.<br \/>\nDue to the file size, longplays are no download products. For a longplay email me\u00a0<span style=\"color: #0000ff;\"><a style=\"color: #0000ff;\" href=\"mailto:office@film-felix.com\" target=\"_blank\" rel=\"noopener\"><strong>here<\/strong><\/a><\/span>. Prior to this, clarify your preferred data format and transport media. In order to identify a made-to-measure video, each Film-Felix longplay comes with a 4 digit code in a corner, or with a text line of your choice.<br \/>\n<\/span><\/p>\n<p><span style=\"color: #000000;\"><span style=\"color: #999999;\">GREY Litfa\u00df Ringstrasse Ringstrase Ringstra\u00dfe<\/span><\/span><\/p>\n","protected":false},"excerpt":{"rendered":"<p><span style=\"color: #000000;\"><span style=\"color: #ffffff;\">.<\/span><br \/>\nOne of the typical Viennese Litfass columns along Ringstrasse (Columns with announcements inside. Rotating core, illuminated by night).<br \/>\n1 minute video clip.<br \/>\n<\/span><\/p>\n<p>&nbsp;<\/p>\n<p><iframe loading=\"lazy\" src=\"https:\/\/www.youtube.com\/embed\/CsYsq-RTOCg\" width=\"560\" height=\"315\" frameborder=\"0\" allowfullscreen=\"allowfullscreen\"><\/iframe><\/p>\n<p>&nbsp;<\/p>\n<p><span style=\"color: #000000;\">Use the &#8220;Add to cart&#8221; button to buy the 1 minute video clip.<br \/>\nWinter season, sunny day.<br \/>\n720p video quality, regular format 16:9.<br \/>\nOriginal environment sound.<br \/>\n<\/span><span style=\"color: #000000;\"><span style=\"color: #000000;\">MPEG data format, <span style=\"color: #0000ff;\"><strong><a style=\"color: #0000ff;\" href=\"http:\/\/www.film-felix.com\/?page_id=1517\" target=\"_blank\" rel=\"noopener\">zipped<\/a><\/strong><\/span>. File size approx. 68 MB.<br \/>\n<\/span>Licensed for private home use. <span style=\"color: #0000ff;\"><a href=\"http:\/\/film-felix.com\/?page_id=1185\"><span style=\"color: #0000ff;\"><strong>What is private home use?<\/strong><\/span><\/a><\/span><\/span><\/p>\n","protected":false},"featured_media":4887,"comment_status":"open","ping_status":"closed","template":"","meta":{"_seopress_robots_primary_cat":"none","_seopress_titles_title":"","_seopress_titles_desc":"","_seopress_robots_index":"","_et_pb_use_builder":"","_et_pb_old_content":"","_et_gb_content_width":""},"product_brand":[],"product_cat":[221,536,686,16,37,129,529,214,222],"product_tag":[29,33,34,45,46,248,510,117,123],"class_list":{"0":"post-4886","1":"product","2":"type-product","3":"status-publish","4":"has-post-thumbnail","6":"product_cat-alle-2015-1","7":"product_cat-grey","8":"product_cat-litfass-regular-part","9":"product_cat-austria","10":"product_cat-daylight","11":"product_cat-vienna","12":"product_cat-reg-litfass","13":"product_cat-winter-2","14":"product_cat-regular","15":"product_tag-center","16":"product_tag-ciudad","17":"product_tag-clip","18":"product_tag-europa","19":"product_tag-europe","20":"product_tag-music","21":"product_tag-vienna","22":"product_tag-viena","23":"product_tag-wien","25":"first","26":"instock","27":"downloadable","28":"virtual","29":"sold-individually","30":"taxable","31":"purchasable","32":"product-type-simple"},"_links":{"self":[{"href":"http:\/\/www.film-felix.com\/index.php?rest_route=\/wp\/v2\/product\/4886","targetHints":{"allow":["GET"]}}],"collection":[{"href":"http:\/\/www.film-felix.com\/index.php?rest_route=\/wp\/v2\/product"}],"about":[{"href":"http:\/\/www.film-felix.com\/index.php?rest_route=\/wp\/v2\/types\/product"}],"replies":[{"embeddable":true,"href":"http:\/\/www.film-felix.com\/index.php?rest_route=%2Fwp%2Fv2%2Fcomments&post=4886"}],"wp:featuredmedia":[{"embeddable":true,"href":"http:\/\/www.film-felix.com\/index.php?rest_route=\/wp\/v2\/media\/4887"}],"wp:attachment":[{"href":"http:\/\/www.film-felix.com\/index.php?rest_route=%2Fwp%2Fv2%2Fmedia&parent=4886"}],"wp:term":[{"taxonomy":"product_brand","embeddable":true,"href":"http:\/\/www.film-felix.com\/index.php?rest_route=%2Fwp%2Fv2%2Fproduct_brand&post=4886"},{"taxonomy":"product_cat","embeddable":true,"href":"http:\/\/www.film-felix.com\/index.php?rest_route=%2Fwp%2Fv2%2Fproduct_cat&post=4886"},{"taxonomy":"product_tag","embeddable":true,"href":"http:\/\/www.film-felix.com\/index.php?rest_route=%2Fwp%2Fv2%2Fproduct_tag&post=4886"}],"curies":[{"name":"wp","href":"https:\/\/api.w.org\/{rel}","templated":true}]}}