{"id":5059,"date":"2015-06-18T20:01:54","date_gmt":"2015-06-18T18:01:54","guid":{"rendered":"http:\/\/www.film-felix.com\/?product=vienna-prater-eisberg-10638-zoom-in"},"modified":"2023-09-15T19:28:39","modified_gmt":"2023-09-15T17:28:39","slug":"vienna-prater-eisberg-10638-zoom-in","status":"publish","type":"product","link":"http:\/\/www.film-felix.com\/?product=vienna-prater-eisberg-10638-zoom-in","title":{"rendered":"Vienna, Prater 10638 Eisberg Zoom In"},"content":{"rendered":"<p><span style=\"color: #000000;\">Vienna, Austria<\/span><\/p>\n<p><span style=\"color: #000000;\">Wurstelprater, the amusement park in the Wiener Prater area. On a warm summer morning, the attractions still sleep.<\/span><\/p>\n<p id=\"tw-target-text\" class=\"tw-data-text tw-text-large tw-ta\" dir=\"ltr\" data-placeholder=\"\u00dcbersetzung\"><span class=\"Y2IQFc\" lang=\"es\" style=\"color: #000000;\">Viena, Austria. Wurstelprater, el parque de atracciones de la zona de Wiener Prater. En una c\u00e1lida ma\u00f1ana de verano, las atracciones todav\u00eda duermen.<\/span><\/p>\n<p id=\"tw-target-text\" class=\"tw-data-text tw-text-large tw-ta\" dir=\"ltr\" data-placeholder=\"\u00dcbersetzung\"><span class=\"Y2IQFc\" lang=\"ja\" style=\"color: #000000;\">\u30a6\u30a3\u30fc\u30f3\u3001\u30aa\u30fc\u30b9\u30c8\u30ea\u30a2\u3002\u30f4\u30eb\u30b9\u30c6\u30eb\u30d7\u30e9\u30fc\u30bf\u30fc\u306f\u3001\u30a6\u30a3\u30fc\u30f3\u306e\u30d7\u30e9\u30fc\u30bf\u30fc\u5730\u533a\u306b\u3042\u308b\u904a\u5712\u5730\u3067\u3059\u3002\u6696\u304b\u3044\u590f\u306e\u671d\u3001\u30a2\u30c8\u30e9\u30af\u30b7\u30e7\u30f3\u306f\u307e\u3060\u7720\u3063\u3066\u3044\u307e\u3059\u3002<\/span><\/p>\n<p id=\"tw-target-text\" class=\"tw-data-text tw-text-large tw-ta\" dir=\"ltr\" data-placeholder=\"\u00dcbersetzung\"><span class=\"Y2IQFc\" lang=\"uk\" style=\"color: #000000;\">\u0412\u0456\u0434\u0435\u043d\u044c, \u0410\u0432\u0441\u0442\u0440\u0456\u044f. Wurstelprater, \u043f\u0430\u0440\u043a \u0440\u043e\u0437\u0432\u0430\u0433 \u0443 \u0440\u0430\u0439\u043e\u043d\u0456 Wiener Prater. \u0422\u0435\u043f\u043b\u043e\u0433\u043e \u043b\u0456\u0442\u043d\u044c\u043e\u0433\u043e \u0440\u0430\u043d\u043a\u0443 \u0430\u0442\u0440\u0430\u043a\u0446\u0456\u043e\u043d\u0438 \u0449\u0435 \u0441\u043f\u043b\u044f\u0442\u044c.<\/span><\/p>\n<p id=\"tw-target-text\" class=\"tw-data-text tw-text-large tw-ta\" dir=\"ltr\" data-placeholder=\"\u00dcbersetzung\"><span class=\"Y2IQFc\" lang=\"zh-CN\" style=\"color: #000000;\">\u7ef4\u4e5f\u7eb3\uff0c\u5965\u5730\u5229\u3002 Wurstelprater\uff0c\u7ef4\u4e5f\u7eb3\u666e\u62c9\u7279\u5730\u533a\u7684\u6e38\u4e50\u56ed\u3002\u6e29\u6696\u7684\u590f\u65e5\u65e9\u6668\uff0c\u666f\u70b9\u8fd8\u5728\u6c89\u7761\u3002<\/span><\/p>\n<p><span style=\"color: #0000ff;\"><a style=\"color: #0000ff;\" href=\"http:\/\/film-felix.com\/wp-content\/uploads\/2015\/10638_E\/MOV_10638q_eisberg_trailer_vidCon_480p_19s_mT.zip\" target=\"_blank\" rel=\"noopener\"><strong>FREE_max.20sec_TRAILER_DOWNLOAD_CLICK_THIS_LINE<\/strong><\/a><\/span><\/p>\n<p><span style=\"color: #000000;\">COMMERCIAL USE<br \/>\nFor commercial use (Video files in 1080p Full HD quality as M2TS, MPEG or AVI) please email me <span style=\"color: #0000ff;\"><a style=\"color: #0000ff;\" href=\"mailto:office@film-felix.com\" target=\"_blank\" rel=\"noopener\"><strong>here<\/strong><\/a><\/span>. Prior to this, prepare to be asked for the usual commercial use parameters.<\/span><\/p>\n<p><span style=\"color: #999999;\">RED<\/span><\/p>\n","protected":false},"excerpt":{"rendered":"<p><span style=\"color: #000000;\">Wurstelprater, the amusement park in the Wiener Prater area. On a warm summer morning, the attractions still sleep.<br \/>\n1 minute video clip.<\/span><br \/>\n<span style=\"color: #0000ff;\"><a style=\"color: #0000ff;\" href=\"http:\/\/www.prater.at\/GeneralInformation.php?LI=1\" target=\"_blank\" rel=\"noopener\"><strong>Wiener_Prater<\/strong><\/a><\/span><\/p>\n<p>&nbsp;<\/p>\n<p><iframe loading=\"lazy\" src=\"https:\/\/www.youtube.com\/embed\/ZeHrSGLoepk\" width=\"560\" height=\"315\" frameborder=\"0\" allowfullscreen=\"allowfullscreen\"><\/iframe><\/p>\n<p>&nbsp;<\/p>\n<p><span style=\"color: #000000;\">Use the &#8220;Add to cart&#8221; button below to buy the 1 minute video clip.<br \/>\nSummer season, sunny morning.<br \/>\n720p video quality, regular format 16:9.<br \/>\nOriginal environment sound.<br \/>\n<\/span><span style=\"color: #000000;\"><span style=\"color: #000000;\">MPEG data format, <span style=\"color: #0000ff;\"><strong><a style=\"color: #0000ff;\" href=\"http:\/\/www.film-felix.com\/?page_id=1517\" target=\"_blank\" rel=\"noopener\">zipped<\/a><\/strong><\/span>. File size approx. 60 MB.<br \/>\n<\/span>Licensed for private home use.<\/span> <span style=\"color: #0000ff;\"><a href=\"http:\/\/film-felix.com\/?page_id=1185\"><span style=\"color: #0000ff;\"><strong>What is private home use?<\/strong><\/span><\/a><\/span><\/p>\n","protected":false},"featured_media":5044,"comment_status":"open","ping_status":"closed","template":"","meta":{"_seopress_robots_primary_cat":"none","_seopress_titles_title":"","_seopress_titles_desc":"","_seopress_robots_index":"","_et_pb_use_builder":"","_et_pb_old_content":"","_et_gb_content_width":""},"product_brand":[],"product_cat":[221,532,16,37,191,218,212,129,395,222],"product_tag":[373,376,45,46,375,85,505,510,374,117,123],"class_list":{"0":"post-5059","1":"product","2":"type-product","3":"status-publish","4":"has-post-thumbnail","6":"product_cat-alle-2015-1","7":"product_cat-red","8":"product_cat-austria","9":"product_cat-daylight","10":"product_cat-fun","11":"product_cat-morning","12":"product_cat-summer","13":"product_cat-vienna","14":"product_cat-reg-prater","15":"product_cat-regular","16":"product_tag-amusement","17":"product_tag-entertainment","18":"product_tag-europa","19":"product_tag-europe","20":"product_tag-fun-2","21":"product_tag-prater","22":"product_tag-austria","23":"product_tag-vienna","24":"product_tag-tivoli","25":"product_tag-viena","26":"product_tag-wien","28":"first","29":"instock","30":"downloadable","31":"virtual","32":"sold-individually","33":"taxable","34":"purchasable","35":"product-type-simple"},"_links":{"self":[{"href":"http:\/\/www.film-felix.com\/index.php?rest_route=\/wp\/v2\/product\/5059","targetHints":{"allow":["GET"]}}],"collection":[{"href":"http:\/\/www.film-felix.com\/index.php?rest_route=\/wp\/v2\/product"}],"about":[{"href":"http:\/\/www.film-felix.com\/index.php?rest_route=\/wp\/v2\/types\/product"}],"replies":[{"embeddable":true,"href":"http:\/\/www.film-felix.com\/index.php?rest_route=%2Fwp%2Fv2%2Fcomments&post=5059"}],"wp:featuredmedia":[{"embeddable":true,"href":"http:\/\/www.film-felix.com\/index.php?rest_route=\/wp\/v2\/media\/5044"}],"wp:attachment":[{"href":"http:\/\/www.film-felix.com\/index.php?rest_route=%2Fwp%2Fv2%2Fmedia&parent=5059"}],"wp:term":[{"taxonomy":"product_brand","embeddable":true,"href":"http:\/\/www.film-felix.com\/index.php?rest_route=%2Fwp%2Fv2%2Fproduct_brand&post=5059"},{"taxonomy":"product_cat","embeddable":true,"href":"http:\/\/www.film-felix.com\/index.php?rest_route=%2Fwp%2Fv2%2Fproduct_cat&post=5059"},{"taxonomy":"product_tag","embeddable":true,"href":"http:\/\/www.film-felix.com\/index.php?rest_route=%2Fwp%2Fv2%2Fproduct_tag&post=5059"}],"curies":[{"name":"wp","href":"https:\/\/api.w.org\/{rel}","templated":true}]}}