{"id":8233,"date":"2016-03-31T14:11:43","date_gmt":"2016-03-31T12:11:43","guid":{"rendered":"http:\/\/www.film-felix.com\/?product=barcelona-font-magica-41808-3"},"modified":"2023-07-22T12:14:15","modified_gmt":"2023-07-22T10:14:15","slug":"barcelona-font-magica-41808-3","status":"publish","type":"product","link":"http:\/\/www.film-felix.com\/?product=barcelona-font-magica-41808-3","title":{"rendered":"Barcelona, Font Magica 41808-3"},"content":{"rendered":"<p><span style=\"color: #000000;\">Barcelona, Spain<\/span><\/p>\n<p><span style=\"color: #000000;\">A view over Font Magica. Mind the change of the water figure in the middle of the video clip. This take is closer to the fountain than the video clips of the <span style=\"color: #0000ff;\"><strong><a style=\"color: #0000ff;\" href=\"http:\/\/www.film-felix.com\/?product=barcelona-font-magica-40803-3\" target=\"_blank\" rel=\"noopener\">40803<\/a><\/strong><\/span>&#8211; series.<br \/>\n<\/span><\/p>\n<p id=\"tw-target-text\" class=\"tw-data-text tw-text-large XcVN5d tw-ta\" dir=\"ltr\" data-placeholder=\"\u00dcbersetzung\"><span class=\"Y2IQFc\" lang=\"ru\" style=\"color: #000000;\">\u0411\u0430\u0440\u0441\u0435\u043b\u043e\u043d\u0430, \u0418\u0441\u043f\u0430\u043d\u0438\u044f. \u0412\u0438\u0434 \u043d\u0430 Font Magica. \u041e\u0431\u0440\u0430\u0442\u0438\u0442\u0435 \u0432\u043d\u0438\u043c\u0430\u043d\u0438\u0435 \u043d\u0430 \u0438\u0437\u043c\u0435\u043d\u0435\u043d\u0438\u0435 \u0444\u0438\u0433\u0443\u0440\u044b \u0432\u043e\u0434\u044b \u0432 \u0441\u0435\u0440\u0435\u0434\u0438\u043d\u0435 \u0432\u0438\u0434\u0435\u043e\u043a\u043b\u0438\u043f\u0430. \u042d\u0442\u043e\u0442 \u0434\u0443\u0431\u043b\u044c \u0431\u043b\u0438\u0436\u0435 \u043a \u0444\u043e\u043d\u0442\u0430\u043d\u0443, \u0447\u0435\u043c \u0432\u0438\u0434\u0435\u043e\u043a\u043b\u0438\u043f\u044b \u0441\u0435\u0440\u0438\u0438 40803.<\/span><\/p>\n<p id=\"tw-target-text\" class=\"tw-data-text tw-text-large XcVN5d tw-ta\" dir=\"ltr\" data-placeholder=\"\u00dcbersetzung\"><span class=\"Y2IQFc\" lang=\"zh-CN\" style=\"color: #000000;\">\u897f\u73ed\u7259\u5df4\u585e\u7f57\u90a3\u3002\u53ef\u4ee5\u67e5\u770bFont Magica\u3002\u6ce8\u610f\u89c6\u9891\u526a\u8f91\u4e2d\u95f4\u6c34\u4f4d\u7684\u53d8\u5316\u3002\u8fd9\u4e2a\u955c\u5934\u6bd440803\u7cfb\u5217\u7684\u89c6\u9891\u7247\u6bb5\u66f4\u63a5\u8fd1\u55b7\u6cc9\u3002<\/span><\/p>\n<p id=\"tw-target-text\" class=\"tw-data-text tw-text-large XcVN5d tw-ta\" dir=\"ltr\" data-placeholder=\"\u00dcbersetzung\"><span class=\"Y2IQFc\" lang=\"es\" style=\"color: #000000;\">Barcelona, \u200b\u200bEspa\u00f1a. Una vista sobre Font M\u00e1gica. Cuidado con el cambio de la figura del agua en medio del videoclip. Esta toma est\u00e1 m\u00e1s cerca de la fuente que los videoclips de la serie 40803.<\/span><\/p>\n<p><span style=\"color: #0000ff;\"><a style=\"color: #0000ff;\" href=\"http:\/\/film-felix.com\/wp-content\/uploads\/2016\/41808-3_F\/MOV_41808-3q_water_trailer_vidCon_480p_20s_mT.zip\" target=\"_blank\" rel=\"noopener\"><strong>FREE max.20sec TRAILER DOWNLOAD CLICK THIS LINE<\/strong><strong><br \/>\n<\/strong><\/a><\/span><\/p>\n<p><span style=\"color: #000000;\">COMMERCIAL USE<br \/>\n<span style=\"color: #000000;\"> For commercial use (Video files in 1080p HD quality as M2TS, MPEG or AVI) please email me <span style=\"color: #0000ff;\"><a style=\"color: #0000ff;\" href=\"mailto:office@film-felix.com\" target=\"_blank\" rel=\"noopener\"><strong>here<\/strong><\/a><\/span>. Prior to this, prepare to be asked for the usual commercial use parameters.<\/span><\/span><\/p>\n<p><span style=\"color: #000000;\">LONGPLAY<br \/>\nDue to the file size, longplays are no download products. For a longplay email me\u00a0<span style=\"color: #0000ff;\"><a style=\"color: #0000ff;\" href=\"mailto:office@film-felix.com\" target=\"_blank\" rel=\"noopener\"><strong>here<\/strong><\/a><\/span>. Prior to this, clarify your preferred data format and transport media. In order to identify a made-to-measure video, each Film-Felix longplay comes with a 4 digit code in a corner, or with a text line of your choice.<\/span><\/p>\n<p><span style=\"color: #999999;\">BLUE-2<\/span><\/p>\n","protected":false},"excerpt":{"rendered":"<p><span style=\"color: #000000;\"><span style=\"color: #ffffff;\">.<\/span><br \/>\nA view over Font Magica. Mind the change of the water figure in the middle of the video clip. This video is closer to the fountain than the video clips of the <span style=\"color: #0000ff;\"><strong><a style=\"color: #0000ff;\" href=\"http:\/\/www.film-felix.com\/?product=barcelona-font-magica-40803-3\" target=\"_blank\" rel=\"noopener\">40803<\/a><\/strong><\/span>&#8211; series.<\/span><\/p>\n<p>&nbsp;<\/p>\n<p><iframe loading=\"lazy\" src=\"https:\/\/www.youtube.com\/embed\/dfemXxqDJLA\" width=\"560\" height=\"315\" frameborder=\"0\" allowfullscreen=\"allowfullscreen\"><\/iframe><\/p>\n<p>&nbsp;<\/p>\n<p><span style=\"color: #000000;\">Use the &#8220;Add to cart&#8221; button to buy the 50 seconds video clip.<br \/>\nSummer season, sunny day.<br \/>\n720p video quality, regular format 16:9.<br \/>\nOriginal environment sound.<br \/>\n<\/span><span style=\"color: #000000;\"><span style=\"color: #000000;\">MPEG data format, <span style=\"color: #0000ff;\"><strong><a style=\"color: #0000ff;\" href=\"http:\/\/www.film-felix.com\/?page_id=1517\" target=\"_blank\" rel=\"noopener\">zipped<\/a><\/strong><\/span>. File size approx. 56 MB.<br \/>\n<\/span>Licensed for private home use. <a style=\"color: #000000;\" href=\"http:\/\/film-felix.com\/?page_id=1185\"><strong><span style=\"color: #0000ff;\">What is private home use?<\/span><\/strong><\/a><br \/>\nAvailable as part (max.7min) of a longplay medley.<br \/>\n<\/span><\/p>\n","protected":false},"featured_media":8234,"comment_status":"open","ping_status":"closed","template":"","meta":{"_seopress_robots_primary_cat":"none","_seopress_titles_title":"","_seopress_titles_desc":"","_seopress_robots_index":"","_et_pb_use_builder":"","_et_pb_old_content":"","_et_gb_content_width":""},"product_brand":[],"product_cat":[511,531,415,416,37,636,100,212,222],"product_tag":[29,32,45,46,70,73],"class_list":{"0":"post-8233","1":"product","2":"type-product","3":"status-publish","4":"has-post-thumbnail","6":"product_cat-alle-2016","7":"product_cat-blue-2","8":"product_cat-barcelona","9":"product_cat-reg-bpalau","10":"product_cat-daylight","11":"product_cat-reg-waterfall","12":"product_cat-spain","13":"product_cat-summer","14":"product_cat-regular","15":"product_tag-center","16":"product_tag-city","17":"product_tag-europa","18":"product_tag-europe","19":"product_tag-memorial","20":"product_tag-monument","22":"first","23":"instock","24":"downloadable","25":"virtual","26":"sold-individually","27":"taxable","28":"purchasable","29":"product-type-simple"},"_links":{"self":[{"href":"http:\/\/www.film-felix.com\/index.php?rest_route=\/wp\/v2\/product\/8233","targetHints":{"allow":["GET"]}}],"collection":[{"href":"http:\/\/www.film-felix.com\/index.php?rest_route=\/wp\/v2\/product"}],"about":[{"href":"http:\/\/www.film-felix.com\/index.php?rest_route=\/wp\/v2\/types\/product"}],"replies":[{"embeddable":true,"href":"http:\/\/www.film-felix.com\/index.php?rest_route=%2Fwp%2Fv2%2Fcomments&post=8233"}],"wp:featuredmedia":[{"embeddable":true,"href":"http:\/\/www.film-felix.com\/index.php?rest_route=\/wp\/v2\/media\/8234"}],"wp:attachment":[{"href":"http:\/\/www.film-felix.com\/index.php?rest_route=%2Fwp%2Fv2%2Fmedia&parent=8233"}],"wp:term":[{"taxonomy":"product_brand","embeddable":true,"href":"http:\/\/www.film-felix.com\/index.php?rest_route=%2Fwp%2Fv2%2Fproduct_brand&post=8233"},{"taxonomy":"product_cat","embeddable":true,"href":"http:\/\/www.film-felix.com\/index.php?rest_route=%2Fwp%2Fv2%2Fproduct_cat&post=8233"},{"taxonomy":"product_tag","embeddable":true,"href":"http:\/\/www.film-felix.com\/index.php?rest_route=%2Fwp%2Fv2%2Fproduct_tag&post=8233"}],"curies":[{"name":"wp","href":"https:\/\/api.w.org\/{rel}","templated":true}]}}