{"id":8511,"date":"2016-04-27T19:19:02","date_gmt":"2016-04-27T17:19:02","guid":{"rendered":"http:\/\/www.film-felix.com\/?product=bilbao-guggenheim-80059"},"modified":"2024-12-13T21:02:11","modified_gmt":"2024-12-13T19:02:11","slug":"bilbao-guggenheim-80059","status":"publish","type":"product","link":"http:\/\/www.film-felix.com\/?product=bilbao-guggenheim-80059","title":{"rendered":"Bilbao, Guggenheim 80059 Waterfront"},"content":{"rendered":"<p><span style=\"color: #000000;\">Bilbao, Spain<\/span><\/p>\n<p><span style=\"color: #000000;\">The waterfront of the Guggenheim Museum, seen from the stairway next to the spider &#8220;Maman&#8221;. Mind the smoke clouds from the generators under the boardwalk.<br \/>\n<\/span><\/p>\n<p id=\"tw-target-text\" class=\"tw-data-text tw-text-large XcVN5d tw-ta\" dir=\"ltr\" data-placeholder=\"\u00dcbersetzung\"><span class=\"Y2IQFc\" lang=\"ru\" style=\"color: #000000;\">\u041d\u0430\u0431\u0435\u0440\u0435\u0436\u043d\u0430\u044f \u043c\u0443\u0437\u0435\u044f \u0413\u0443\u0433\u0433\u0435\u043d\u0445\u0430\u0439\u043c\u0430, \u0432\u0438\u0434 \u0441 \u043b\u0435\u0441\u0442\u043d\u0438\u0446\u044b \u0440\u044f\u0434\u043e\u043c \u0441 \u043f\u0430\u0443\u043a\u043e\u043c \u00ab\u041c\u0430\u043c\u0430\u043d\u00bb. \u041e\u0431\u0440\u0430\u0442\u0438\u0442\u0435 \u0432\u043d\u0438\u043c\u0430\u043d\u0438\u0435 \u043d\u0430 \u043a\u043b\u0443\u0431\u044b \u0434\u044b\u043c\u0430 \u043e\u0442 \u0433\u0435\u043d\u0435\u0440\u0430\u0442\u043e\u0440\u043e\u0432 \u043f\u043e\u0434 \u0442\u0440\u043e\u0442\u0443\u0430\u0440\u043e\u043c.<\/span><\/p>\n<p id=\"tw-target-text\" class=\"tw-data-text tw-text-large XcVN5d tw-ta\" dir=\"ltr\" data-placeholder=\"\u00dcbersetzung\"><span class=\"Y2IQFc\" lang=\"ja\" style=\"color: #000000;\">\u8718\u86db\u300c\u30de\u30de\u30f3\u300d\u306e\u96a3\u306e\u968e\u6bb5\u304b\u3089\u898b\u305f\u30b0\u30c3\u30b2\u30f3\u30cf\u30a4\u30e0\u7f8e\u8853\u9928\u306e\u30a6\u30a9\u30fc\u30bf\u30fc\u30d5\u30ed\u30f3\u30c8\u3002\u904a\u6b69\u9053\u306e\u4e0b\u306e\u767a\u96fb\u6a5f\u304b\u3089\u306e\u7159\u306e\u96f2\u306b\u6ce8\u610f\u3057\u3066\u304f\u3060\u3055\u3044\u3002<\/span><\/p>\n<p id=\"tw-target-text\" class=\"tw-data-text tw-text-large XcVN5d tw-ta\" dir=\"ltr\" data-placeholder=\"\u00dcbersetzung\"><span class=\"Y2IQFc\" lang=\"es\" style=\"color: #000000;\">El paseo mar\u00edtimo del Museo Guggenheim, visto desde la escalera junto a la ara\u00f1a &#8220;Maman&#8221;. Cuidado con las nubes de humo de los generadores debajo del paseo mar\u00edtimo.<\/span><\/p>\n<p id=\"tw-target-text\" class=\"tw-data-text tw-text-large XcVN5d tw-ta\" dir=\"ltr\" data-placeholder=\"\u00dcbersetzung\"><span class=\"Y2IQFc\" lang=\"zh-CN\" style=\"color: #000000;\">\u4ece\u8718\u86db\u201c\u5988\u5988\u201d\u65c1\u8fb9\u7684\u697c\u68af\u4e0a\u770b\u5230\u7684\u53e4\u6839\u6d77\u59c6\u535a\u7269\u9986\u7684\u6d77\u6ee8\u3002\u6ce8\u610f\u6728\u677f\u8def\u4e0b\u53d1\u7535\u673a\u4ea7\u751f\u7684\u70df\u96fe\u3002<\/span><\/p>\n<p><span style=\"color: #000000;\">For other data formats please email me <span style=\"color: #0000ff;\"><a href=\"mailto:office@film-felix.com\" target=\"_blank\" rel=\"noopener\"><span style=\"color: #0000ff;\"><strong>here<\/strong><\/span><\/a><\/span>.<\/span><\/p>\n<p><span style=\"color: #0000ff;\"><strong><span style=\"color: #0000ff;\"><a style=\"color: #0000ff;\" href=\"http:\/\/film-felix.com\/wp-content\/uploads\/2016\/80059_G\/MOV_80059q_gugg_trailer_vidCon_480p_20s_mT.zip\" target=\"_blank\" rel=\"noopener\">FREE max.20sec TRAILER DOWNLOAD CLICK HERE<\/a><\/span><br \/>\n<\/strong><\/span><\/p>\n<p><span style=\"color: #000000;\">COMMERCIAL USE<br \/>\n<span style=\"color: #000000;\"> For commercial use (Video files in 1080p HD quality as M2TS, MPEG or AVI) please email me <span style=\"color: #0000ff;\"><a style=\"color: #0000ff;\" href=\"mailto:office@film-felix.com\" target=\"_blank\" rel=\"noopener\"><strong>here<\/strong><\/a><\/span>. Prior to this, prepare to be asked for the usual commercial use parameters.<\/span><\/span><\/p>\n<p><span style=\"color: #000000;\">Contrary to the general terms of use on this website, no contemporary architectue nor any piece of art in this video must be altered by the customer (intellectual property of the artists).<\/span><\/p>\n<p><span style=\"color: #999999;\">BLUE-2<\/span><\/p>\n","protected":false},"excerpt":{"rendered":"<p><span style=\"color: #000000;\"><span style=\"color: #ffffff;\">.<\/span><br \/>\nThe waterfront of the Guggenheim Museum, seen from the stairway next to the spider &#8220;Maman&#8221;. Mind the smoke clouds from the generators under the boardwalk.<br \/>\n50 seconds video clip.<br \/>\n<span style=\"color: #0000ff;\"><a style=\"color: #0000ff;\" href=\"http:\/\/www.guggenheim.org\/bilbao\" target=\"_blank\" rel=\"noopener\"><strong>Guggenheim_Bilbao<\/strong><\/a><\/span><\/span><\/p>\n<p>&nbsp;<\/p>\n<p><iframe loading=\"lazy\" src=\"https:\/\/www.youtube.com\/embed\/Cu0Qhyy7v4s\" width=\"560\" height=\"315\" frameborder=\"0\" allowfullscreen=\"allowfullscreen\"><\/iframe><\/p>\n<p>&nbsp;<\/p>\n<p><span style=\"color: #000000;\">Use the &#8220;Add to cart&#8221; button to buy the 50 seconds video clip.<br \/>\nSummer season, cloudy evening.<br \/>\n720p video quality, regular format 16:9.<br \/>\nOriginal environment sound.<br \/>\n<\/span><span style=\"color: #000000;\"><span style=\"color: #000000;\">MPEG data format, <span style=\"color: #0000ff;\"><strong><a style=\"color: #0000ff;\" href=\"http:\/\/www.film-felix.com\/?page_id=1517\" target=\"_blank\" rel=\"noopener\">zipped<\/a><\/strong><\/span>. File size approx. 55 MB.<br \/>\n<\/span>Licensed for private home use. <span style=\"color: #0000ff;\"><a href=\"http:\/\/film-felix.com\/?page_id=1185\"><span style=\"color: #0000ff;\"><strong>What is private home use?<\/strong><\/span><\/a><span style=\"color: #000000;\"><br \/>\n<\/span><\/span><\/span><\/p>\n","protected":false},"featured_media":8513,"comment_status":"open","ping_status":"closed","template":"","meta":{"_seopress_robots_primary_cat":"","_seopress_titles_title":"","_seopress_titles_desc":"","_seopress_robots_index":"","_et_pb_use_builder":"","_et_pb_old_content":"","_et_gb_content_width":""},"product_brand":[],"product_cat":[511,531,18,412,25,217,37,209,148,145,552,100,212,222],"product_tag":[19,26,29,33,34,43,45,46,437,408,84,506,509,102,116],"class_list":{"0":"post-8511","1":"product","2":"type-product","3":"status-publish","4":"has-post-thumbnail","6":"product_cat-alle-2016","7":"product_cat-blue-2","8":"product_cat-bilbao","9":"product_cat-bguggenheim","10":"product_cat-camino","11":"product_cat-cloudy","12":"product_cat-daylight","13":"product_cat-evening","14":"product_cat-monuments","15":"product_cat-reg-sea","16":"product_cat-reg-sky","17":"product_cat-spain","18":"product_cat-summer","19":"product_cat-regular","20":"product_tag-bilbo","21":"product_tag-casco","22":"product_tag-center","23":"product_tag-ciudad","24":"product_tag-clip","25":"product_tag-espana","26":"product_tag-europa","27":"product_tag-europe","28":"product_tag-guggenheim","29":"product_tag-nervion","30":"product_tag-plaza","31":"product_tag-bilbao","32":"product_tag-spain","33":"product_tag-square-gate","34":"product_tag-viejo","36":"first","37":"instock","38":"downloadable","39":"virtual","40":"sold-individually","41":"taxable","42":"purchasable","43":"product-type-simple"},"_links":{"self":[{"href":"http:\/\/www.film-felix.com\/index.php?rest_route=\/wp\/v2\/product\/8511","targetHints":{"allow":["GET"]}}],"collection":[{"href":"http:\/\/www.film-felix.com\/index.php?rest_route=\/wp\/v2\/product"}],"about":[{"href":"http:\/\/www.film-felix.com\/index.php?rest_route=\/wp\/v2\/types\/product"}],"replies":[{"embeddable":true,"href":"http:\/\/www.film-felix.com\/index.php?rest_route=%2Fwp%2Fv2%2Fcomments&post=8511"}],"wp:featuredmedia":[{"embeddable":true,"href":"http:\/\/www.film-felix.com\/index.php?rest_route=\/wp\/v2\/media\/8513"}],"wp:attachment":[{"href":"http:\/\/www.film-felix.com\/index.php?rest_route=%2Fwp%2Fv2%2Fmedia&parent=8511"}],"wp:term":[{"taxonomy":"product_brand","embeddable":true,"href":"http:\/\/www.film-felix.com\/index.php?rest_route=%2Fwp%2Fv2%2Fproduct_brand&post=8511"},{"taxonomy":"product_cat","embeddable":true,"href":"http:\/\/www.film-felix.com\/index.php?rest_route=%2Fwp%2Fv2%2Fproduct_cat&post=8511"},{"taxonomy":"product_tag","embeddable":true,"href":"http:\/\/www.film-felix.com\/index.php?rest_route=%2Fwp%2Fv2%2Fproduct_tag&post=8511"}],"curies":[{"name":"wp","href":"https:\/\/api.w.org\/{rel}","templated":true}]}}