{"id":9488,"date":"2016-08-04T15:34:20","date_gmt":"2016-08-04T13:34:20","guid":{"rendered":"http:\/\/www.film-felix.com\/?product=vienna-litfass-caravaggio-70842"},"modified":"2020-04-18T21:13:08","modified_gmt":"2020-04-18T19:13:08","slug":"vienna-litfass-caravaggio-70842","status":"publish","type":"product","link":"http:\/\/www.film-felix.com\/?product=vienna-litfass-caravaggio-70842","title":{"rendered":"Vienna, Litfass Caravaggio 70842 Upright Size"},"content":{"rendered":"<p><span style=\"color: #000000;\">Vienna, Austria<\/span><\/p>\n<p><span style=\"color: #000000;\">A Litfass column (Columns with announcements inside. Rotating core, illuminated by night) on Ring Street.<br \/>\n<\/span><span style=\"color: #000000;\"><strong>Upright Size<\/strong>\u00a09:16<\/span><\/p>\n<p><span lang=\"zh-CN\" style=\"color: #000000;\">\u7ef4\u4e5f\u7eb3\uff0c\u5965\u5730\u5229\u3002 Ringstrasse\u6cbf\u7ebf\u7684\u5178\u578b\u7ef4\u4e5f\u7eb3Litfa\u00df\u5706\u67f1\u4e4b\u4e00\uff08\u91cc\u9762\u6709\u516c\u544a\u7684\u5706\u67f1\u3002\u65cb\u8f6c\u7684\u6838\u5fc3\uff0c\u5728\u591c\u95f4\u7167\u660e\uff09\u3002<\/span><\/p>\n<p><span lang=\"ru\" style=\"color: #000000;\">\u0412\u0435\u043d\u0430, \u0410\u0432\u0441\u0442\u0440\u0438\u044f. \u041e\u0434\u043d\u0430 \u0438\u0437 \u0442\u0438\u043f\u0438\u0447\u043d\u044b\u0445 \u0432\u0435\u043d\u0441\u043a\u0438\u0445 \u043a\u043e\u043b\u043e\u043d\u043d Litfa\u00df \u0432\u0434\u043e\u043b\u044c \u0420\u0438\u043d\u0433\u0448\u0442\u0440\u0430\u0441\u0441\u0435 (\u041a\u043e\u043b\u043e\u043d\u043d\u044b \u0441 \u043e\u0431\u044a\u044f\u0432\u043b\u0435\u043d\u0438\u044f\u043c\u0438 \u0432\u043d\u0443\u0442\u0440\u0438. \u0412\u0440\u0430\u0449\u0430\u044e\u0449\u0435\u0435\u0441\u044f \u044f\u0434\u0440\u043e, \u043e\u0441\u0432\u0435\u0449\u0435\u043d\u043d\u043e\u0435 \u043d\u043e\u0447\u044c\u044e).<\/span><\/p>\n<p><span lang=\"es\" style=\"color: #000000;\">Viena, Austria. Una de las columnas t\u00edpicas vienesas Litfa\u00df a lo largo de Ringstrasse (columnas con anuncios dentro. N\u00facleo giratorio, iluminado por la noche).<\/span><\/p>\n<p><span style=\"color: #000000;\">For other data formats or lengths please email me <span style=\"color: #0000ff;\"><a style=\"color: #0000ff;\" href=\"mailto:office@film-felix.com\" target=\"_blank\" rel=\"noopener\"><strong>here<\/strong><\/a><\/span>.<br \/>\n<\/span><\/p>\n<p><span style=\"color: #000000;\"><strong>YOUR FREE max. 20sec TRAILER DOWNLOAD<\/strong><\/span> <span style=\"color: #000000;\">comes zipped and with a text insert.<\/span><br \/>\n<span style=\"color: #000000;\">Download here a<\/span> <span style=\"color: #0000ff;\"><a style=\"color: #0000ff;\" href=\"http:\/\/film-felix.com\/wp-content\/uploads\/2016\/70842_hoch\/MOV_70842q_caravaggio_li_trailer_vidCon_480p_19s_mT.zip\" target=\"_blank\" rel=\"noopener\"><strong>MOV format approx. 3,5 M<\/strong><strong>B<\/strong>.<\/a><\/span><\/p>\n<p><span style=\"color: #000000;\">COMMERCIAL USE<\/span><br \/>\n<span style=\"color: #000000;\">For commercial use. <span style=\"color: #0000ff;\"><a style=\"color: #0000ff;\" href=\"http:\/\/www.film-felix.com\/?page_id=1185\" target=\"_blank\" rel=\"noopener\"><strong>What is commercial use?<\/strong><\/a><\/span><\/span><\/p>\n<p><span style=\"color: #999999;\">Litfa\u00df Litfas GREY Ringstra\u00dfe Ringstrase Ringstrasse<br \/>\n<\/span><\/p>\n","protected":false},"excerpt":{"rendered":"<p><span style=\"color: #000000;\"><span style=\"color: #ffffff;\">.<\/span><br \/>\nA Litfass column (Columns with announcements inside. Rotating core, illuminated by night) on Ring Street.<br \/>\n20 seconds video clip.<br \/>\n<\/span><\/p>\n<p><span style=\"color: #000000;\">A <span style=\"color: #0000ff;\"><strong><a style=\"color: #0000ff;\" href=\"http:\/\/www.film-felix.com\/?product=vienna-culture-all-year-round-upright\" target=\"_blank\" rel=\"noopener\">longplay medley of Litfass columns<\/a><\/strong><\/span> is available, Title: \u201cCulture all year round.\u201d Around 30 columns, all seasons, all times of the day.<\/span><\/p>\n<p>&nbsp;<\/p>\n<p><iframe loading=\"lazy\" src=\"https:\/\/www.youtube.com\/embed\/QuVtJfV_aqk\" width=\"560\" height=\"315\" frameborder=\"0\" allowfullscreen=\"allowfullscreen\"><\/iframe><\/p>\n<p>&nbsp;<\/p>\n<p><span style=\"color: #000000;\">Use the &#8220;Add to cart&#8221; button to buy the 20 seconds video clip.<br \/>\nHD Quality, <strong>Upright Size<\/strong> 9:16.<br \/>\nWinter season, early night.<br \/>\nOriginal environment sound.<br \/>\nM2TS video data format, <span style=\"color: #0000ff;\"><strong><a style=\"color: #0000ff;\" href=\"http:\/\/www.film-felix.com\/?page_id=1517\" target=\"_blank\" rel=\"noopener\">zipped<\/a><\/strong><\/span>. File size approx. 52 MB.<br \/>\nLicensed for private and for commercial use. <a href=\"http:\/\/www.film-felix.com\/?page_id=1185\" target=\"_blank\" rel=\"noopener\"><span style=\"color: #0000ff;\"><strong>What is private use? What is commercial use?<\/strong><\/span><\/a><br \/>\n<\/span><\/p>\n","protected":false},"featured_media":9489,"comment_status":"open","ping_status":"closed","template":"","meta":{"_seopress_robots_primary_cat":"","_seopress_titles_title":"","_seopress_titles_desc":"","_seopress_robots_index":"","_et_pb_use_builder":"","_et_pb_old_content":"","_et_gb_content_width":""},"product_brand":[],"product_cat":[511,536,220,223,230,232,245,530],"product_tag":[29,33,34,207,46,206,306,505,510,117,123],"class_list":{"0":"post-9488","1":"product","2":"type-product","3":"status-publish","4":"has-post-thumbnail","6":"product_cat-alle-2016","7":"product_cat-grey","8":"product_cat-upright","9":"product_cat-upr_austria","10":"product_cat-upr_dark","11":"product_cat-upr_evening","12":"product_cat-upr-vienna","13":"product_cat-upr-litfass","14":"product_tag-center","15":"product_tag-ciudad","16":"product_tag-clip","17":"product_tag-culture","18":"product_tag-europe","19":"product_tag-litfass","20":"product_tag-medley","21":"product_tag-austria","22":"product_tag-vienna","23":"product_tag-viena","24":"product_tag-wien","26":"first","27":"instock","28":"downloadable","29":"virtual","30":"sold-individually","31":"taxable","32":"purchasable","33":"product-type-simple"},"_links":{"self":[{"href":"http:\/\/www.film-felix.com\/index.php?rest_route=\/wp\/v2\/product\/9488","targetHints":{"allow":["GET"]}}],"collection":[{"href":"http:\/\/www.film-felix.com\/index.php?rest_route=\/wp\/v2\/product"}],"about":[{"href":"http:\/\/www.film-felix.com\/index.php?rest_route=\/wp\/v2\/types\/product"}],"replies":[{"embeddable":true,"href":"http:\/\/www.film-felix.com\/index.php?rest_route=%2Fwp%2Fv2%2Fcomments&post=9488"}],"wp:featuredmedia":[{"embeddable":true,"href":"http:\/\/www.film-felix.com\/index.php?rest_route=\/wp\/v2\/media\/9489"}],"wp:attachment":[{"href":"http:\/\/www.film-felix.com\/index.php?rest_route=%2Fwp%2Fv2%2Fmedia&parent=9488"}],"wp:term":[{"taxonomy":"product_brand","embeddable":true,"href":"http:\/\/www.film-felix.com\/index.php?rest_route=%2Fwp%2Fv2%2Fproduct_brand&post=9488"},{"taxonomy":"product_cat","embeddable":true,"href":"http:\/\/www.film-felix.com\/index.php?rest_route=%2Fwp%2Fv2%2Fproduct_cat&post=9488"},{"taxonomy":"product_tag","embeddable":true,"href":"http:\/\/www.film-felix.com\/index.php?rest_route=%2Fwp%2Fv2%2Fproduct_tag&post=9488"}],"curies":[{"name":"wp","href":"https:\/\/api.w.org\/{rel}","templated":true}]}}